{"id":531,"date":"2016-07-19T15:54:31","date_gmt":"2016-07-19T13:54:31","guid":{"rendered":"https:\/\/bluecup.nl\/bluecup\/"},"modified":"2020-03-20T00:13:04","modified_gmt":"2020-03-19T23:13:04","slug":"bluecup","status":"publish","type":"page","link":"https:\/\/bluecup.nl\/de\/","title":{"rendered":"Bluecup"},"content":{"rendered":"<h1>umweltfreundliche, nachf\u00fcllbare Kaffeekapsel<\/h1>\n<p>Bluecup ist eine <strong>umweltfreundliche, nachf\u00fcllbare Kaffeekapsel<\/strong> f\u00fcr deine Nespresso-Maschine. Du w\u00e4hlst deinen eigenen Bohnen- oder Mahlkaffee, bef\u00fcllst schnell und einfach deine Bluecup und legst sie in die Maschine ein. Das Ergebnis: Espresso nach deinem Geschmack!<\/p>\n","protected":false},"excerpt":{"rendered":"<p>umweltfreundliche, nachf\u00fcllbare Kaffeekapsel Bluecup ist eine umweltfreundliche, nachf\u00fcllbare Kaffeekapsel f\u00fcr deine Nespresso-Maschine. Du w\u00e4hlst deinen eigenen Bohnen- oder Mahlkaffee, bef\u00fcllst schnell und einfach deine Bluecup und legst sie in die Maschine ein. Das Ergebnis: Espresso nach deinem Geschmack!<\/p>\n","protected":false},"author":449,"featured_media":0,"parent":0,"menu_order":0,"comment_status":"closed","ping_status":"closed","template":"template-home.php","meta":{"_acf_changed":false,"footnotes":""},"class_list":["post-531","page","type-page","status-publish","hentry"],"acf":[],"yoast_head":"<!-- This site is optimized with the Yoast SEO plugin v27.3 - https:\/\/yoast.com\/product\/yoast-seo-wordpress\/ -->\n<title>Bluecup, nachf\u00fcllbare Nespresso Kaffeekapsel - bester Geschmack<\/title>\n<meta name=\"description\" content=\"Nachf\u00fcllbare Kapsel f\u00fcr Nespresso Kaffeemaschine - Wiederverwendbare, preiswerte Nespresso Kaffeekapseln f\u00fcr den besten Kaffeegenuss\" \/>\n<meta name=\"robots\" content=\"index, follow, max-snippet:-1, max-image-preview:large, max-video-preview:-1\" \/>\n<link rel=\"canonical\" href=\"https:\/\/bluecup.nl\/de\/\" \/>\n<meta property=\"og:locale\" content=\"de_DE\" \/>\n<meta property=\"og:type\" content=\"article\" \/>\n<meta property=\"og:title\" content=\"Bluecup, nachf\u00fcllbare Nespresso Kaffeekapsel - bester Geschmack\" \/>\n<meta property=\"og:description\" content=\"Nachf\u00fcllbare Kapsel f\u00fcr Nespresso Kaffeemaschine - Wiederverwendbare, preiswerte Nespresso Kaffeekapseln f\u00fcr den besten Kaffeegenuss\" \/>\n<meta property=\"og:url\" content=\"https:\/\/bluecup.nl\/de\/\" \/>\n<meta property=\"og:site_name\" content=\"Bluecup - reusable Nespresso pod\" \/>\n<meta property=\"article:publisher\" content=\"https:\/\/www.facebook.com\/cupyourcoffee\/\" \/>\n<meta property=\"article:modified_time\" content=\"2020-03-19T23:13:04+00:00\" \/>\n<meta name=\"twitter:card\" content=\"summary_large_image\" \/>\n<script type=\"application\/ld+json\" class=\"yoast-schema-graph\">{\"@context\":\"https:\\\/\\\/schema.org\",\"@graph\":[{\"@type\":\"WebPage\",\"@id\":\"https:\\\/\\\/bluecup.nl\\\/de\\\/\",\"url\":\"https:\\\/\\\/bluecup.nl\\\/de\\\/\",\"name\":\"Bluecup, nachf\u00fcllbare Nespresso Kaffeekapsel - bester Geschmack\",\"isPartOf\":{\"@id\":\"https:\\\/\\\/bluecup.nl\\\/#website\"},\"datePublished\":\"2016-07-19T13:54:31+00:00\",\"dateModified\":\"2020-03-19T23:13:04+00:00\",\"description\":\"Nachf\u00fcllbare Kapsel f\u00fcr Nespresso Kaffeemaschine - Wiederverwendbare, preiswerte Nespresso Kaffeekapseln f\u00fcr den besten Kaffeegenuss\",\"breadcrumb\":{\"@id\":\"https:\\\/\\\/bluecup.nl\\\/de\\\/#breadcrumb\"},\"inLanguage\":\"de\",\"potentialAction\":[{\"@type\":\"ReadAction\",\"target\":[\"https:\\\/\\\/bluecup.nl\\\/de\\\/\"]}]},{\"@type\":\"BreadcrumbList\",\"@id\":\"https:\\\/\\\/bluecup.nl\\\/de\\\/#breadcrumb\",\"itemListElement\":[{\"@type\":\"ListItem\",\"position\":1,\"name\":\"Home\",\"item\":\"https:\\\/\\\/bluecup.nl\\\/de\\\/\"},{\"@type\":\"ListItem\",\"position\":2,\"name\":\"Bluecup\"}]},{\"@type\":\"WebSite\",\"@id\":\"https:\\\/\\\/bluecup.nl\\\/#website\",\"url\":\"https:\\\/\\\/bluecup.nl\\\/\",\"name\":\"Bluecup - reusable Nespresso pod\",\"description\":\"Refillable, reusable Nespresso capsule\",\"publisher\":{\"@id\":\"https:\\\/\\\/bluecup.nl\\\/#organization\"},\"potentialAction\":[{\"@type\":\"SearchAction\",\"target\":{\"@type\":\"EntryPoint\",\"urlTemplate\":\"https:\\\/\\\/bluecup.nl\\\/?s={search_term_string}\"},\"query-input\":{\"@type\":\"PropertyValueSpecification\",\"valueRequired\":true,\"valueName\":\"search_term_string\"}}],\"inLanguage\":\"de\"},{\"@type\":\"Organization\",\"@id\":\"https:\\\/\\\/bluecup.nl\\\/#organization\",\"name\":\"Bluecup reusable Nespresso pods\",\"url\":\"https:\\\/\\\/bluecup.nl\\\/\",\"logo\":{\"@type\":\"ImageObject\",\"inLanguage\":\"de\",\"@id\":\"https:\\\/\\\/bluecup.nl\\\/#\\\/schema\\\/logo\\\/image\\\/\",\"url\":\"https:\\\/\\\/bluecup.nl\\\/wp\\\/wp-content\\\/uploads\\\/2018\\\/06\\\/Bluecup-Icoon.jpg\",\"contentUrl\":\"https:\\\/\\\/bluecup.nl\\\/wp\\\/wp-content\\\/uploads\\\/2018\\\/06\\\/Bluecup-Icoon.jpg\",\"width\":864,\"height\":884,\"caption\":\"Bluecup reusable Nespresso pods\"},\"image\":{\"@id\":\"https:\\\/\\\/bluecup.nl\\\/#\\\/schema\\\/logo\\\/image\\\/\"},\"sameAs\":[\"https:\\\/\\\/www.facebook.com\\\/cupyourcoffee\\\/\"]}]}<\/script>\n<!-- \/ Yoast SEO plugin. -->","yoast_head_json":{"title":"Bluecup, nachf\u00fcllbare Nespresso Kaffeekapsel - bester Geschmack","description":"Nachf\u00fcllbare Kapsel f\u00fcr Nespresso Kaffeemaschine - Wiederverwendbare, preiswerte Nespresso Kaffeekapseln f\u00fcr den besten Kaffeegenuss","robots":{"index":"index","follow":"follow","max-snippet":"max-snippet:-1","max-image-preview":"max-image-preview:large","max-video-preview":"max-video-preview:-1"},"canonical":"https:\/\/bluecup.nl\/de\/","og_locale":"de_DE","og_type":"article","og_title":"Bluecup, nachf\u00fcllbare Nespresso Kaffeekapsel - bester Geschmack","og_description":"Nachf\u00fcllbare Kapsel f\u00fcr Nespresso Kaffeemaschine - Wiederverwendbare, preiswerte Nespresso Kaffeekapseln f\u00fcr den besten Kaffeegenuss","og_url":"https:\/\/bluecup.nl\/de\/","og_site_name":"Bluecup - reusable Nespresso pod","article_publisher":"https:\/\/www.facebook.com\/cupyourcoffee\/","article_modified_time":"2020-03-19T23:13:04+00:00","twitter_card":"summary_large_image","schema":{"@context":"https:\/\/schema.org","@graph":[{"@type":"WebPage","@id":"https:\/\/bluecup.nl\/de\/","url":"https:\/\/bluecup.nl\/de\/","name":"Bluecup, nachf\u00fcllbare Nespresso Kaffeekapsel - bester Geschmack","isPartOf":{"@id":"https:\/\/bluecup.nl\/#website"},"datePublished":"2016-07-19T13:54:31+00:00","dateModified":"2020-03-19T23:13:04+00:00","description":"Nachf\u00fcllbare Kapsel f\u00fcr Nespresso Kaffeemaschine - Wiederverwendbare, preiswerte Nespresso Kaffeekapseln f\u00fcr den besten Kaffeegenuss","breadcrumb":{"@id":"https:\/\/bluecup.nl\/de\/#breadcrumb"},"inLanguage":"de","potentialAction":[{"@type":"ReadAction","target":["https:\/\/bluecup.nl\/de\/"]}]},{"@type":"BreadcrumbList","@id":"https:\/\/bluecup.nl\/de\/#breadcrumb","itemListElement":[{"@type":"ListItem","position":1,"name":"Home","item":"https:\/\/bluecup.nl\/de\/"},{"@type":"ListItem","position":2,"name":"Bluecup"}]},{"@type":"WebSite","@id":"https:\/\/bluecup.nl\/#website","url":"https:\/\/bluecup.nl\/","name":"Bluecup - reusable Nespresso pod","description":"Refillable, reusable Nespresso capsule","publisher":{"@id":"https:\/\/bluecup.nl\/#organization"},"potentialAction":[{"@type":"SearchAction","target":{"@type":"EntryPoint","urlTemplate":"https:\/\/bluecup.nl\/?s={search_term_string}"},"query-input":{"@type":"PropertyValueSpecification","valueRequired":true,"valueName":"search_term_string"}}],"inLanguage":"de"},{"@type":"Organization","@id":"https:\/\/bluecup.nl\/#organization","name":"Bluecup reusable Nespresso pods","url":"https:\/\/bluecup.nl\/","logo":{"@type":"ImageObject","inLanguage":"de","@id":"https:\/\/bluecup.nl\/#\/schema\/logo\/image\/","url":"https:\/\/bluecup.nl\/wp\/wp-content\/uploads\/2018\/06\/Bluecup-Icoon.jpg","contentUrl":"https:\/\/bluecup.nl\/wp\/wp-content\/uploads\/2018\/06\/Bluecup-Icoon.jpg","width":864,"height":884,"caption":"Bluecup reusable Nespresso pods"},"image":{"@id":"https:\/\/bluecup.nl\/#\/schema\/logo\/image\/"},"sameAs":["https:\/\/www.facebook.com\/cupyourcoffee\/"]}]}},"_links":{"self":[{"href":"https:\/\/bluecup.nl\/de\/wp-json\/wp\/v2\/pages\/531","targetHints":{"allow":["GET"]}}],"collection":[{"href":"https:\/\/bluecup.nl\/de\/wp-json\/wp\/v2\/pages"}],"about":[{"href":"https:\/\/bluecup.nl\/de\/wp-json\/wp\/v2\/types\/page"}],"author":[{"embeddable":true,"href":"https:\/\/bluecup.nl\/de\/wp-json\/wp\/v2\/users\/449"}],"replies":[{"embeddable":true,"href":"https:\/\/bluecup.nl\/de\/wp-json\/wp\/v2\/comments?post=531"}],"version-history":[{"count":5,"href":"https:\/\/bluecup.nl\/de\/wp-json\/wp\/v2\/pages\/531\/revisions"}],"predecessor-version":[{"id":2449,"href":"https:\/\/bluecup.nl\/de\/wp-json\/wp\/v2\/pages\/531\/revisions\/2449"}],"wp:attachment":[{"href":"https:\/\/bluecup.nl\/de\/wp-json\/wp\/v2\/media?parent=531"}],"curies":[{"name":"wp","href":"https:\/\/api.w.org\/{rel}","templated":true}]}}