{"id":539,"date":"2016-07-20T09:29:25","date_gmt":"2016-07-20T07:29:25","guid":{"rendered":"https:\/\/bluecup.nl\/about-us\/"},"modified":"2017-03-06T11:31:15","modified_gmt":"2017-03-06T10:31:15","slug":"uber-uns","status":"publish","type":"page","link":"https:\/\/bluecup.nl\/de\/uber-uns\/","title":{"rendered":"\u00dcber uns"},"content":{"rendered":"<h2>Unsere Philosophie ist deine Philosophie<\/h2>\n<p>Bluecup ist eine Initiative von leidenschaftlichen Espressogenie\u00dfern, die am liebsten Espresso aus einer Nespresso-Maschine trinken. M\u00e4nner mit gutem Geschmack, die dar\u00fcber hinaus auch ganz bewusst leben.<\/p>\n<p>Die Standardkapseln von Nespresso erschienen ihnen aus mehreren Gr\u00fcnden nicht optimal \u2013 sowohl hinsichtlich der Wahlfreiheit beim Kaffee als auch aufgrund von Umweltaspekten und des Preises pro Tasse.<\/p>\n<p>Sie w\u00fcnschten sich einen weniger umweltbelastenden Espresso aus dem Bohnen- oder Mahlkaffee ihrer Wahl. So begann eine innovative Suche, die schlie\u00dflich zur Entwicklung der Bluecup f\u00fchrte. Die patentierte Bluecup kann mit Fug und Recht als Revolution in der Espressozubereitung bezeichnet werden.<\/p>\n<p>So&#8230; Espresso yourself<\/p>\n","protected":false},"excerpt":{"rendered":"<p>Unsere Philosophie ist deine Philosophie Bluecup ist eine Initiative von leidenschaftlichen Espressogenie\u00dfern, die am liebsten Espresso aus einer Nespresso-Maschine trinken. M\u00e4nner mit gutem Geschmack, die dar\u00fcber hinaus auch ganz bewusst leben. Die Standardkapseln von Nespresso erschienen ihnen aus mehreren Gr\u00fcnden nicht optimal \u2013 sowohl hinsichtlich der Wahlfreiheit beim Kaffee als auch aufgrund von Umweltaspekten und &hellip; <a href=\"https:\/\/bluecup.nl\/de\/uber-uns\/\">Continued<\/a><\/p>\n","protected":false},"author":449,"featured_media":541,"parent":0,"menu_order":0,"comment_status":"closed","ping_status":"closed","template":"","meta":{"_acf_changed":false,"footnotes":""},"class_list":["post-539","page","type-page","status-publish","has-post-thumbnail","hentry"],"acf":[],"yoast_head":"<!-- This site is optimized with the Yoast SEO plugin v27.3 - https:\/\/yoast.com\/product\/yoast-seo-wordpress\/ -->\n<title>\u00dcber uns - Bluecup - reusable Nespresso pod<\/title>\n<meta name=\"robots\" content=\"index, follow, max-snippet:-1, max-image-preview:large, max-video-preview:-1\" \/>\n<link rel=\"canonical\" href=\"https:\/\/bluecup.nl\/de\/uber-uns\/\" \/>\n<meta property=\"og:locale\" content=\"de_DE\" \/>\n<meta property=\"og:type\" content=\"article\" \/>\n<meta property=\"og:title\" content=\"\u00dcber uns - Bluecup - reusable Nespresso pod\" \/>\n<meta property=\"og:description\" content=\"Unsere Philosophie ist deine Philosophie Bluecup ist eine Initiative von leidenschaftlichen Espressogenie\u00dfern, die am liebsten Espresso aus einer Nespresso-Maschine trinken. M\u00e4nner mit gutem Geschmack, die dar\u00fcber hinaus auch ganz bewusst leben. Die Standardkapseln von Nespresso erschienen ihnen aus mehreren Gr\u00fcnden nicht optimal \u2013 sowohl hinsichtlich der Wahlfreiheit beim Kaffee als auch aufgrund von Umweltaspekten und &hellip; Continued\" \/>\n<meta property=\"og:url\" content=\"https:\/\/bluecup.nl\/de\/uber-uns\/\" \/>\n<meta property=\"og:site_name\" content=\"Bluecup - reusable Nespresso pod\" \/>\n<meta property=\"article:publisher\" content=\"https:\/\/www.facebook.com\/cupyourcoffee\/\" \/>\n<meta property=\"article:modified_time\" content=\"2017-03-06T10:31:15+00:00\" \/>\n<meta property=\"og:image\" content=\"https:\/\/bluecup.nl\/wp\/wp-content\/uploads\/2016\/11\/barista.jpg\" \/>\n\t<meta property=\"og:image:width\" content=\"1280\" \/>\n\t<meta property=\"og:image:height\" content=\"853\" \/>\n\t<meta property=\"og:image:type\" content=\"image\/jpeg\" \/>\n<meta name=\"twitter:card\" content=\"summary_large_image\" \/>\n<meta name=\"twitter:label1\" content=\"Gesch\u00e4tzte Lesezeit\" \/>\n\t<meta name=\"twitter:data1\" content=\"1\u00a0Minute\" \/>\n<script type=\"application\/ld+json\" class=\"yoast-schema-graph\">{\"@context\":\"https:\\\/\\\/schema.org\",\"@graph\":[{\"@type\":\"WebPage\",\"@id\":\"https:\\\/\\\/bluecup.nl\\\/de\\\/uber-uns\\\/\",\"url\":\"https:\\\/\\\/bluecup.nl\\\/de\\\/uber-uns\\\/\",\"name\":\"\u00dcber uns - Bluecup - reusable Nespresso pod\",\"isPartOf\":{\"@id\":\"https:\\\/\\\/bluecup.nl\\\/#website\"},\"primaryImageOfPage\":{\"@id\":\"https:\\\/\\\/bluecup.nl\\\/de\\\/uber-uns\\\/#primaryimage\"},\"image\":{\"@id\":\"https:\\\/\\\/bluecup.nl\\\/de\\\/uber-uns\\\/#primaryimage\"},\"thumbnailUrl\":\"https:\\\/\\\/bluecup.nl\\\/wp\\\/wp-content\\\/uploads\\\/2016\\\/11\\\/barista.jpg\",\"datePublished\":\"2016-07-20T07:29:25+00:00\",\"dateModified\":\"2017-03-06T10:31:15+00:00\",\"breadcrumb\":{\"@id\":\"https:\\\/\\\/bluecup.nl\\\/de\\\/uber-uns\\\/#breadcrumb\"},\"inLanguage\":\"de\",\"potentialAction\":[{\"@type\":\"ReadAction\",\"target\":[\"https:\\\/\\\/bluecup.nl\\\/de\\\/uber-uns\\\/\"]}]},{\"@type\":\"ImageObject\",\"inLanguage\":\"de\",\"@id\":\"https:\\\/\\\/bluecup.nl\\\/de\\\/uber-uns\\\/#primaryimage\",\"url\":\"https:\\\/\\\/bluecup.nl\\\/wp\\\/wp-content\\\/uploads\\\/2016\\\/11\\\/barista.jpg\",\"contentUrl\":\"https:\\\/\\\/bluecup.nl\\\/wp\\\/wp-content\\\/uploads\\\/2016\\\/11\\\/barista.jpg\",\"width\":1280,\"height\":853},{\"@type\":\"BreadcrumbList\",\"@id\":\"https:\\\/\\\/bluecup.nl\\\/de\\\/uber-uns\\\/#breadcrumb\",\"itemListElement\":[{\"@type\":\"ListItem\",\"position\":1,\"name\":\"Home\",\"item\":\"https:\\\/\\\/bluecup.nl\\\/de\\\/\"},{\"@type\":\"ListItem\",\"position\":2,\"name\":\"\u00dcber uns\"}]},{\"@type\":\"WebSite\",\"@id\":\"https:\\\/\\\/bluecup.nl\\\/#website\",\"url\":\"https:\\\/\\\/bluecup.nl\\\/\",\"name\":\"Bluecup - reusable Nespresso pod\",\"description\":\"Refillable, reusable Nespresso capsule\",\"publisher\":{\"@id\":\"https:\\\/\\\/bluecup.nl\\\/#organization\"},\"potentialAction\":[{\"@type\":\"SearchAction\",\"target\":{\"@type\":\"EntryPoint\",\"urlTemplate\":\"https:\\\/\\\/bluecup.nl\\\/?s={search_term_string}\"},\"query-input\":{\"@type\":\"PropertyValueSpecification\",\"valueRequired\":true,\"valueName\":\"search_term_string\"}}],\"inLanguage\":\"de\"},{\"@type\":\"Organization\",\"@id\":\"https:\\\/\\\/bluecup.nl\\\/#organization\",\"name\":\"Bluecup reusable Nespresso pods\",\"url\":\"https:\\\/\\\/bluecup.nl\\\/\",\"logo\":{\"@type\":\"ImageObject\",\"inLanguage\":\"de\",\"@id\":\"https:\\\/\\\/bluecup.nl\\\/#\\\/schema\\\/logo\\\/image\\\/\",\"url\":\"https:\\\/\\\/bluecup.nl\\\/wp\\\/wp-content\\\/uploads\\\/2018\\\/06\\\/Bluecup-Icoon.jpg\",\"contentUrl\":\"https:\\\/\\\/bluecup.nl\\\/wp\\\/wp-content\\\/uploads\\\/2018\\\/06\\\/Bluecup-Icoon.jpg\",\"width\":864,\"height\":884,\"caption\":\"Bluecup reusable Nespresso pods\"},\"image\":{\"@id\":\"https:\\\/\\\/bluecup.nl\\\/#\\\/schema\\\/logo\\\/image\\\/\"},\"sameAs\":[\"https:\\\/\\\/www.facebook.com\\\/cupyourcoffee\\\/\"]}]}<\/script>\n<!-- \/ Yoast SEO plugin. -->","yoast_head_json":{"title":"\u00dcber uns - Bluecup - reusable Nespresso pod","robots":{"index":"index","follow":"follow","max-snippet":"max-snippet:-1","max-image-preview":"max-image-preview:large","max-video-preview":"max-video-preview:-1"},"canonical":"https:\/\/bluecup.nl\/de\/uber-uns\/","og_locale":"de_DE","og_type":"article","og_title":"\u00dcber uns - Bluecup - reusable Nespresso pod","og_description":"Unsere Philosophie ist deine Philosophie Bluecup ist eine Initiative von leidenschaftlichen Espressogenie\u00dfern, die am liebsten Espresso aus einer Nespresso-Maschine trinken. M\u00e4nner mit gutem Geschmack, die dar\u00fcber hinaus auch ganz bewusst leben. Die Standardkapseln von Nespresso erschienen ihnen aus mehreren Gr\u00fcnden nicht optimal \u2013 sowohl hinsichtlich der Wahlfreiheit beim Kaffee als auch aufgrund von Umweltaspekten und &hellip; Continued","og_url":"https:\/\/bluecup.nl\/de\/uber-uns\/","og_site_name":"Bluecup - reusable Nespresso pod","article_publisher":"https:\/\/www.facebook.com\/cupyourcoffee\/","article_modified_time":"2017-03-06T10:31:15+00:00","og_image":[{"width":1280,"height":853,"url":"https:\/\/bluecup.nl\/wp\/wp-content\/uploads\/2016\/11\/barista.jpg","type":"image\/jpeg"}],"twitter_card":"summary_large_image","twitter_misc":{"Gesch\u00e4tzte Lesezeit":"1\u00a0Minute"},"schema":{"@context":"https:\/\/schema.org","@graph":[{"@type":"WebPage","@id":"https:\/\/bluecup.nl\/de\/uber-uns\/","url":"https:\/\/bluecup.nl\/de\/uber-uns\/","name":"\u00dcber uns - Bluecup - reusable Nespresso pod","isPartOf":{"@id":"https:\/\/bluecup.nl\/#website"},"primaryImageOfPage":{"@id":"https:\/\/bluecup.nl\/de\/uber-uns\/#primaryimage"},"image":{"@id":"https:\/\/bluecup.nl\/de\/uber-uns\/#primaryimage"},"thumbnailUrl":"https:\/\/bluecup.nl\/wp\/wp-content\/uploads\/2016\/11\/barista.jpg","datePublished":"2016-07-20T07:29:25+00:00","dateModified":"2017-03-06T10:31:15+00:00","breadcrumb":{"@id":"https:\/\/bluecup.nl\/de\/uber-uns\/#breadcrumb"},"inLanguage":"de","potentialAction":[{"@type":"ReadAction","target":["https:\/\/bluecup.nl\/de\/uber-uns\/"]}]},{"@type":"ImageObject","inLanguage":"de","@id":"https:\/\/bluecup.nl\/de\/uber-uns\/#primaryimage","url":"https:\/\/bluecup.nl\/wp\/wp-content\/uploads\/2016\/11\/barista.jpg","contentUrl":"https:\/\/bluecup.nl\/wp\/wp-content\/uploads\/2016\/11\/barista.jpg","width":1280,"height":853},{"@type":"BreadcrumbList","@id":"https:\/\/bluecup.nl\/de\/uber-uns\/#breadcrumb","itemListElement":[{"@type":"ListItem","position":1,"name":"Home","item":"https:\/\/bluecup.nl\/de\/"},{"@type":"ListItem","position":2,"name":"\u00dcber uns"}]},{"@type":"WebSite","@id":"https:\/\/bluecup.nl\/#website","url":"https:\/\/bluecup.nl\/","name":"Bluecup - reusable Nespresso pod","description":"Refillable, reusable Nespresso capsule","publisher":{"@id":"https:\/\/bluecup.nl\/#organization"},"potentialAction":[{"@type":"SearchAction","target":{"@type":"EntryPoint","urlTemplate":"https:\/\/bluecup.nl\/?s={search_term_string}"},"query-input":{"@type":"PropertyValueSpecification","valueRequired":true,"valueName":"search_term_string"}}],"inLanguage":"de"},{"@type":"Organization","@id":"https:\/\/bluecup.nl\/#organization","name":"Bluecup reusable Nespresso pods","url":"https:\/\/bluecup.nl\/","logo":{"@type":"ImageObject","inLanguage":"de","@id":"https:\/\/bluecup.nl\/#\/schema\/logo\/image\/","url":"https:\/\/bluecup.nl\/wp\/wp-content\/uploads\/2018\/06\/Bluecup-Icoon.jpg","contentUrl":"https:\/\/bluecup.nl\/wp\/wp-content\/uploads\/2018\/06\/Bluecup-Icoon.jpg","width":864,"height":884,"caption":"Bluecup reusable Nespresso pods"},"image":{"@id":"https:\/\/bluecup.nl\/#\/schema\/logo\/image\/"},"sameAs":["https:\/\/www.facebook.com\/cupyourcoffee\/"]}]}},"_links":{"self":[{"href":"https:\/\/bluecup.nl\/de\/wp-json\/wp\/v2\/pages\/539","targetHints":{"allow":["GET"]}}],"collection":[{"href":"https:\/\/bluecup.nl\/de\/wp-json\/wp\/v2\/pages"}],"about":[{"href":"https:\/\/bluecup.nl\/de\/wp-json\/wp\/v2\/types\/page"}],"author":[{"embeddable":true,"href":"https:\/\/bluecup.nl\/de\/wp-json\/wp\/v2\/users\/449"}],"replies":[{"embeddable":true,"href":"https:\/\/bluecup.nl\/de\/wp-json\/wp\/v2\/comments?post=539"}],"version-history":[{"count":1,"href":"https:\/\/bluecup.nl\/de\/wp-json\/wp\/v2\/pages\/539\/revisions"}],"predecessor-version":[{"id":542,"href":"https:\/\/bluecup.nl\/de\/wp-json\/wp\/v2\/pages\/539\/revisions\/542"}],"wp:featuredmedia":[{"embeddable":true,"href":"https:\/\/bluecup.nl\/de\/wp-json\/wp\/v2\/media\/541"}],"wp:attachment":[{"href":"https:\/\/bluecup.nl\/de\/wp-json\/wp\/v2\/media?parent=539"}],"curies":[{"name":"wp","href":"https:\/\/api.w.org\/{rel}","templated":true}]}}