{"id":573,"date":"2017-02-08T13:43:43","date_gmt":"2017-02-08T12:43:43","guid":{"rendered":"https:\/\/bluecup.nl\/guaranty-and-complaints\/"},"modified":"2017-03-06T14:48:34","modified_gmt":"2017-03-06T13:48:34","slug":"kundeninformation","status":"publish","type":"page","link":"https:\/\/bluecup.nl\/de\/kundeninformation\/","title":{"rendered":"Kundeninformation"},"content":{"rendered":"<p><strong>Kundeninformationen zum Abschluss von Fernabsatzvertr\u00e4gen und weitergehende Informationen zum elektronischen Vertragsabschluss<\/strong><\/p>\n<p><strong>A. Kundeninformationen zum Abschluss von Fernabsatzvertr\u00e4gen<\/strong><\/p>\n<p>Die nachfolgenden Informationen f\u00fcr Fernabsatzvertr\u00e4ge stellen keine Vertragsbedingungen dar. Die Vertragsbedingungen sind in unseren <a href=\"https:\/\/bluecup.nl\/de\/agb\/\">Allgemeinen Gesch\u00e4ftsbedingungen<\/a>\u00a0enthalten.<\/p>\n<p>Alle Kundeninformationen erhalten Sie sp\u00e4testens bei Lieferung der Ware in Textform. Sie k\u00f6nnen sich diese Kundeninformationen auch ausdrucken oder abspeichern.<\/p>\n<p><strong>1. Identit\u00e4t des Anbieters<\/strong><\/p>\n<p>Sie schlie\u00dfen Fernabsatzvertr\u00e4ge mit der Firma<\/p>\n<p><strong>Bluecup B.V.<\/strong><br \/>\n<strong>&#8211; Gesch\u00e4ftsf\u00fchrer: Daan Wouterse und Mike Slagboom &#8211;<\/strong><br \/>\n<strong>Dorpsstraat 48 a<\/strong><br \/>\n<strong> 3641 ED Mijdrecht (Niederlande)<\/strong><br \/>\n<strong>Telefon: +31 297-254616<\/strong><br \/>\n<strong>E-Mail:\u00a0 <a href=\"mailto:info@bluecup.nl\">info@bluecup.nl<\/a><\/strong><br \/>\n<strong>Handelsregister Nr. 57347662 Kamer van Koophandel\u00a0<\/strong><br \/>\n<strong>Umsatzsteueridentifikationsnummer: NL852542069B01<\/strong><\/p>\n<p><strong>2. Produktauswahl und Vertragsschluss<\/strong><\/p>\n<p>Wenn Sie das gew\u00fcnschte Produkt gefunden haben, k\u00f6nnen Sie dieses unverbindlich durch Anklicken des Buttons [in den Warenkorb] in den Warenkorb legen. Den Inhalt des Warenkorbs k\u00f6nnen Sie jederzeit durch Anklicken des entsprechenden Links oder Buttons [unverbindlich ansehen. Sie k\u00f6nnen jederzeit Produkte wieder aus dem Warenkorb entfernen. Wenn Sie die Produkte im Warenkorb kaufen wollen, klicken Sie den Button \u201e<strong>Kaufen<\/strong>\u201c.<\/p>\n<p>Bei Bestellungen \u00fcber das Onlineformular auf unserer Webseite geben Sie nach Ausf\u00fcllen des elektronischen Bestellformulars (siehe unten B 1) durch Anklicken des Bestellbuttons ein verbindliches Angebot auf Abschluss eines Kaufvertrages ab. Der Kaufvertrag kommt erst dadurch zustande, dass wir dieses Angebot annehmen.<\/p>\n<p>Auch bei Bestellungen per Brief oder Fax kommt der Vertrag erst dadurch zustande, dass wir Ihr Angebot annehmen.<\/p>\n<p><strong>3. Lieferung und Liefervorbehalt<\/strong><\/p>\n<p>Wir liefern innerhalb Deutschlands.<\/p>\n<p>Ware, die am Lager ist, kommt innerhalb von 3 bis 4 Werktagen nach Empfang Ihrer Zahlung zum Versand, wenn Vorkasse vereinbart ist, ansonsten 3 bis 4 Werktagen nach der Bestellung, sofern nicht bei den einzelnen Produkten abweichende Lieferzeiten angegeben sind. L\u00e4ngere Lieferzeiten oder fehlende Lieferungsm\u00f6glichkeiten werden direkt bei den Produkten auf der Webseite angezeigt.<\/p>\n<p>Weitere Informationen zur Lieferung enthalten unsere Allgemeinen Gesch\u00e4ftsbedingungen.<\/p>\n<p><strong>4. Warenpreis<\/strong><\/p>\n<p>Alle angegebenen Preise sind Endpreise in EURO und enthalten die gesetzliche Mehrwertsteuer. Weitere Einzelheiten enthalten unsere Allgemeinen Gesch\u00e4ftsbedingungen Die nachfolgenden Informationen f\u00fcr Fernabsatzvertr\u00e4ge stellen keine Vertragsbedingungen dar. Die Vertragsbedingungen sind in unseren <a href=\"https:\/\/bluecup.nl\/de\/agb\/\">Allgemeinen Gesch\u00e4ftsbedingungen<\/a>\u00a0enthalten.<\/p>\n<p><strong>5. Liefer- und Versandkosten<\/strong><\/p>\n<p>Wir berechnen Versandkosten innerhalb Deutschlands entsprechend unserer <a href=\"https:\/\/bluecup.nl\/de\/versandkosten\/\">Versandkostenliste<\/a>.<\/p>\n<p><strong>Hinsendekosten:<\/strong><br \/>\nWenn Sie von Ihrem gesetzlichen Widerrufsrecht Gebrauch machen, erstatten wir Ihnen die Kosten der Zusendung der Ware von uns zu Ihnen.<\/p>\n<p>Sollte der Versand der bestellten Ware von uns zu Ihnen aufgrund des Bestellwertes Ihrer Bestellung f\u00fcr Sie kostenfrei sein und machen Sie bei mehreren bestellten Waren nur bez\u00fcglich eines Teils der Waren von Ihrem Widerrufsrecht Gebrauch, so dass der Teil der bei Ihnen verbleibenden Waren den Betrag der Versandkostenfreiheit nicht erreicht, so haben Sie die Hinsendekosten in der H\u00f6he zu tragen, wie sie angefallen w\u00e4ren, wenn Sie nur die bei Ihnen verbliebenen Waren bestellt h\u00e4tten.<\/p>\n<p><strong>R\u00fccksendekosten:<\/strong><br \/>\nIm Fall der Aus\u00fcbung des Widerrufsrechts tragen Sie die unmittelbaren Kosten der R\u00fccksendung der Waren.<\/p>\n<p><strong>6. Art und Weise der Zahlung<\/strong><\/p>\n<p>(1) Wir liefern gegen Vorkasse per Kreditkarte, SOFORT Banking, PayPal oder Bank\u00fcberweisung.<\/p>\n<p>Unsere Best\u00e4tigungs-E-Mail enth\u00e4lt Ihre komplette Bestellung inklusive der Bankverbindung, sofern erforderlich. F\u00fcgen Sie bitte immer Ihre Bestellnummer bei, wenn Sie Ihre \u00dcberweisung t\u00e4tigen.<\/p>\n<p>Ihre Zahlungen werden \u00fcber unseren Zahlungsdienstleister abgewickelt. Dieser erm\u00f6glicht Ihnen verschiedene Zahlm\u00f6glichkeiten. \u00dcberweisungen k\u00f6nnen online vorgenommen werden. Ihre Zahlungsdaten werden dabei verschl\u00fcsselt \u00fcber das Internet versandt, ohne dass wir Ihre Daten bekommen.<\/p>\n<p><strong>Kreditkarte<br \/>\n<\/strong>Zahlen mit der Kreditkarte funktioniert sehr einfach mit der von uns eingesetzten\u00a0 professionellen und registrierten Internet-Zahlungs-Gesellschaft. Wir erhalten keine einzige\u00a0 Kreditkarteninformation. Senden auch Sie uns bitte keine Kreditkarteninformationen. Die Belastung Ihres Kreditkartenkontos erfolgt mit Abschluss der Bestellung.<\/p>\n<p>Zahlung mit Bank\u00fcberweisung<\/p>\n<p>Die Bezahlung per Bank\u00fcberweisung soll auf folgendes Konto erfolgen:<\/p>\n<p>RABO Bank<br \/>\nKto-Nr.: 0306755947<br \/>\nIBAN: NL33RABO0306755947<br \/>\nBIC: RABONL2U<\/p>\n<p>F\u00fcr \u00dcberweisungen k\u00f6nnen auch die Dienste von <strong>SOFORT Banking oder PayPal<\/strong> in Anspruch genommen werden.<\/p>\n<p>Bei Zahlung \u00fcber PayPal ist eine Account bei PayPal n\u00f6tig, bei den anderen Zahlweisen erfolgt die Bezahlung \u00fcber ein Onlinebanking-Formular des Zahlungsproviders oder Ihrer Bank.<\/p>\n<p>Einzelheiten hinsichtlich der Erfassung und Verwertung Ihrer Daten finden Sie in der <a href=\"https:\/\/bluecup.nl\/de\/datenschutzerklaerung\/\">Datenschutzerkl\u00e4rung<\/a>.<\/p>\n<p>(2) Bei Bezahlung per vereinbarter Vorkasse erfolgt der Versand erst, wenn der Rechnungsbetrag vollst\u00e4ndig auf dem Konto des Verk\u00e4ufers gutgeschrieben ist.<\/p>\n<p><strong>7. Widerruf<\/strong><\/p>\n<p>Verbraucher haben ein 14-t\u00e4giges Widerrufsrecht. Einzelheiten zu Ihrem gesetzlichen Widerrufsrecht finden Sie\u00a0<a href=\"https:\/\/bluecup.nl\/de\/widerrufsbelehrung\/\">hier<\/a>.<\/p>\n<p>Das Widerrufsrecht besteht nicht bei Vertr\u00e4gen zur Lieferung von Waren, die schnell verderben k\u00f6nnen oder deren Verfallsdatum schnell \u00fcberschritten w\u00fcrde.<\/p>\n<p>Das Widerrufsrecht erlischt vorzeitig bei Vertr\u00e4gen zur Lieferung versiegelter Waren, die aus Gr\u00fcnden des Gesundheitsschutzes oder der Hygiene nicht zur R\u00fcckgabe geeignet sind, wenn ihre Versiegelung nach der Lieferung entfernt wurde;<\/p>\n<p><strong>8. Gew\u00e4hrleistungsbedingungen<\/strong><\/p>\n<p>Die Gew\u00e4hrleistungsfrist beim Verkauf von Waren an Verbraucher betr\u00e4gt bei neuen Waren 2 Jahre vom Empfang der Ware an. Gegen\u00fcber Unternehmen betr\u00e4gt die Gew\u00e4hrleistungsfrist 1 Jahr. Beim Verkauf gebrauchter Waren betr\u00e4gt die Gew\u00e4hrleistungsfrist f\u00fcr Verbraucher ebenfalls 1 Jahr.<\/p>\n<p>Ausgenommen von der Verk\u00fcrzung auf 1 Jahr sind Personen- und Gesundheitssch\u00e4den.<\/p>\n<p>Weitere Einzelheiten zur Gew\u00e4hrleistung finden Sie im Rahmen unserer <a href=\"https:\/\/bluecup.nl\/de\/agb\/\">Allgemeinen Gesch\u00e4ftsbedingungen<\/a>.<\/p>\n<p><strong>B &#8211; Weitergehende Kundeninformationen zum elektronischen Vertragsabschluss<\/strong><\/p>\n<p>Die nachfolgenden Informationen stellen keine Vertragsbedingungen dar. Die Vertragsbedingungen sind in unseren <a href=\"https:\/\/bluecup.nl\/de\/agb\/\">Allgemeinen Gesch\u00e4ftsbedingungen<\/a>\u00a0enthalten.<\/p>\n<p><strong>1. Wie funktioniert der Online-Vertragsabschluss mit uns?<\/strong><\/p>\n<p>Wenn Sie das gew\u00fcnschte Produkt gefunden haben, k\u00f6nnen Sie dieses unverbindlich durch Anklicken des Bestellbuttons in den Warenkorb legen. Den Inhalt des Warenkorbs k\u00f6nnen Sie sich jederzeit anzeigen lassen und ver\u00e4ndern.<\/p>\n<p><strong>2. Speicherung des Vertragstextes und Zugang f\u00fcr den Kunden<\/strong><\/p>\n<p>Wir speichern Ihre Bestelldaten und \u00fcbersenden Ihnen diese in der Zugangsbest\u00e4tigung per E-Mail. Unsere Allgemeinen Gesch\u00e4ftsbedingungen sowie die Belehrung \u00fcber Ihr R\u00fcckgaberecht erhalten Sie ebenfalls mit der Best\u00e4tigungs-E-Mail in Textform.<\/p>\n<p>Ihre vergangenen Bestellungen sind danach aus Sicherheitsgr\u00fcnden nicht mehr \u00fcber das Internet zug\u00e4nglich.<\/p>\n<p><strong>3. Eingabefehler<\/strong><\/p>\n<p>Sie k\u00f6nnen den Inhalt des Warenkorbs jederzeit ver\u00e4ndern. Den gesamten Bestellvorgang k\u00f6nnen Sie jederzeit durch Schlie\u00dfen des Browserfensters beenden.<\/p>\n<p><strong>4. Vertragssprache<\/strong><\/p>\n<p>Sie haben die M\u00f6glichkeit, Vertr\u00e4ge mit uns in deutscher Sprache abzuschlie\u00dfen.<\/p>\n","protected":false},"excerpt":{"rendered":"<p>Kundeninformationen zum Abschluss von Fernabsatzvertr\u00e4gen und weitergehende Informationen zum elektronischen Vertragsabschluss A. Kundeninformationen zum Abschluss von Fernabsatzvertr\u00e4gen Die nachfolgenden Informationen f\u00fcr Fernabsatzvertr\u00e4ge stellen keine Vertragsbedingungen dar. Die Vertragsbedingungen sind in unseren Allgemeinen Gesch\u00e4ftsbedingungen\u00a0enthalten. Alle Kundeninformationen erhalten Sie sp\u00e4testens bei Lieferung der Ware in Textform. Sie k\u00f6nnen sich diese Kundeninformationen auch ausdrucken oder abspeichern. 1. Identit\u00e4t &hellip; <a href=\"https:\/\/bluecup.nl\/de\/kundeninformation\/\">Continued<\/a><\/p>\n","protected":false},"author":449,"featured_media":0,"parent":0,"menu_order":0,"comment_status":"closed","ping_status":"closed","template":"template-custom.php","meta":{"_acf_changed":false,"footnotes":""},"class_list":["post-573","page","type-page","status-publish","hentry"],"acf":[],"yoast_head":"<!-- This site is optimized with the Yoast SEO plugin v27.3 - https:\/\/yoast.com\/product\/yoast-seo-wordpress\/ -->\n<title>Kundeninformation - Bluecup - reusable Nespresso pod<\/title>\n<meta name=\"description\" content=\"We encourage you to notify us of complaints by sending an email to info@bluecup.nl\" \/>\n<meta name=\"robots\" content=\"index, follow, max-snippet:-1, max-image-preview:large, max-video-preview:-1\" \/>\n<link rel=\"canonical\" href=\"https:\/\/bluecup.nl\/de\/kundeninformation\/\" \/>\n<meta property=\"og:locale\" content=\"de_DE\" \/>\n<meta property=\"og:type\" content=\"article\" \/>\n<meta property=\"og:title\" content=\"Kundeninformation - Bluecup - reusable Nespresso pod\" \/>\n<meta property=\"og:description\" content=\"We encourage you to notify us of complaints by sending an email to info@bluecup.nl\" \/>\n<meta property=\"og:url\" content=\"https:\/\/bluecup.nl\/de\/kundeninformation\/\" \/>\n<meta property=\"og:site_name\" content=\"Bluecup - reusable Nespresso pod\" \/>\n<meta property=\"article:publisher\" content=\"https:\/\/www.facebook.com\/cupyourcoffee\/\" \/>\n<meta property=\"article:modified_time\" content=\"2017-03-06T13:48:34+00:00\" \/>\n<meta name=\"twitter:card\" content=\"summary_large_image\" \/>\n<meta name=\"twitter:label1\" content=\"Gesch\u00e4tzte Lesezeit\" \/>\n\t<meta name=\"twitter:data1\" content=\"5\u00a0Minuten\" \/>\n<script type=\"application\/ld+json\" class=\"yoast-schema-graph\">{\"@context\":\"https:\\\/\\\/schema.org\",\"@graph\":[{\"@type\":\"WebPage\",\"@id\":\"https:\\\/\\\/bluecup.nl\\\/de\\\/kundeninformation\\\/\",\"url\":\"https:\\\/\\\/bluecup.nl\\\/de\\\/kundeninformation\\\/\",\"name\":\"Kundeninformation - Bluecup - reusable Nespresso pod\",\"isPartOf\":{\"@id\":\"https:\\\/\\\/bluecup.nl\\\/#website\"},\"datePublished\":\"2017-02-08T12:43:43+00:00\",\"dateModified\":\"2017-03-06T13:48:34+00:00\",\"description\":\"We encourage you to notify us of complaints by sending an email to info@bluecup.nl\",\"breadcrumb\":{\"@id\":\"https:\\\/\\\/bluecup.nl\\\/de\\\/kundeninformation\\\/#breadcrumb\"},\"inLanguage\":\"de\",\"potentialAction\":[{\"@type\":\"ReadAction\",\"target\":[\"https:\\\/\\\/bluecup.nl\\\/de\\\/kundeninformation\\\/\"]}]},{\"@type\":\"BreadcrumbList\",\"@id\":\"https:\\\/\\\/bluecup.nl\\\/de\\\/kundeninformation\\\/#breadcrumb\",\"itemListElement\":[{\"@type\":\"ListItem\",\"position\":1,\"name\":\"Home\",\"item\":\"https:\\\/\\\/bluecup.nl\\\/de\\\/\"},{\"@type\":\"ListItem\",\"position\":2,\"name\":\"Kundeninformation\"}]},{\"@type\":\"WebSite\",\"@id\":\"https:\\\/\\\/bluecup.nl\\\/#website\",\"url\":\"https:\\\/\\\/bluecup.nl\\\/\",\"name\":\"Bluecup - reusable Nespresso pod\",\"description\":\"Refillable, reusable Nespresso capsule\",\"publisher\":{\"@id\":\"https:\\\/\\\/bluecup.nl\\\/#organization\"},\"potentialAction\":[{\"@type\":\"SearchAction\",\"target\":{\"@type\":\"EntryPoint\",\"urlTemplate\":\"https:\\\/\\\/bluecup.nl\\\/?s={search_term_string}\"},\"query-input\":{\"@type\":\"PropertyValueSpecification\",\"valueRequired\":true,\"valueName\":\"search_term_string\"}}],\"inLanguage\":\"de\"},{\"@type\":\"Organization\",\"@id\":\"https:\\\/\\\/bluecup.nl\\\/#organization\",\"name\":\"Bluecup reusable Nespresso pods\",\"url\":\"https:\\\/\\\/bluecup.nl\\\/\",\"logo\":{\"@type\":\"ImageObject\",\"inLanguage\":\"de\",\"@id\":\"https:\\\/\\\/bluecup.nl\\\/#\\\/schema\\\/logo\\\/image\\\/\",\"url\":\"https:\\\/\\\/bluecup.nl\\\/wp\\\/wp-content\\\/uploads\\\/2018\\\/06\\\/Bluecup-Icoon.jpg\",\"contentUrl\":\"https:\\\/\\\/bluecup.nl\\\/wp\\\/wp-content\\\/uploads\\\/2018\\\/06\\\/Bluecup-Icoon.jpg\",\"width\":864,\"height\":884,\"caption\":\"Bluecup reusable Nespresso pods\"},\"image\":{\"@id\":\"https:\\\/\\\/bluecup.nl\\\/#\\\/schema\\\/logo\\\/image\\\/\"},\"sameAs\":[\"https:\\\/\\\/www.facebook.com\\\/cupyourcoffee\\\/\"]}]}<\/script>\n<!-- \/ Yoast SEO plugin. -->","yoast_head_json":{"title":"Kundeninformation - Bluecup - reusable Nespresso pod","description":"We encourage you to notify us of complaints by sending an email to info@bluecup.nl","robots":{"index":"index","follow":"follow","max-snippet":"max-snippet:-1","max-image-preview":"max-image-preview:large","max-video-preview":"max-video-preview:-1"},"canonical":"https:\/\/bluecup.nl\/de\/kundeninformation\/","og_locale":"de_DE","og_type":"article","og_title":"Kundeninformation - Bluecup - reusable Nespresso pod","og_description":"We encourage you to notify us of complaints by sending an email to info@bluecup.nl","og_url":"https:\/\/bluecup.nl\/de\/kundeninformation\/","og_site_name":"Bluecup - reusable Nespresso pod","article_publisher":"https:\/\/www.facebook.com\/cupyourcoffee\/","article_modified_time":"2017-03-06T13:48:34+00:00","twitter_card":"summary_large_image","twitter_misc":{"Gesch\u00e4tzte Lesezeit":"5\u00a0Minuten"},"schema":{"@context":"https:\/\/schema.org","@graph":[{"@type":"WebPage","@id":"https:\/\/bluecup.nl\/de\/kundeninformation\/","url":"https:\/\/bluecup.nl\/de\/kundeninformation\/","name":"Kundeninformation - Bluecup - reusable Nespresso pod","isPartOf":{"@id":"https:\/\/bluecup.nl\/#website"},"datePublished":"2017-02-08T12:43:43+00:00","dateModified":"2017-03-06T13:48:34+00:00","description":"We encourage you to notify us of complaints by sending an email to info@bluecup.nl","breadcrumb":{"@id":"https:\/\/bluecup.nl\/de\/kundeninformation\/#breadcrumb"},"inLanguage":"de","potentialAction":[{"@type":"ReadAction","target":["https:\/\/bluecup.nl\/de\/kundeninformation\/"]}]},{"@type":"BreadcrumbList","@id":"https:\/\/bluecup.nl\/de\/kundeninformation\/#breadcrumb","itemListElement":[{"@type":"ListItem","position":1,"name":"Home","item":"https:\/\/bluecup.nl\/de\/"},{"@type":"ListItem","position":2,"name":"Kundeninformation"}]},{"@type":"WebSite","@id":"https:\/\/bluecup.nl\/#website","url":"https:\/\/bluecup.nl\/","name":"Bluecup - reusable Nespresso pod","description":"Refillable, reusable Nespresso capsule","publisher":{"@id":"https:\/\/bluecup.nl\/#organization"},"potentialAction":[{"@type":"SearchAction","target":{"@type":"EntryPoint","urlTemplate":"https:\/\/bluecup.nl\/?s={search_term_string}"},"query-input":{"@type":"PropertyValueSpecification","valueRequired":true,"valueName":"search_term_string"}}],"inLanguage":"de"},{"@type":"Organization","@id":"https:\/\/bluecup.nl\/#organization","name":"Bluecup reusable Nespresso pods","url":"https:\/\/bluecup.nl\/","logo":{"@type":"ImageObject","inLanguage":"de","@id":"https:\/\/bluecup.nl\/#\/schema\/logo\/image\/","url":"https:\/\/bluecup.nl\/wp\/wp-content\/uploads\/2018\/06\/Bluecup-Icoon.jpg","contentUrl":"https:\/\/bluecup.nl\/wp\/wp-content\/uploads\/2018\/06\/Bluecup-Icoon.jpg","width":864,"height":884,"caption":"Bluecup reusable Nespresso pods"},"image":{"@id":"https:\/\/bluecup.nl\/#\/schema\/logo\/image\/"},"sameAs":["https:\/\/www.facebook.com\/cupyourcoffee\/"]}]}},"_links":{"self":[{"href":"https:\/\/bluecup.nl\/de\/wp-json\/wp\/v2\/pages\/573","targetHints":{"allow":["GET"]}}],"collection":[{"href":"https:\/\/bluecup.nl\/de\/wp-json\/wp\/v2\/pages"}],"about":[{"href":"https:\/\/bluecup.nl\/de\/wp-json\/wp\/v2\/types\/page"}],"author":[{"embeddable":true,"href":"https:\/\/bluecup.nl\/de\/wp-json\/wp\/v2\/users\/449"}],"replies":[{"embeddable":true,"href":"https:\/\/bluecup.nl\/de\/wp-json\/wp\/v2\/comments?post=573"}],"version-history":[{"count":2,"href":"https:\/\/bluecup.nl\/de\/wp-json\/wp\/v2\/pages\/573\/revisions"}],"predecessor-version":[{"id":638,"href":"https:\/\/bluecup.nl\/de\/wp-json\/wp\/v2\/pages\/573\/revisions\/638"}],"wp:attachment":[{"href":"https:\/\/bluecup.nl\/de\/wp-json\/wp\/v2\/media?parent=573"}],"curies":[{"name":"wp","href":"https:\/\/api.w.org\/{rel}","templated":true}]}}