{"id":574,"date":"2017-02-08T13:42:50","date_gmt":"2017-02-08T12:42:50","guid":{"rendered":"https:\/\/bluecup.nl\/levertijd-en-verzendkosten\/"},"modified":"2022-04-29T00:41:55","modified_gmt":"2022-04-28T22:41:55","slug":"versandkosten","status":"publish","type":"page","link":"https:\/\/bluecup.nl\/de\/versandkosten\/","title":{"rendered":"Versandkosten"},"content":{"rendered":"<p>Die Versandkosten f\u00fcr unser Liefergebiet Deutschland betragen f\u00fcr unsere Kunden \u2013 bis zu einem Bestellwert von 70,00 Euro \u2013 pro Bestellung 7,50 Euro. Ist der Wert der Bestellung h\u00f6her, erfolgt die Lieferung innerhalb der Bundesrepublik Deutschland kostenfrei.<\/p>\n<p><strong>Hinsendekosten<\/strong><br \/>\nWenn Sie von Ihrem gesetzlichen Widerrufsrecht Gebrauch machen, erstatten wir Ihnen die Kosten der Zusendung der Ware von uns zu Ihnen.<\/p>\n<p>Sollte der Versand der bestellten Ware von uns zu Ihnen aufgrund des Bestellwertes Ihrer Bestellung f\u00fcr Sie kostenfrei sein und machen Sie bei mehreren bestellten Waren nur bez\u00fcglich eines Teils der Waren von Ihrem Widerrufsrecht Gebrauch, so dass der Teil der bei Ihnen verbleibenden Waren den Betrag der Versandkostenfreiheit nicht erreicht, so haben Sie die Hinsendekosten in der H\u00f6he zu tragen, wie sie angefallen w\u00e4ren, wenn Sie nur die bei Ihnen verbliebenen Waren bestellt h\u00e4tten.<\/p>\n<p><strong>R\u00fccksendekosten<\/strong><br \/>\nIm Fall der Aus\u00fcbung des Widerrufsrechts tragen Sie die unmittelbaren Kosten der R\u00fccksendung der Waren.<\/p>\n","protected":false},"excerpt":{"rendered":"<p>Die Versandkosten f\u00fcr unser Liefergebiet Deutschland betragen f\u00fcr unsere Kunden \u2013 bis zu einem Bestellwert von 70,00 Euro \u2013 pro Bestellung 7,50 Euro. Ist der Wert der Bestellung h\u00f6her, erfolgt die Lieferung innerhalb der Bundesrepublik Deutschland kostenfrei. Hinsendekosten Wenn Sie von Ihrem gesetzlichen Widerrufsrecht Gebrauch machen, erstatten wir Ihnen die Kosten der Zusendung der Ware &hellip; <a href=\"https:\/\/bluecup.nl\/de\/versandkosten\/\">Continued<\/a><\/p>\n","protected":false},"author":449,"featured_media":0,"parent":0,"menu_order":0,"comment_status":"closed","ping_status":"closed","template":"template-custom.php","meta":{"_acf_changed":false,"footnotes":""},"class_list":["post-574","page","type-page","status-publish","hentry"],"acf":[],"yoast_head":"<!-- This site is optimized with the Yoast SEO plugin v27.3 - https:\/\/yoast.com\/product\/yoast-seo-wordpress\/ -->\n<title>Versandkosten - Bluecup - reusable Nespresso pod<\/title>\n<meta name=\"robots\" content=\"index, follow, max-snippet:-1, max-image-preview:large, max-video-preview:-1\" \/>\n<link rel=\"canonical\" href=\"https:\/\/bluecup.nl\/de\/versandkosten\/\" \/>\n<meta property=\"og:locale\" content=\"de_DE\" \/>\n<meta property=\"og:type\" content=\"article\" \/>\n<meta property=\"og:title\" content=\"Versandkosten - Bluecup - reusable Nespresso pod\" \/>\n<meta property=\"og:description\" content=\"Die Versandkosten f\u00fcr unser Liefergebiet Deutschland betragen f\u00fcr unsere Kunden \u2013 bis zu einem Bestellwert von 70,00 Euro \u2013 pro Bestellung 7,50 Euro. Ist der Wert der Bestellung h\u00f6her, erfolgt die Lieferung innerhalb der Bundesrepublik Deutschland kostenfrei. Hinsendekosten Wenn Sie von Ihrem gesetzlichen Widerrufsrecht Gebrauch machen, erstatten wir Ihnen die Kosten der Zusendung der Ware &hellip; Continued\" \/>\n<meta property=\"og:url\" content=\"https:\/\/bluecup.nl\/de\/versandkosten\/\" \/>\n<meta property=\"og:site_name\" content=\"Bluecup - reusable Nespresso pod\" \/>\n<meta property=\"article:publisher\" content=\"https:\/\/www.facebook.com\/cupyourcoffee\/\" \/>\n<meta property=\"article:modified_time\" content=\"2022-04-28T22:41:55+00:00\" \/>\n<meta name=\"twitter:card\" content=\"summary_large_image\" \/>\n<meta name=\"twitter:label1\" content=\"Gesch\u00e4tzte Lesezeit\" \/>\n\t<meta name=\"twitter:data1\" content=\"1\u00a0Minute\" \/>\n<script type=\"application\/ld+json\" class=\"yoast-schema-graph\">{\"@context\":\"https:\\\/\\\/schema.org\",\"@graph\":[{\"@type\":\"WebPage\",\"@id\":\"https:\\\/\\\/bluecup.nl\\\/de\\\/versandkosten\\\/\",\"url\":\"https:\\\/\\\/bluecup.nl\\\/de\\\/versandkosten\\\/\",\"name\":\"Versandkosten - Bluecup - reusable Nespresso pod\",\"isPartOf\":{\"@id\":\"https:\\\/\\\/bluecup.nl\\\/#website\"},\"datePublished\":\"2017-02-08T12:42:50+00:00\",\"dateModified\":\"2022-04-28T22:41:55+00:00\",\"breadcrumb\":{\"@id\":\"https:\\\/\\\/bluecup.nl\\\/de\\\/versandkosten\\\/#breadcrumb\"},\"inLanguage\":\"de\",\"potentialAction\":[{\"@type\":\"ReadAction\",\"target\":[\"https:\\\/\\\/bluecup.nl\\\/de\\\/versandkosten\\\/\"]}]},{\"@type\":\"BreadcrumbList\",\"@id\":\"https:\\\/\\\/bluecup.nl\\\/de\\\/versandkosten\\\/#breadcrumb\",\"itemListElement\":[{\"@type\":\"ListItem\",\"position\":1,\"name\":\"Home\",\"item\":\"https:\\\/\\\/bluecup.nl\\\/de\\\/\"},{\"@type\":\"ListItem\",\"position\":2,\"name\":\"Versandkosten\"}]},{\"@type\":\"WebSite\",\"@id\":\"https:\\\/\\\/bluecup.nl\\\/#website\",\"url\":\"https:\\\/\\\/bluecup.nl\\\/\",\"name\":\"Bluecup - reusable Nespresso pod\",\"description\":\"Refillable, reusable Nespresso capsule\",\"publisher\":{\"@id\":\"https:\\\/\\\/bluecup.nl\\\/#organization\"},\"potentialAction\":[{\"@type\":\"SearchAction\",\"target\":{\"@type\":\"EntryPoint\",\"urlTemplate\":\"https:\\\/\\\/bluecup.nl\\\/?s={search_term_string}\"},\"query-input\":{\"@type\":\"PropertyValueSpecification\",\"valueRequired\":true,\"valueName\":\"search_term_string\"}}],\"inLanguage\":\"de\"},{\"@type\":\"Organization\",\"@id\":\"https:\\\/\\\/bluecup.nl\\\/#organization\",\"name\":\"Bluecup reusable Nespresso pods\",\"url\":\"https:\\\/\\\/bluecup.nl\\\/\",\"logo\":{\"@type\":\"ImageObject\",\"inLanguage\":\"de\",\"@id\":\"https:\\\/\\\/bluecup.nl\\\/#\\\/schema\\\/logo\\\/image\\\/\",\"url\":\"https:\\\/\\\/bluecup.nl\\\/wp\\\/wp-content\\\/uploads\\\/2018\\\/06\\\/Bluecup-Icoon.jpg\",\"contentUrl\":\"https:\\\/\\\/bluecup.nl\\\/wp\\\/wp-content\\\/uploads\\\/2018\\\/06\\\/Bluecup-Icoon.jpg\",\"width\":864,\"height\":884,\"caption\":\"Bluecup reusable Nespresso pods\"},\"image\":{\"@id\":\"https:\\\/\\\/bluecup.nl\\\/#\\\/schema\\\/logo\\\/image\\\/\"},\"sameAs\":[\"https:\\\/\\\/www.facebook.com\\\/cupyourcoffee\\\/\"]}]}<\/script>\n<!-- \/ Yoast SEO plugin. -->","yoast_head_json":{"title":"Versandkosten - Bluecup - reusable Nespresso pod","robots":{"index":"index","follow":"follow","max-snippet":"max-snippet:-1","max-image-preview":"max-image-preview:large","max-video-preview":"max-video-preview:-1"},"canonical":"https:\/\/bluecup.nl\/de\/versandkosten\/","og_locale":"de_DE","og_type":"article","og_title":"Versandkosten - Bluecup - reusable Nespresso pod","og_description":"Die Versandkosten f\u00fcr unser Liefergebiet Deutschland betragen f\u00fcr unsere Kunden \u2013 bis zu einem Bestellwert von 70,00 Euro \u2013 pro Bestellung 7,50 Euro. Ist der Wert der Bestellung h\u00f6her, erfolgt die Lieferung innerhalb der Bundesrepublik Deutschland kostenfrei. Hinsendekosten Wenn Sie von Ihrem gesetzlichen Widerrufsrecht Gebrauch machen, erstatten wir Ihnen die Kosten der Zusendung der Ware &hellip; Continued","og_url":"https:\/\/bluecup.nl\/de\/versandkosten\/","og_site_name":"Bluecup - reusable Nespresso pod","article_publisher":"https:\/\/www.facebook.com\/cupyourcoffee\/","article_modified_time":"2022-04-28T22:41:55+00:00","twitter_card":"summary_large_image","twitter_misc":{"Gesch\u00e4tzte Lesezeit":"1\u00a0Minute"},"schema":{"@context":"https:\/\/schema.org","@graph":[{"@type":"WebPage","@id":"https:\/\/bluecup.nl\/de\/versandkosten\/","url":"https:\/\/bluecup.nl\/de\/versandkosten\/","name":"Versandkosten - Bluecup - reusable Nespresso pod","isPartOf":{"@id":"https:\/\/bluecup.nl\/#website"},"datePublished":"2017-02-08T12:42:50+00:00","dateModified":"2022-04-28T22:41:55+00:00","breadcrumb":{"@id":"https:\/\/bluecup.nl\/de\/versandkosten\/#breadcrumb"},"inLanguage":"de","potentialAction":[{"@type":"ReadAction","target":["https:\/\/bluecup.nl\/de\/versandkosten\/"]}]},{"@type":"BreadcrumbList","@id":"https:\/\/bluecup.nl\/de\/versandkosten\/#breadcrumb","itemListElement":[{"@type":"ListItem","position":1,"name":"Home","item":"https:\/\/bluecup.nl\/de\/"},{"@type":"ListItem","position":2,"name":"Versandkosten"}]},{"@type":"WebSite","@id":"https:\/\/bluecup.nl\/#website","url":"https:\/\/bluecup.nl\/","name":"Bluecup - reusable Nespresso pod","description":"Refillable, reusable Nespresso capsule","publisher":{"@id":"https:\/\/bluecup.nl\/#organization"},"potentialAction":[{"@type":"SearchAction","target":{"@type":"EntryPoint","urlTemplate":"https:\/\/bluecup.nl\/?s={search_term_string}"},"query-input":{"@type":"PropertyValueSpecification","valueRequired":true,"valueName":"search_term_string"}}],"inLanguage":"de"},{"@type":"Organization","@id":"https:\/\/bluecup.nl\/#organization","name":"Bluecup reusable Nespresso pods","url":"https:\/\/bluecup.nl\/","logo":{"@type":"ImageObject","inLanguage":"de","@id":"https:\/\/bluecup.nl\/#\/schema\/logo\/image\/","url":"https:\/\/bluecup.nl\/wp\/wp-content\/uploads\/2018\/06\/Bluecup-Icoon.jpg","contentUrl":"https:\/\/bluecup.nl\/wp\/wp-content\/uploads\/2018\/06\/Bluecup-Icoon.jpg","width":864,"height":884,"caption":"Bluecup reusable Nespresso pods"},"image":{"@id":"https:\/\/bluecup.nl\/#\/schema\/logo\/image\/"},"sameAs":["https:\/\/www.facebook.com\/cupyourcoffee\/"]}]}},"_links":{"self":[{"href":"https:\/\/bluecup.nl\/de\/wp-json\/wp\/v2\/pages\/574","targetHints":{"allow":["GET"]}}],"collection":[{"href":"https:\/\/bluecup.nl\/de\/wp-json\/wp\/v2\/pages"}],"about":[{"href":"https:\/\/bluecup.nl\/de\/wp-json\/wp\/v2\/types\/page"}],"author":[{"embeddable":true,"href":"https:\/\/bluecup.nl\/de\/wp-json\/wp\/v2\/users\/449"}],"replies":[{"embeddable":true,"href":"https:\/\/bluecup.nl\/de\/wp-json\/wp\/v2\/comments?post=574"}],"version-history":[{"count":3,"href":"https:\/\/bluecup.nl\/de\/wp-json\/wp\/v2\/pages\/574\/revisions"}],"predecessor-version":[{"id":3988,"href":"https:\/\/bluecup.nl\/de\/wp-json\/wp\/v2\/pages\/574\/revisions\/3988"}],"wp:attachment":[{"href":"https:\/\/bluecup.nl\/de\/wp-json\/wp\/v2\/media?parent=574"}],"curies":[{"name":"wp","href":"https:\/\/api.w.org\/{rel}","templated":true}]}}