{"id":576,"date":"2017-01-19T12:05:35","date_gmt":"2017-01-19T11:05:35","guid":{"rendered":"https:\/\/bluecup.nl\/terms-and-conditions\/"},"modified":"2017-03-16T12:54:35","modified_gmt":"2017-03-16T11:54:35","slug":"agb","status":"publish","type":"page","link":"https:\/\/bluecup.nl\/de\/agb\/","title":{"rendered":"AGB"},"content":{"rendered":"<p><strong>Allgemeine Gesch\u00e4ftsbedingungen<br \/>\n<\/strong><strong>der Firma Bluecup B.V.<\/strong><\/p>\n<ul>\n<li><a href=\"https:\/\/bluecup.nl\/wp\/wp-content\/uploads\/2017\/03\/Bluecup_AGB-2017-3.pdf\" target=\"_blank\">Download\u00a0AGB (pdf)<\/a><\/li>\n<\/ul>\n<p>Dorpsstraat 48 a<br \/>\n3641 ED Mijdrecht (Niederlande)<br \/>\nTelefon: +31 297-254616<br \/>\nE-Mail: <a href=\"mailto:info@bluecup.nl\">info@bluecup.nl<\/a><br \/>\nHandelsregister Nr. 57347662 Kamer van Koophandel<br \/>\nUmsatzsteueridentifikationsnummer: NL852542069B01<\/p>\n<p>&#8211; gesetzlich vertreten durch die Gesch\u00e4ftsf\u00fchrer Daan Wouterse und Mike Slagboom und nachfolgend <strong>Bluecup<\/strong> genannt -.<\/p>\n<p>Die nachfolgenden Gesch\u00e4ftsbedingungen sind in deutscher Sprache verfasst und k\u00f6nnen von dem Kunden in seinen Arbeitsspeicher geladen werden. Auf Wunsch k\u00f6nnen sie unter www.bluecup.nl bzw. unter der E-Mail-Adresse <a href=\"mailto:info@bluecup.nl\">info@bluecup.nl<\/a> in digitaler oder schriftlicher Form angefordert werden. Sie werden dem Kunden zus\u00e4tzlich mit jeder Einkaufsbest\u00e4tigung als PDF-Datei ausgeh\u00e4ndigt.<\/p>\n<p>Die ladungsf\u00e4hige Anschrift von Bluecup sowie der Vertretungsberechtigte von Bluecup k\u00f6nnen insbesondere der Einkaufsbest\u00e4tigung entnommen werden.<\/p>\n<p><strong>Pr\u00e4ambel<\/strong><\/p>\n<p>Bluecup betreibt zu gewerblichen Zwecken unter der Domain www.bluecup.nl eine Homepage. Bluecup bietet Kunden auf dieser Website Produkte, haupts\u00e4chlich Cupcreator, wiederbef\u00fcllbare Kaffeekapseln und Aluminiumdeckel zum Selbstbef\u00fcllen f\u00fcr Nespresso- Kaffeeautomaten, zum Kauf \u00fcber das Internet an.<\/p>\n<p><strong>\u00a7 1 Produktauswahl<\/strong><\/p>\n<p>(1) Der Kunde hat die M\u00f6glichkeit, auf der oben genannten Website Produkte auszuw\u00e4hlen und zu bestellen.<\/p>\n<p>(2) Hinsichtlich jedes Produkts erh\u00e4lt der Kunde eine gesonderte Produktbeschreibung auf der jeweiligen Website.<\/p>\n<p>(3) Der Kunde kann die von ihm gew\u00fcnschten Produkte auf der Website anklicken. Diese werden in einem virtuellen Warenkorb gesammelt und der Kunde erh\u00e4lt zum Ende seines Einkaufs eine Zusammenstellung der Produkte zum Gesamtendpreis inklusive Mehrwertsteuer und Versandkosten.<\/p>\n<p>(4) Vor Versendung der Bestellung erm\u00f6glicht Bluecup dem Kunden, die Bestellung auf ihre inhaltliche Richtigkeit, insbesondere auf Preis und Menge, zu \u00fcberpr\u00fcfen und gegebenenfalls zu korrigieren.<\/p>\n<p><strong>\u00a7 2 Widerruf<\/strong><\/p>\n<p><strong>Widerrufsrecht f\u00fcr Verbraucher<\/strong><\/p>\n<p>Verbrauchern steht ein Widerrufsrecht nach folgender Ma\u00dfgabe zu, wobei Verbraucher jede nat\u00fcrliche Person ist, die ein Rechtsgesch\u00e4ft zu Zwecken abschlie\u00dft, die \u00fcberwiegend weder ihrer gewerblichen noch ihrer selbst\u00e4ndigen beruflichen T\u00e4tigkeit zugerechnet werden k\u00f6nnen.:<\/p>\n<p><strong>Widerrufsbelehrung<\/strong><\/p>\n<p><strong>Widerrufsrecht<\/strong><\/p>\n<p>Sie haben das Recht, binnen vierzehn Tagen ohne Angabe von Gr\u00fcnden diesen Vertrag zu widerrufen. Die Widerrufsfrist betr\u00e4gt vierzehn Tage ab dem Tage, an dem Sie oder ein von Ihnen benannter Dritter, der nicht der Bef\u00f6rderer ist, die letzte Ware in Besitz genommen haben bzw. hat.<\/p>\n<p>Um Ihr Widerrufsrecht auszu\u00fcben, m\u00fcssen Sie uns,<\/p>\n<p>Bluecup B.V.<br \/>\nDorpsstraat 48 a<br \/>\n3641 ED Mijdrecht (Niederlande)<br \/>\nTelefon: +31 297-254616<br \/>\nE-Mail: <a href=\"mailto:info@bluecup.nl\">info@bluecup.nl<\/a><\/p>\n<p>mittels einer eindeutigen Erkl\u00e4rung (z. B. ein mit der Post versandter Brief oder E-Mail) \u00fcber Ihren Entschluss, diesen Vertrag zu widerrufen, informieren. Sie k\u00f6nnen dazu das beigef\u00fcgte Muster-Widerrufsformular verwenden, das jedoch nicht vorgeschrieben ist. Zur Wahrung der Widerrufsfrist reicht es aus, dass Sie die Mitteilung \u00fcber die Aus\u00fcbung des Widerrufsrechts vor Ablauf der Widerrufsfrist absenden.<\/p>\n<p><strong>Folgen des Widerrufs<\/strong><\/p>\n<p>Wenn Sie diesen Vertrag widerrufen, haben wir Ihnen alle Zahlungen, die wir von Ihnen erhalten haben einschlie\u00dflich der Lieferkosten (mit Ausnahme der zus\u00e4tzlichen Kosten, die sich daraus ergeben, dass Sie eine andere Art der Lieferung als die von uns angebotene, g\u00fcnstigste Standardlieferung gew\u00e4hlt haben), unverz\u00fcglich und sp\u00e4testens binnen vierzehn Tagen ab dem Tag zur\u00fcckzuzahlen, an dem die Mitteilung \u00fcber Ihren Widerruf dieses Vertrags bei uns eingegangen ist. F\u00fcr diese R\u00fcckzahlung verwenden wir dasselbe Zahlungsmittel, das Sie bei der urspr\u00fcnglichen Transaktion eingesetzt haben, es sei denn, mit Ihnen wurde ausdr\u00fccklich etwas anderes vereinbart; in keinem Fall werden Ihnen wegen dieser R\u00fcckzahlung Entgelte berechnet.<\/p>\n<p>Wir k\u00f6nnen die R\u00fcckzahlung verweigern, bis wir die Waren wieder zur\u00fcckerhalten haben oder bis Sie den Nachweis erbracht haben, dass Sie die Waren zur\u00fcckgesandt haben, je nachdem, welches der fr\u00fchere Zeitpunkt ist.<\/p>\n<p>Sie haben die Waren unverz\u00fcglich und in jedem Fall sp\u00e4testens binnen vierzehn Tagen ab dem Tag, an dem Sie uns \u00fcber den Widerruf dieses Vertrags unterrichten, an uns zur\u00fcckzusenden oder zu \u00fcbergeben. Die Frist ist gewahrt, wenn Sie die Waren vor Ablauf der Frist von vierzehn Tagen absenden. Sie tragen die unmittelbaren Kosten der R\u00fccksendung der Waren.<\/p>\n<p>Sie m\u00fcssen f\u00fcr einen etwaigen Wertverlust der Waren nur aufkommen, wenn dieser Wertverlust auf einen zur Pr\u00fcfung der Beschaffenheit, Eigenschaften und Funktionsweise der Waren nicht notwendigen Umgang mit ihnen zur\u00fcckzuf\u00fchren ist.<\/p>\n<p><strong>Ausschluss und vorzeitiges Erl\u00f6schen des Widerrufsrechts<\/strong><\/p>\n<p><strong>Das Widerrufsrecht besteht nicht bei Vertr\u00e4gen zur Lieferung von Waren, die schnell verderben k\u00f6nnen oder deren Verfallsdatum schnell \u00fcberschritten w\u00fcrde.<\/strong><\/p>\n<p><strong>Das Widerrufsrecht erlischt vorzeitig bei Vertr\u00e4gen zur Lieferung versiegelter Waren, die aus Gr\u00fcnden des Gesundheitsschutzes oder der Hygiene nicht zur R\u00fcckgabe geeignet sind, wenn ihre Versiegelung nach der Lieferung entfernt<\/strong><\/p>\n<p><strong>wurde;<\/strong><\/p>\n<ul>\n<li><a href=\"https:\/\/bluecup.nl\/wp\/wp-content\/uploads\/2017\/03\/Widerrufsformular_offline.pdf\" target=\"_blank\">Download Widerrufsformular (pdf)<\/a><\/li>\n<\/ul>\n<div class=\"well\">\n<p><strong>Widerrufsformular<\/strong><\/p>\n<p>Wenn Sie den Vertrag widerrufen wollen, dann f\u00fcllen Sie bitte dieses Formular aus und senden es zur\u00fcck an:<\/p>\n<p><strong>Bluecup B.V.<\/strong><br \/>\n<strong> Dorpsstraat 48 a<\/strong><br \/>\n<strong> 3641 ED Mijdrecht (Niederlande)<\/strong><\/p>\n<p><strong>E-Mail: <a href=\"mailto:info@bluecup.nl\">info@bluecup.nl<\/a><\/strong><\/p>\n<p>Hiermit widerrufe(n)* ich\/wir den von mir\/uns* abgeschlossenen Vertrag \u00fcber den Kauf der\u00a0folgenden Waren* \/ die Erbringung der folgenden Dienstleistung* : ____________________________________ ____________________________________ ____________________________________<\/p>\n<p>bestellt am* \/ erhalten am* ____________________________________<br \/>\nName des\/der Verbraucher(s) ____________________________________<br \/>\nAnschrift des\/der Verbraucher(s) ____________________________________<\/p>\n<p>____________________________________<br \/>\n(Unterschrift des\/der Verbraucher(s)<\/p>\n<p>____________________________________<br \/>\n(Datum)<\/p>\n<p><strong>* Unzutreffendes streichen<\/strong><\/p>\n<\/div>\n<p><strong>Hinsendekosten:<br \/>\n<\/strong>Wenn Sie von Ihrem gesetzlichen Widerrufsrecht Gebrauch machen, erstatten wir Ihnen die Kosten der Zusendung der Ware von uns zu Ihnen.<\/p>\n<p>Sollte der Versand der bestellten Ware von uns zu Ihnen aufgrund des Bestellwertes Ihrer Bestellung f\u00fcr Sie kostenfrei sein und machen Sie bei mehreren bestellten Waren nur bez\u00fcglich eines Teils der Waren von Ihrem Widerrufsrecht Gebrauch, so dass der Teil der bei Ihnen verbleibenden Waren den Betrag der Versandkostenfreiheit nicht erreicht, so haben Sie die Hinsendekosten in der H\u00f6he zu tragen, wie sie angefallen w\u00e4ren, wenn Sie nur die bei Ihnen verbliebenen Waren bestellt h\u00e4tten.<\/p>\n<p><strong>R\u00fccksendekosten:<br \/>\n<\/strong>Im Fall der Aus\u00fcbung des Widerrufsrechts tragen Sie die unmittelbaren Kosten der R\u00fccksendung der Waren.<\/p>\n<div class=\"page\" title=\"Page 4\">\n<div class=\"layoutArea\">\n<div class=\"column\">\n<p><strong>\u00a7 3 Preise und Versandkosten<\/strong><\/p>\n<p>(1) Es gelten die Listenpreise im Zeitpunkt der Bestellung, wie sie auf den Internetseiten dargestellt wurden.<\/p>\n<p>(2) Die Preise verstehen sich ab Betriebssitz der Bluecup inklusive Mehrwertsteuer ohne Kosten f\u00fcr den Versand.<\/p>\n<p>(3) Die H\u00f6he der Versandkosten kann der <a href=\"https:\/\/bluecup.nl\/de\/levertijd-en-verzendkosten\/\">Versandkostenliste<\/a>\u00a0entnommen werden.<\/p>\n<p><strong>\u00a7 4 Vertragsschluss<\/strong><\/p>\n<p>(1) Die Darstellung der Produkte im Online-Shop stellt kein rechtlich bindendes Angebot, sondern einen unverbindlichen Online-Katalog dar. Durch Anklicken des Buttons<br \/>\n\u201eKaufen\u201c geben Sie eine verbindliche Bestellung der im Warenkorb enthaltenen Waren ab.<\/p>\n<p>Die Best\u00e4tigung des Eingangs Ihrer Bestellung erfolgt zusammen mit der Annahme der Bestellung unmittelbar nach dem Absenden durch automatisierte E-Mail. Mit dieser E-Mail- Best\u00e4tigung ist der Kaufvertrag zustande gekommen.<\/p>\n<p>(2) Sollte Bluecup innerhalb von 30 Tagen ab Bestellbest\u00e4tigung nicht geliefert haben, kann der Kunde den Vertrag ohne Einhaltung einer Frist k\u00fcndigen, ohne Bluecup zuvor in Verzug gesetzt zu haben.<\/p>\n<p>(3) Wir speichern den Vertragstext und senden Ihnen die Bestelldaten und unsere AGB per E-Mail zu. Ihre Bestelldaten sind aus Sicherheitsgr\u00fcnden nicht mehr \u00fcber das Internet zug\u00e4nglich.<\/p>\n<p><strong>\u00a7 5 Durchf\u00fchrung des Vertrags<\/strong><\/p>\n<p><strong>Auslieferung<br \/>\n<\/strong>Soweit die bestellten Produkte verf\u00fcgbar sind, wird Bluecup diese bei vereinbarter Vorkasse innerhalb von 3 bis 4 Werktage nach Zahlungseingang, ansonsten nach Eingang der Bestellung ausliefern, sofern bei den einzelnen Produkten nicht abweichende Lieferzeiten angegeben sind.<\/p>\n<p><strong>\u00c4nderungen, Erweiterungen, Begrenzungen der Bestellung<br \/>\n<\/strong>Bluecup stellt f\u00fcr Fragen des Kunden im Zusammenhang mit den Produkten eine Hotline zur Verf\u00fcgung. Diese Hotline steht dem Kunden w\u00f6chentlich 5 Tage (Montag bis Freitag) zu den \u00fcblichen Gesch\u00e4ftszeiten (10:00 bis 17:00 Uhr) zur Verf\u00fcgung. Hierauf wird Bluecup den Kunden nochmals auf der Rechnung gesondert aufmerksam machen.<\/p>\n<p><strong>Urheber- und Bildrechte<br \/>\n<\/strong>Die Inhalte auf unserer Webseite sind urheberrechtlich gesch\u00fctzt. Jegliche \u00fcber den reinen privaten Verbrauch hinaus gehende Verwendung von Inhalten, an denen wir Rechte haben oder Rechte erworben haben, insbesondere deren Ver\u00f6ffentlichung oder Verbreitung, auch in oder \u00fcber soziale Netzwerke, bedarf unserer ausdr\u00fccklichen vorherigen Zustimmung.<\/p>\n<p><strong>Verpackungen, Verpackungsmaterial<br \/>\n<\/strong>Wir sind entsprechend den Regelungen der Verpackungsverordnung verpflichtet, an einem f\u00fcr das Recycling von Verpackungsmaterial zertifizierten Betrieb des sog. dualen Systems angeschlossen zu sein.<\/p>\n<p>Verbraucher haben die M\u00f6glichkeit, die Verpackung in die Altpapiersammlung zu geben, zusammen mit alten Tageszeitungen usw. Notwendige stofffremde Anhaftungen, beispielsweise Klebeb\u00e4nder, Etiketten und der geringe Folienanteil, st\u00f6ren den Recycling- Prozess nicht.<\/p>\n<p><strong>\u00a7 6 Zahlungsbedingungen<\/strong><\/p>\n<p>(1) Bluecup stellt dem Kunden f\u00fcr die bestellte Ware eine Rechnung aus, die ihm bei Lieferung der Ware ausgeh\u00e4ndigt oder per E-Mail verschickt wird, sofern die entsprechenden Angaben nicht bereits in der Best\u00e4tigungs-E-Mail enthalten sind. Auf die \u00dcbersendung einer Rechnung in Papierform verzichtet der Kunde.<\/p>\n<p>Bluecup liefert gegen Vorkasse per Kreditkarte, SOFORT Banking, PayPal oder Bank\u00fcberweisung.<\/p>\n<p>Vorauszahlungen oder Auftr\u00e4ge zur Abbuchung von Kreditkarten werden bei der Rechnungsstellung ber\u00fccksichtigt. Die Belastung Ihres Kreditkartenkontos erfolgt mit Abschluss der Bestellung.<\/p>\n<p>Einzelheiten hinsichtlich der Erfassung und Verwertung Ihrer Daten finden Sie in der <a href=\"https:\/\/bluecup.nl\/de\/privacybeleid\/\">Datenschutzerkl\u00e4rung<\/a>.<\/p>\n<p>Die Zahlungen werden sicher \u00fcber unseren Zahlungsdienstleister ausgef\u00fchrt, der Ihnen die verschiedenen Zahlungsm\u00f6glichkeiten anbietet.<\/p>\n<p>(2) Preise auf der Rechnung sind stets Endkundenpreise inklusive Mehrwertsteuer. Unternehmern wird die Umsatzsteuer gesondert ausgewiesen.<\/p>\n<p>(3) Bei Zahlungsverzug ist der Kunde, der Verbraucher ist, verpflichtet, Verzugszinsen in H\u00f6he von 5 % \u00fcber dem Basiszinssatz an Bluecup zu bezahlen, es sei denn, dass Bluecup einen h\u00f6heren Zinssatz nachweisen kann. Bei Kunden, die Unternehmer sind, gilt Satz 1 mit der Ma\u00dfgabe, dass der Verzugszinssatz 8 % \u00fcber dem Basiszinssatz betr\u00e4gt.<\/p>\n<p><strong>\u00a7 7 Gew\u00e4hrleistung und Haftung<\/strong><\/p>\n<p>(1) M\u00e4ngel bez\u00fcglich des Produkts wird der Kunde Bluecup mitteilen und zus\u00e4tzlich das Produkt auf Kosten von Bluecup \u00fcbersenden.<\/p>\n<p>Die Gew\u00e4hrleistung des Anbieters richtet sich nach \u00a7\u00a7 433 ff. BGB und betr\u00e4gt bei neuen Waren gegen\u00fcber Verbrauchern 2 Jahre vom Empfang der Ware an. Im unternehmerischen Gesch\u00e4ftsverkehr ist die Gew\u00e4hrleistung auf ein Jahr begrenzt und Bluecup ist berechtigt, das Produkt nach ihrer Wahl zu reparieren oder kostenfreien Ersatz zu stellen.<\/p>\n<p>(2) Bluecup haftet<\/p>\n<ul>\n<li>in voller Schadensh\u00f6he bei grobem Verschulden ihrer Organe und leitenden Angestellten,<\/li>\n<li>dem Grunde nach bei jeder schuldhaften Verletzung wesentlicher Vertragspflichten,<\/li>\n<li>au\u00dferhalb solcher Pflichten dem Grunde nach auch f\u00fcr grobes Verschulden einfacherErf\u00fcllungsgehilfen, es sei denn, Bluecup kann sich kraft Handelsbrauch davonfreizeichnen,<\/li>\n<li>der H\u00f6he nach in den letzten beiden Fallgruppen auf Ersatz des typischenvorhersehbaren Schadens.<\/li>\n<\/ul>\n<p>Ein Mitverschulden des Kunden ist diesem anzurechnen.<\/p>\n<p>Die Haftung wegen Vorsatz, Garantie, Arglist und f\u00fcr Gesundheits- und Personensch\u00e4den sowie nach dem Produkthaftungsgesetz bleibt hiervon unber\u00fchrt.<\/p>\n<p><strong>\u00a7 8 H\u00f6here Gewalt<\/strong><\/p>\n<p>(1) F\u00fcr den Fall, dass Bluecup die geschuldete Leistung aufgrund h\u00f6herer Gewalt (insbesondere Krieg, Naturkatastrophen) nicht erbringen kann, ist sie f\u00fcr die Dauer der Verhinderung von ihren Leistungspflichten befreit.<\/p>\n<p>(2) Ist Bluecup die Ausf\u00fchrung der Bestellung bzw. Lieferung der Ware l\u00e4nger als einen Monat aufgrund h\u00f6herer Gewalt unm\u00f6glich, so ist der Kunde zum R\u00fccktritt vom Vertrag berechtigt.<\/p>\n<p><strong>\u00a7 9 Datenschutz<\/strong><\/p>\n<p>Bluecup wird s\u00e4mtliche datenschutzrechtlichen Erfordernisse, insbesondere die Vorgaben des Telemediengesetzes, beachten. N\u00e4heres kann der <a href=\"https:\/\/bluecup.nl\/de\/privacybeleid\/\">Datenschutzerkl\u00e4rung<\/a>\u00a0entnommen werden.<\/p>\n<p><strong>\u00a7 10 Schlussbestimmungen<\/strong><\/p>\n<p>(1) Vertragssprache ist Deutsch.<\/p>\n<p>(2) Sollte eine Bestimmung dieser Bedingungen nichtig sein oder werden, so tritt an ihre Stelle die gesetzliche Regelung.<\/p>\n<p>(3) Die Europ\u00e4ische Kommission stellt eine Plattform zur Online-Streitbeilegung (OS) bereit, die Sie <a href=\"http:\/\/ec.europa.eu\/consumers\/odr\/\" target=\"_blank\">hier<\/a>\u00a0finden. Zur Teilnahme an einem Streitbeilegungsverfahren vor einer Verbraucherschlichtungsstelle sind wir nicht verpflichtet und grunds\u00e4tzlich nicht bereit.<\/p>\n<\/div>\n<\/div>\n<\/div>\n","protected":false},"excerpt":{"rendered":"<p>Allgemeine Gesch\u00e4ftsbedingungen der Firma Bluecup B.V. Download\u00a0AGB (pdf) Dorpsstraat 48 a 3641 ED Mijdrecht (Niederlande) Telefon: +31 297-254616 E-Mail: info@bluecup.nl Handelsregister Nr. 57347662 Kamer van Koophandel Umsatzsteueridentifikationsnummer: NL852542069B01 &#8211; gesetzlich vertreten durch die Gesch\u00e4ftsf\u00fchrer Daan Wouterse und Mike Slagboom und nachfolgend Bluecup genannt -. Die nachfolgenden Gesch\u00e4ftsbedingungen sind in deutscher Sprache verfasst und k\u00f6nnen von &hellip; <a href=\"https:\/\/bluecup.nl\/de\/agb\/\">Continued<\/a><\/p>\n","protected":false},"author":449,"featured_media":560,"parent":0,"menu_order":0,"comment_status":"closed","ping_status":"closed","template":"template-custom.php","meta":{"_acf_changed":false,"footnotes":""},"class_list":["post-576","page","type-page","status-publish","has-post-thumbnail","hentry"],"acf":[],"yoast_head":"<!-- This site is optimized with the Yoast SEO plugin v27.3 - https:\/\/yoast.com\/product\/yoast-seo-wordpress\/ -->\n<title>AGB - Bluecup - reusable Nespresso pod<\/title>\n<meta name=\"robots\" content=\"index, follow, max-snippet:-1, max-image-preview:large, max-video-preview:-1\" \/>\n<link rel=\"canonical\" href=\"https:\/\/bluecup.nl\/de\/agb\/\" \/>\n<meta property=\"og:locale\" content=\"de_DE\" \/>\n<meta property=\"og:type\" content=\"article\" \/>\n<meta property=\"og:title\" content=\"AGB - Bluecup - reusable Nespresso pod\" \/>\n<meta property=\"og:description\" content=\"Allgemeine Gesch\u00e4ftsbedingungen der Firma Bluecup B.V. Download\u00a0AGB (pdf) Dorpsstraat 48 a 3641 ED Mijdrecht (Niederlande) Telefon: +31 297-254616 E-Mail: info@bluecup.nl Handelsregister Nr. 57347662 Kamer van Koophandel Umsatzsteueridentifikationsnummer: NL852542069B01 &#8211; gesetzlich vertreten durch die Gesch\u00e4ftsf\u00fchrer Daan Wouterse und Mike Slagboom und nachfolgend Bluecup genannt -. Die nachfolgenden Gesch\u00e4ftsbedingungen sind in deutscher Sprache verfasst und k\u00f6nnen von &hellip; Continued\" \/>\n<meta property=\"og:url\" content=\"https:\/\/bluecup.nl\/de\/agb\/\" \/>\n<meta property=\"og:site_name\" content=\"Bluecup - reusable Nespresso pod\" \/>\n<meta property=\"article:publisher\" content=\"https:\/\/www.facebook.com\/cupyourcoffee\/\" \/>\n<meta property=\"article:modified_time\" content=\"2017-03-16T11:54:35+00:00\" \/>\n<meta property=\"og:image\" content=\"https:\/\/bluecup.nl\/wp\/wp-content\/uploads\/2016\/07\/Shot24.jpg\" \/>\n\t<meta property=\"og:image:width\" content=\"1920\" \/>\n\t<meta property=\"og:image:height\" content=\"1080\" \/>\n\t<meta property=\"og:image:type\" content=\"image\/jpeg\" \/>\n<meta name=\"twitter:card\" content=\"summary_large_image\" \/>\n<meta name=\"twitter:label1\" content=\"Gesch\u00e4tzte Lesezeit\" \/>\n\t<meta name=\"twitter:data1\" content=\"9\u00a0Minuten\" \/>\n<script type=\"application\/ld+json\" class=\"yoast-schema-graph\">{\"@context\":\"https:\\\/\\\/schema.org\",\"@graph\":[{\"@type\":\"WebPage\",\"@id\":\"https:\\\/\\\/bluecup.nl\\\/de\\\/agb\\\/\",\"url\":\"https:\\\/\\\/bluecup.nl\\\/de\\\/agb\\\/\",\"name\":\"AGB - Bluecup - reusable Nespresso pod\",\"isPartOf\":{\"@id\":\"https:\\\/\\\/bluecup.nl\\\/#website\"},\"primaryImageOfPage\":{\"@id\":\"https:\\\/\\\/bluecup.nl\\\/de\\\/agb\\\/#primaryimage\"},\"image\":{\"@id\":\"https:\\\/\\\/bluecup.nl\\\/de\\\/agb\\\/#primaryimage\"},\"thumbnailUrl\":\"https:\\\/\\\/bluecup.nl\\\/wp\\\/wp-content\\\/uploads\\\/2016\\\/07\\\/Shot24.jpg\",\"datePublished\":\"2017-01-19T11:05:35+00:00\",\"dateModified\":\"2017-03-16T11:54:35+00:00\",\"breadcrumb\":{\"@id\":\"https:\\\/\\\/bluecup.nl\\\/de\\\/agb\\\/#breadcrumb\"},\"inLanguage\":\"de\",\"potentialAction\":[{\"@type\":\"ReadAction\",\"target\":[\"https:\\\/\\\/bluecup.nl\\\/de\\\/agb\\\/\"]}]},{\"@type\":\"ImageObject\",\"inLanguage\":\"de\",\"@id\":\"https:\\\/\\\/bluecup.nl\\\/de\\\/agb\\\/#primaryimage\",\"url\":\"https:\\\/\\\/bluecup.nl\\\/wp\\\/wp-content\\\/uploads\\\/2016\\\/07\\\/Shot24.jpg\",\"contentUrl\":\"https:\\\/\\\/bluecup.nl\\\/wp\\\/wp-content\\\/uploads\\\/2016\\\/07\\\/Shot24.jpg\",\"width\":1920,\"height\":1080},{\"@type\":\"BreadcrumbList\",\"@id\":\"https:\\\/\\\/bluecup.nl\\\/de\\\/agb\\\/#breadcrumb\",\"itemListElement\":[{\"@type\":\"ListItem\",\"position\":1,\"name\":\"Home\",\"item\":\"https:\\\/\\\/bluecup.nl\\\/de\\\/\"},{\"@type\":\"ListItem\",\"position\":2,\"name\":\"AGB\"}]},{\"@type\":\"WebSite\",\"@id\":\"https:\\\/\\\/bluecup.nl\\\/#website\",\"url\":\"https:\\\/\\\/bluecup.nl\\\/\",\"name\":\"Bluecup - reusable Nespresso pod\",\"description\":\"Refillable, reusable Nespresso capsule\",\"publisher\":{\"@id\":\"https:\\\/\\\/bluecup.nl\\\/#organization\"},\"potentialAction\":[{\"@type\":\"SearchAction\",\"target\":{\"@type\":\"EntryPoint\",\"urlTemplate\":\"https:\\\/\\\/bluecup.nl\\\/?s={search_term_string}\"},\"query-input\":{\"@type\":\"PropertyValueSpecification\",\"valueRequired\":true,\"valueName\":\"search_term_string\"}}],\"inLanguage\":\"de\"},{\"@type\":\"Organization\",\"@id\":\"https:\\\/\\\/bluecup.nl\\\/#organization\",\"name\":\"Bluecup reusable Nespresso pods\",\"url\":\"https:\\\/\\\/bluecup.nl\\\/\",\"logo\":{\"@type\":\"ImageObject\",\"inLanguage\":\"de\",\"@id\":\"https:\\\/\\\/bluecup.nl\\\/#\\\/schema\\\/logo\\\/image\\\/\",\"url\":\"https:\\\/\\\/bluecup.nl\\\/wp\\\/wp-content\\\/uploads\\\/2018\\\/06\\\/Bluecup-Icoon.jpg\",\"contentUrl\":\"https:\\\/\\\/bluecup.nl\\\/wp\\\/wp-content\\\/uploads\\\/2018\\\/06\\\/Bluecup-Icoon.jpg\",\"width\":864,\"height\":884,\"caption\":\"Bluecup reusable Nespresso pods\"},\"image\":{\"@id\":\"https:\\\/\\\/bluecup.nl\\\/#\\\/schema\\\/logo\\\/image\\\/\"},\"sameAs\":[\"https:\\\/\\\/www.facebook.com\\\/cupyourcoffee\\\/\"]}]}<\/script>\n<!-- \/ Yoast SEO plugin. -->","yoast_head_json":{"title":"AGB - Bluecup - reusable Nespresso pod","robots":{"index":"index","follow":"follow","max-snippet":"max-snippet:-1","max-image-preview":"max-image-preview:large","max-video-preview":"max-video-preview:-1"},"canonical":"https:\/\/bluecup.nl\/de\/agb\/","og_locale":"de_DE","og_type":"article","og_title":"AGB - Bluecup - reusable Nespresso pod","og_description":"Allgemeine Gesch\u00e4ftsbedingungen der Firma Bluecup B.V. Download\u00a0AGB (pdf) Dorpsstraat 48 a 3641 ED Mijdrecht (Niederlande) Telefon: +31 297-254616 E-Mail: info@bluecup.nl Handelsregister Nr. 57347662 Kamer van Koophandel Umsatzsteueridentifikationsnummer: NL852542069B01 &#8211; gesetzlich vertreten durch die Gesch\u00e4ftsf\u00fchrer Daan Wouterse und Mike Slagboom und nachfolgend Bluecup genannt -. Die nachfolgenden Gesch\u00e4ftsbedingungen sind in deutscher Sprache verfasst und k\u00f6nnen von &hellip; Continued","og_url":"https:\/\/bluecup.nl\/de\/agb\/","og_site_name":"Bluecup - reusable Nespresso pod","article_publisher":"https:\/\/www.facebook.com\/cupyourcoffee\/","article_modified_time":"2017-03-16T11:54:35+00:00","og_image":[{"width":1920,"height":1080,"url":"https:\/\/bluecup.nl\/wp\/wp-content\/uploads\/2016\/07\/Shot24.jpg","type":"image\/jpeg"}],"twitter_card":"summary_large_image","twitter_misc":{"Gesch\u00e4tzte Lesezeit":"9\u00a0Minuten"},"schema":{"@context":"https:\/\/schema.org","@graph":[{"@type":"WebPage","@id":"https:\/\/bluecup.nl\/de\/agb\/","url":"https:\/\/bluecup.nl\/de\/agb\/","name":"AGB - Bluecup - reusable Nespresso pod","isPartOf":{"@id":"https:\/\/bluecup.nl\/#website"},"primaryImageOfPage":{"@id":"https:\/\/bluecup.nl\/de\/agb\/#primaryimage"},"image":{"@id":"https:\/\/bluecup.nl\/de\/agb\/#primaryimage"},"thumbnailUrl":"https:\/\/bluecup.nl\/wp\/wp-content\/uploads\/2016\/07\/Shot24.jpg","datePublished":"2017-01-19T11:05:35+00:00","dateModified":"2017-03-16T11:54:35+00:00","breadcrumb":{"@id":"https:\/\/bluecup.nl\/de\/agb\/#breadcrumb"},"inLanguage":"de","potentialAction":[{"@type":"ReadAction","target":["https:\/\/bluecup.nl\/de\/agb\/"]}]},{"@type":"ImageObject","inLanguage":"de","@id":"https:\/\/bluecup.nl\/de\/agb\/#primaryimage","url":"https:\/\/bluecup.nl\/wp\/wp-content\/uploads\/2016\/07\/Shot24.jpg","contentUrl":"https:\/\/bluecup.nl\/wp\/wp-content\/uploads\/2016\/07\/Shot24.jpg","width":1920,"height":1080},{"@type":"BreadcrumbList","@id":"https:\/\/bluecup.nl\/de\/agb\/#breadcrumb","itemListElement":[{"@type":"ListItem","position":1,"name":"Home","item":"https:\/\/bluecup.nl\/de\/"},{"@type":"ListItem","position":2,"name":"AGB"}]},{"@type":"WebSite","@id":"https:\/\/bluecup.nl\/#website","url":"https:\/\/bluecup.nl\/","name":"Bluecup - reusable Nespresso pod","description":"Refillable, reusable Nespresso capsule","publisher":{"@id":"https:\/\/bluecup.nl\/#organization"},"potentialAction":[{"@type":"SearchAction","target":{"@type":"EntryPoint","urlTemplate":"https:\/\/bluecup.nl\/?s={search_term_string}"},"query-input":{"@type":"PropertyValueSpecification","valueRequired":true,"valueName":"search_term_string"}}],"inLanguage":"de"},{"@type":"Organization","@id":"https:\/\/bluecup.nl\/#organization","name":"Bluecup reusable Nespresso pods","url":"https:\/\/bluecup.nl\/","logo":{"@type":"ImageObject","inLanguage":"de","@id":"https:\/\/bluecup.nl\/#\/schema\/logo\/image\/","url":"https:\/\/bluecup.nl\/wp\/wp-content\/uploads\/2018\/06\/Bluecup-Icoon.jpg","contentUrl":"https:\/\/bluecup.nl\/wp\/wp-content\/uploads\/2018\/06\/Bluecup-Icoon.jpg","width":864,"height":884,"caption":"Bluecup reusable Nespresso pods"},"image":{"@id":"https:\/\/bluecup.nl\/#\/schema\/logo\/image\/"},"sameAs":["https:\/\/www.facebook.com\/cupyourcoffee\/"]}]}},"_links":{"self":[{"href":"https:\/\/bluecup.nl\/de\/wp-json\/wp\/v2\/pages\/576","targetHints":{"allow":["GET"]}}],"collection":[{"href":"https:\/\/bluecup.nl\/de\/wp-json\/wp\/v2\/pages"}],"about":[{"href":"https:\/\/bluecup.nl\/de\/wp-json\/wp\/v2\/types\/page"}],"author":[{"embeddable":true,"href":"https:\/\/bluecup.nl\/de\/wp-json\/wp\/v2\/users\/449"}],"replies":[{"embeddable":true,"href":"https:\/\/bluecup.nl\/de\/wp-json\/wp\/v2\/comments?post=576"}],"version-history":[{"count":5,"href":"https:\/\/bluecup.nl\/de\/wp-json\/wp\/v2\/pages\/576\/revisions"}],"predecessor-version":[{"id":675,"href":"https:\/\/bluecup.nl\/de\/wp-json\/wp\/v2\/pages\/576\/revisions\/675"}],"wp:featuredmedia":[{"embeddable":true,"href":"https:\/\/bluecup.nl\/de\/wp-json\/wp\/v2\/media\/560"}],"wp:attachment":[{"href":"https:\/\/bluecup.nl\/de\/wp-json\/wp\/v2\/media?parent=576"}],"curies":[{"name":"wp","href":"https:\/\/api.w.org\/{rel}","templated":true}]}}