{"id":577,"date":"2017-02-08T13:38:31","date_gmt":"2017-02-08T12:38:31","guid":{"rendered":"https:\/\/bluecup.nl\/right-of-withdrawal\/"},"modified":"2017-03-06T14:37:42","modified_gmt":"2017-03-06T13:37:42","slug":"widerrufsbelehrung","status":"publish","type":"page","link":"https:\/\/bluecup.nl\/de\/widerrufsbelehrung\/","title":{"rendered":"Widerrufsbelehrung"},"content":{"rendered":"<p><strong>Widerrufsrecht f\u00fcr Verbraucher<\/strong><\/p>\n<p>Verbrauchern steht ein Widerrufsrecht nach folgender Ma\u00dfgabe zu, wobei Verbraucher jede nat\u00fcrliche Person ist, die ein Rechtsgesch\u00e4ft zu Zwecken abschlie\u00dft, die \u00fcberwiegend weder ihrer gewerblichen noch ihrer selbst\u00e4ndigen beruflichen T\u00e4tigkeit zugerechnet werden k\u00f6nnen.:<\/p>\n<p><strong>Widerrufsbelehrung<\/strong><\/p>\n<p><strong>Widerrufsrecht<\/strong><\/p>\n<p>Sie haben das Recht, binnen vierzehn Tagen ohne Angabe von Gr\u00fcnden diesen Vertrag zu widerrufen. Die Widerrufsfrist betr\u00e4gt vierzehn Tage ab dem Tage, an dem Sie oder ein von Ihnen benannter Dritter, der nicht der Bef\u00f6rderer ist, die letzte Ware in Besitz genommen haben bzw. hat.<\/p>\n<p>Um Ihr Widerrufsrecht auszu\u00fcben, m\u00fcssen Sie uns,<\/p>\n<p>Bluecup B.V.<br \/>\nDorpsstraat 48 a<br \/>\n3641 ED Mijdrecht (Niederlande)<br \/>\nTelefon: +31 297-254616<br \/>\nE-Mail:\u00a0 <a href=\"mailto:info@bluecup.nl\">info@bluecup.nl<\/a><\/p>\n<p>mittels einer eindeutigen Erkl\u00e4rung (z. B. ein mit der Post versandter Brief, Telefax oder E-Mail) \u00fcber Ihren Entschluss, diesen Vertrag zu widerrufen, informieren. Sie k\u00f6nnen dazu das beigef\u00fcgte Muster-Widerrufsformular verwenden, das jedoch nicht vorgeschrieben ist. Zur Wahrung der Widerrufsfrist reicht es aus, dass Sie die Mitteilung \u00fcber die Aus\u00fcbung des Widerrufsrechts vor Ablauf der Widerrufsfrist absenden.<\/p>\n<p><strong>Folgen des Widerrufs<\/strong><\/p>\n<p>Wenn Sie diesen Vertrag widerrufen, haben wir Ihnen alle Zahlungen, die wir von Ihnen erhalten haben einschlie\u00dflich der Lieferkosten (mit Ausnahme der zus\u00e4tzlichen Kosten, die sich daraus ergeben, dass Sie eine andere Art der Lieferung als die von uns angebotene, g\u00fcnstigste Standardlieferung gew\u00e4hlt haben), unverz\u00fcglich und sp\u00e4testens binnen vierzehn Tagen ab dem Tag zur\u00fcckzuzahlen, an dem die Mitteilung \u00fcber Ihren Widerruf dieses Vertrags bei uns eingegangen ist. F\u00fcr diese R\u00fcckzahlung verwenden wir dasselbe Zahlungsmittel, das Sie bei der urspr\u00fcnglichen Transaktion eingesetzt haben, es sei denn, mit Ihnen wurde ausdr\u00fccklich etwas anderes vereinbart; in keinem Fall werden Ihnen wegen dieser R\u00fcckzahlung Entgelte berechnet.<\/p>\n<p>Wir k\u00f6nnen die R\u00fcckzahlung verweigern, bis wir die Waren wieder zur\u00fcckerhalten haben oder bis Sie den Nachweis erbracht haben, dass Sie die Waren zur\u00fcckgesandt haben, je nachdem, welches der fr\u00fchere Zeitpunkt ist.<\/p>\n<p>Sie haben die Waren unverz\u00fcglich und in jedem Fall sp\u00e4testens binnen vierzehn Tagen ab dem Tag, an dem Sie uns \u00fcber den Widerruf dieses Vertrags unterrichten, an uns zur\u00fcckzusenden oder zu \u00fcbergeben. Die Frist ist gewahrt, wenn Sie die Waren vor Ablauf der Frist von vierzehn Tagen absenden. Sie tragen die unmittelbaren Kosten der R\u00fccksendung der Waren.<\/p>\n<p>Sie m\u00fcssen f\u00fcr einen etwaigen Wertverlust der Waren nur aufkommen, wenn dieser Wertverlust auf einen zur Pr\u00fcfung der Beschaffenheit, Eigenschaften und Funktionsweise der Waren nicht notwendigen Umgang mit ihnen zur\u00fcckzuf\u00fchren ist.<\/p>\n<p><strong>Ausschluss und vorzeitiges Erl\u00f6schen des Widerrufsrechts<\/strong><\/p>\n<p><strong>Das Widerrufsrecht besteht nicht bei Vertr\u00e4gen zur Lieferung von Waren, die schnell verderben k\u00f6nnen oder deren Verfallsdatum schnell \u00fcberschritten w\u00fcrde.<\/strong><\/p>\n<p><strong>Das Widerrufsrecht erlischt vorzeitig bei Vertr\u00e4gen zur Lieferung versiegelter Waren, die aus Gr\u00fcnden des Gesundheitsschutzes oder der Hygiene nicht zur R\u00fcckgabe geeignet sind, wenn ihre Versiegelung nach der Lieferung entfernt wurde;<\/strong><\/p>\n<ul>\n<li><a href=\"https:\/\/bluecup.nl\/wp\/wp-content\/uploads\/2017\/03\/Widerrufsformular_offline.pdf\" target=\"_blank\">Download Widerrufsformular (pdf)<\/a><\/li>\n<\/ul>\n<div class=\"well\">\n<p><strong>Widerrufsformular<\/strong><\/p>\n<p>Wenn Sie den Vertrag widerrufen wollen, dann f\u00fcllen Sie bitte dieses Formular aus und senden es zur\u00fcck an:<\/p>\n<p><strong>Bluecup B.V.<\/strong><br \/>\n<strong> Dorpsstraat 48 a<\/strong><br \/>\n<strong> 3641 ED Mijdrecht (Niederlande)<\/strong><\/p>\n<p><strong>E-Mail: <a href=\"mailto:info@bluecup.nl\">info@bluecup.nl<\/a><\/strong><\/p>\n<p>Hiermit widerrufe(n)* ich\/wir den von mir\/uns* abgeschlossenen Vertrag \u00fcber den Kauf der\u00a0folgenden Waren* \/ die Erbringung der folgenden Dienstleistung* : ____________________________________ ____________________________________ ____________________________________<\/p>\n<p>bestellt am* \/ erhalten am* ____________________________________<br \/>\nName des\/der Verbraucher(s) ____________________________________<br \/>\nAnschrift des\/der Verbraucher(s) ____________________________________<\/p>\n<p>____________________________________<br \/>\n(Unterschrift des\/der Verbraucher(s)<\/p>\n<p>____________________________________<br \/>\n(Datum)<\/p>\n<p><strong>* Unzutreffendes streichen<\/strong><\/p>\n<\/div>\n","protected":false},"excerpt":{"rendered":"<p>Widerrufsrecht f\u00fcr Verbraucher Verbrauchern steht ein Widerrufsrecht nach folgender Ma\u00dfgabe zu, wobei Verbraucher jede nat\u00fcrliche Person ist, die ein Rechtsgesch\u00e4ft zu Zwecken abschlie\u00dft, die \u00fcberwiegend weder ihrer gewerblichen noch ihrer selbst\u00e4ndigen beruflichen T\u00e4tigkeit zugerechnet werden k\u00f6nnen.: Widerrufsbelehrung Widerrufsrecht Sie haben das Recht, binnen vierzehn Tagen ohne Angabe von Gr\u00fcnden diesen Vertrag zu widerrufen. Die Widerrufsfrist &hellip; <a href=\"https:\/\/bluecup.nl\/de\/widerrufsbelehrung\/\">Continued<\/a><\/p>\n","protected":false},"author":449,"featured_media":0,"parent":0,"menu_order":0,"comment_status":"closed","ping_status":"closed","template":"template-custom.php","meta":{"_acf_changed":false,"footnotes":""},"class_list":["post-577","page","type-page","status-publish","hentry"],"acf":[],"yoast_head":"<!-- This site is optimized with the Yoast SEO plugin v27.4 - https:\/\/yoast.com\/product\/yoast-seo-wordpress\/ -->\n<title>Widerrufsbelehrung - Bluecup - reusable Nespresso pod<\/title>\n<meta name=\"description\" content=\"You have the right to cancel your order within 14 days after the day you received your goods without giving any reason\" \/>\n<meta name=\"robots\" content=\"index, follow, max-snippet:-1, max-image-preview:large, max-video-preview:-1\" \/>\n<link rel=\"canonical\" href=\"https:\/\/bluecup.nl\/de\/widerrufsbelehrung\/\" \/>\n<meta property=\"og:locale\" content=\"de_DE\" \/>\n<meta property=\"og:type\" content=\"article\" \/>\n<meta property=\"og:title\" content=\"Widerrufsbelehrung - Bluecup - reusable Nespresso pod\" \/>\n<meta property=\"og:description\" content=\"You have the right to cancel your order within 14 days after the day you received your goods without giving any reason\" \/>\n<meta property=\"og:url\" content=\"https:\/\/bluecup.nl\/de\/widerrufsbelehrung\/\" \/>\n<meta property=\"og:site_name\" content=\"Bluecup - reusable Nespresso pod\" \/>\n<meta property=\"article:publisher\" content=\"https:\/\/www.facebook.com\/cupyourcoffee\/\" \/>\n<meta property=\"article:modified_time\" content=\"2017-03-06T13:37:42+00:00\" \/>\n<meta name=\"twitter:card\" content=\"summary_large_image\" \/>\n<meta name=\"twitter:label1\" content=\"Gesch\u00e4tzte Lesezeit\" \/>\n\t<meta name=\"twitter:data1\" content=\"3\u00a0Minuten\" \/>\n<script type=\"application\/ld+json\" class=\"yoast-schema-graph\">{\"@context\":\"https:\\\/\\\/schema.org\",\"@graph\":[{\"@type\":\"WebPage\",\"@id\":\"https:\\\/\\\/bluecup.nl\\\/de\\\/widerrufsbelehrung\\\/\",\"url\":\"https:\\\/\\\/bluecup.nl\\\/de\\\/widerrufsbelehrung\\\/\",\"name\":\"Widerrufsbelehrung - Bluecup - reusable Nespresso pod\",\"isPartOf\":{\"@id\":\"https:\\\/\\\/bluecup.nl\\\/#website\"},\"datePublished\":\"2017-02-08T12:38:31+00:00\",\"dateModified\":\"2017-03-06T13:37:42+00:00\",\"description\":\"You have the right to cancel your order within 14 days after the day you received your goods without giving any reason\",\"breadcrumb\":{\"@id\":\"https:\\\/\\\/bluecup.nl\\\/de\\\/widerrufsbelehrung\\\/#breadcrumb\"},\"inLanguage\":\"de\",\"potentialAction\":[{\"@type\":\"ReadAction\",\"target\":[\"https:\\\/\\\/bluecup.nl\\\/de\\\/widerrufsbelehrung\\\/\"]}]},{\"@type\":\"BreadcrumbList\",\"@id\":\"https:\\\/\\\/bluecup.nl\\\/de\\\/widerrufsbelehrung\\\/#breadcrumb\",\"itemListElement\":[{\"@type\":\"ListItem\",\"position\":1,\"name\":\"Home\",\"item\":\"https:\\\/\\\/bluecup.nl\\\/de\\\/\"},{\"@type\":\"ListItem\",\"position\":2,\"name\":\"Widerrufsbelehrung\"}]},{\"@type\":\"WebSite\",\"@id\":\"https:\\\/\\\/bluecup.nl\\\/#website\",\"url\":\"https:\\\/\\\/bluecup.nl\\\/\",\"name\":\"Bluecup - reusable Nespresso pod\",\"description\":\"Refillable, reusable Nespresso capsule\",\"publisher\":{\"@id\":\"https:\\\/\\\/bluecup.nl\\\/#organization\"},\"potentialAction\":[{\"@type\":\"SearchAction\",\"target\":{\"@type\":\"EntryPoint\",\"urlTemplate\":\"https:\\\/\\\/bluecup.nl\\\/?s={search_term_string}\"},\"query-input\":{\"@type\":\"PropertyValueSpecification\",\"valueRequired\":true,\"valueName\":\"search_term_string\"}}],\"inLanguage\":\"de\"},{\"@type\":\"Organization\",\"@id\":\"https:\\\/\\\/bluecup.nl\\\/#organization\",\"name\":\"Bluecup reusable Nespresso pods\",\"url\":\"https:\\\/\\\/bluecup.nl\\\/\",\"logo\":{\"@type\":\"ImageObject\",\"inLanguage\":\"de\",\"@id\":\"https:\\\/\\\/bluecup.nl\\\/#\\\/schema\\\/logo\\\/image\\\/\",\"url\":\"https:\\\/\\\/bluecup.nl\\\/wp\\\/wp-content\\\/uploads\\\/2018\\\/06\\\/Bluecup-Icoon.jpg\",\"contentUrl\":\"https:\\\/\\\/bluecup.nl\\\/wp\\\/wp-content\\\/uploads\\\/2018\\\/06\\\/Bluecup-Icoon.jpg\",\"width\":864,\"height\":884,\"caption\":\"Bluecup reusable Nespresso pods\"},\"image\":{\"@id\":\"https:\\\/\\\/bluecup.nl\\\/#\\\/schema\\\/logo\\\/image\\\/\"},\"sameAs\":[\"https:\\\/\\\/www.facebook.com\\\/cupyourcoffee\\\/\"]}]}<\/script>\n<!-- \/ Yoast SEO plugin. -->","yoast_head_json":{"title":"Widerrufsbelehrung - Bluecup - reusable Nespresso pod","description":"You have the right to cancel your order within 14 days after the day you received your goods without giving any reason","robots":{"index":"index","follow":"follow","max-snippet":"max-snippet:-1","max-image-preview":"max-image-preview:large","max-video-preview":"max-video-preview:-1"},"canonical":"https:\/\/bluecup.nl\/de\/widerrufsbelehrung\/","og_locale":"de_DE","og_type":"article","og_title":"Widerrufsbelehrung - Bluecup - reusable Nespresso pod","og_description":"You have the right to cancel your order within 14 days after the day you received your goods without giving any reason","og_url":"https:\/\/bluecup.nl\/de\/widerrufsbelehrung\/","og_site_name":"Bluecup - reusable Nespresso pod","article_publisher":"https:\/\/www.facebook.com\/cupyourcoffee\/","article_modified_time":"2017-03-06T13:37:42+00:00","twitter_card":"summary_large_image","twitter_misc":{"Gesch\u00e4tzte Lesezeit":"3\u00a0Minuten"},"schema":{"@context":"https:\/\/schema.org","@graph":[{"@type":"WebPage","@id":"https:\/\/bluecup.nl\/de\/widerrufsbelehrung\/","url":"https:\/\/bluecup.nl\/de\/widerrufsbelehrung\/","name":"Widerrufsbelehrung - Bluecup - reusable Nespresso pod","isPartOf":{"@id":"https:\/\/bluecup.nl\/#website"},"datePublished":"2017-02-08T12:38:31+00:00","dateModified":"2017-03-06T13:37:42+00:00","description":"You have the right to cancel your order within 14 days after the day you received your goods without giving any reason","breadcrumb":{"@id":"https:\/\/bluecup.nl\/de\/widerrufsbelehrung\/#breadcrumb"},"inLanguage":"de","potentialAction":[{"@type":"ReadAction","target":["https:\/\/bluecup.nl\/de\/widerrufsbelehrung\/"]}]},{"@type":"BreadcrumbList","@id":"https:\/\/bluecup.nl\/de\/widerrufsbelehrung\/#breadcrumb","itemListElement":[{"@type":"ListItem","position":1,"name":"Home","item":"https:\/\/bluecup.nl\/de\/"},{"@type":"ListItem","position":2,"name":"Widerrufsbelehrung"}]},{"@type":"WebSite","@id":"https:\/\/bluecup.nl\/#website","url":"https:\/\/bluecup.nl\/","name":"Bluecup - reusable Nespresso pod","description":"Refillable, reusable Nespresso capsule","publisher":{"@id":"https:\/\/bluecup.nl\/#organization"},"potentialAction":[{"@type":"SearchAction","target":{"@type":"EntryPoint","urlTemplate":"https:\/\/bluecup.nl\/?s={search_term_string}"},"query-input":{"@type":"PropertyValueSpecification","valueRequired":true,"valueName":"search_term_string"}}],"inLanguage":"de"},{"@type":"Organization","@id":"https:\/\/bluecup.nl\/#organization","name":"Bluecup reusable Nespresso pods","url":"https:\/\/bluecup.nl\/","logo":{"@type":"ImageObject","inLanguage":"de","@id":"https:\/\/bluecup.nl\/#\/schema\/logo\/image\/","url":"https:\/\/bluecup.nl\/wp\/wp-content\/uploads\/2018\/06\/Bluecup-Icoon.jpg","contentUrl":"https:\/\/bluecup.nl\/wp\/wp-content\/uploads\/2018\/06\/Bluecup-Icoon.jpg","width":864,"height":884,"caption":"Bluecup reusable Nespresso pods"},"image":{"@id":"https:\/\/bluecup.nl\/#\/schema\/logo\/image\/"},"sameAs":["https:\/\/www.facebook.com\/cupyourcoffee\/"]}]}},"_links":{"self":[{"href":"https:\/\/bluecup.nl\/de\/wp-json\/wp\/v2\/pages\/577","targetHints":{"allow":["GET"]}}],"collection":[{"href":"https:\/\/bluecup.nl\/de\/wp-json\/wp\/v2\/pages"}],"about":[{"href":"https:\/\/bluecup.nl\/de\/wp-json\/wp\/v2\/types\/page"}],"author":[{"embeddable":true,"href":"https:\/\/bluecup.nl\/de\/wp-json\/wp\/v2\/users\/449"}],"replies":[{"embeddable":true,"href":"https:\/\/bluecup.nl\/de\/wp-json\/wp\/v2\/comments?post=577"}],"version-history":[{"count":5,"href":"https:\/\/bluecup.nl\/de\/wp-json\/wp\/v2\/pages\/577\/revisions"}],"predecessor-version":[{"id":634,"href":"https:\/\/bluecup.nl\/de\/wp-json\/wp\/v2\/pages\/577\/revisions\/634"}],"wp:attachment":[{"href":"https:\/\/bluecup.nl\/de\/wp-json\/wp\/v2\/media?parent=577"}],"curies":[{"name":"wp","href":"https:\/\/api.w.org\/{rel}","templated":true}]}}