{"id":629,"date":"2017-01-10T10:44:28","date_gmt":"2017-01-10T09:44:28","guid":{"rendered":"https:\/\/bluecup.nl\/product\/bluecup-starterkit\/"},"modified":"2023-03-06T15:26:43","modified_gmt":"2023-03-06T14:26:43","slug":"bluecup-kennenlern-paket","status":"publish","type":"product","link":"https:\/\/bluecup.nl\/de\/product\/bluecup-kennenlern-paket\/","title":{"rendered":"Bluecup Kennenlern-Paket"},"content":{"rendered":"<p>Lieferumfang: 2 Wiederbef\u00fcllbare Kaffeekapseln, 100 Aluminiumdeckel, 1 Cupcreator, 1 L\u00f6ffelhalter. Features:<\/p>\n<ul>\n<li>Wiederverwendbare, preiswerte Kaffeekapseln f\u00fcr den besten Kaffeegenuss: eigene und freie Kaffeewahl, die nicht von Nespresso\/ Nestle abh\u00e4ngig ist, einfache Bedienung mit L\u00f6ffelhalter, leichte Reinigung und Sp\u00fclmaschinen geeignet.<\/li>\n<li>Keine undichten Stellen durch spezielle Abdichtung der Kapseln, optimaler Gebrauch mit dem 19 Bar System der Nespresso Maschine, Foliendeckel aus Aluminium funktionieren genau wie die Nespresso Kapseln; f\u00fcr einen optimalen Kaffee-Geschmack.<\/li>\n<li>Umweltfreundliche Kaffeekapseln, die weniger Abfall erzeugen, g\u00fcnstigerer Preis pro Kaffeekapsel.<\/li>\n<li>Kapseln, L\u00f6ffelhalter und Aluminiumdeckel gepr\u00fcft nach EU-Lebensmittelsicherheitsstandards.<\/li>\n<\/ul>\n<p>Geeignet f\u00fcr alle Nespresso- und baugleichen Ger\u00e4te ab Baujahr Oktober 2010.<\/p>\n","protected":false},"excerpt":{"rendered":"<p>Lieferumfang:<br \/>\n2 Wiederbef\u00fcllbare Kaffeekapseln<br \/>\n100 Aluminiumdeckel<br \/>\n1 Cupcreator<br \/>\n1 L\u00f6ffelhalter.<\/p>\n","protected":false},"featured_media":3627,"template":"","meta":{"_acf_changed":false},"product_brand":[],"product_cat":[21,22],"product_tag":[],"class_list":{"0":"post-629","1":"product","2":"type-product","3":"status-publish","4":"has-post-thumbnail","6":"product_cat-espresso-capsules-de","7":"product_cat-espresso-cupcreator-de","9":"first","10":"instock","11":"shipping-taxable","12":"purchasable","13":"product-type-simple"},"acf":[],"yoast_head":"<!-- This site is optimized with the Yoast SEO plugin v27.3 - https:\/\/yoast.com\/product\/yoast-seo-wordpress\/ -->\n<title>Bluecup Kennenlern-Paket - Bluecup - reusable Nespresso pod<\/title>\n<meta name=\"description\" content=\"Nespresso Kennenlern-Paket zum Erstellen eigener Nespresso-Kapseln - Wiederverwendbare Kapseln - Auslaufsicher - F\u00fcr das beste Nespresso-Ergebnis\" \/>\n<meta name=\"robots\" content=\"index, follow, max-snippet:-1, max-image-preview:large, max-video-preview:-1\" \/>\n<link rel=\"canonical\" href=\"https:\/\/bluecup.nl\/de\/product\/bluecup-kennenlern-paket\/\" \/>\n<meta property=\"og:locale\" content=\"de_DE\" \/>\n<meta property=\"og:type\" content=\"article\" \/>\n<meta property=\"og:title\" content=\"Bluecup Kennenlern-Paket - Bluecup - reusable Nespresso pod\" \/>\n<meta property=\"og:description\" content=\"Nespresso Kennenlern-Paket zum Erstellen eigener Nespresso-Kapseln - Wiederverwendbare Kapseln - Auslaufsicher - F\u00fcr das beste Nespresso-Ergebnis\" \/>\n<meta property=\"og:url\" content=\"https:\/\/bluecup.nl\/de\/product\/bluecup-kennenlern-paket\/\" \/>\n<meta property=\"og:site_name\" content=\"Bluecup - reusable Nespresso pod\" \/>\n<meta property=\"article:publisher\" content=\"https:\/\/www.facebook.com\/cupyourcoffee\/\" \/>\n<meta property=\"article:modified_time\" content=\"2023-03-06T14:26:43+00:00\" \/>\n<meta property=\"og:image\" content=\"https:\/\/bluecup.nl\/wp\/wp-content\/uploads\/2017\/01\/PS-Starterkit-Angle-copy-scaled.jpg\" \/>\n\t<meta property=\"og:image:width\" content=\"2560\" \/>\n\t<meta property=\"og:image:height\" content=\"2133\" \/>\n\t<meta property=\"og:image:type\" content=\"image\/jpeg\" \/>\n<meta name=\"twitter:card\" content=\"summary_large_image\" \/>\n<meta name=\"twitter:label1\" content=\"Gesch\u00e4tzte Lesezeit\" \/>\n\t<meta name=\"twitter:data1\" content=\"1\u00a0Minute\" \/>\n<script type=\"application\/ld+json\" class=\"yoast-schema-graph\">{\"@context\":\"https:\\\/\\\/schema.org\",\"@graph\":[{\"@type\":\"WebPage\",\"@id\":\"https:\\\/\\\/bluecup.nl\\\/de\\\/product\\\/bluecup-kennenlern-paket\\\/\",\"url\":\"https:\\\/\\\/bluecup.nl\\\/de\\\/product\\\/bluecup-kennenlern-paket\\\/\",\"name\":\"Bluecup Kennenlern-Paket - Bluecup - reusable Nespresso pod\",\"isPartOf\":{\"@id\":\"https:\\\/\\\/bluecup.nl\\\/#website\"},\"primaryImageOfPage\":{\"@id\":\"https:\\\/\\\/bluecup.nl\\\/de\\\/product\\\/bluecup-kennenlern-paket\\\/#primaryimage\"},\"image\":{\"@id\":\"https:\\\/\\\/bluecup.nl\\\/de\\\/product\\\/bluecup-kennenlern-paket\\\/#primaryimage\"},\"thumbnailUrl\":\"https:\\\/\\\/bluecup.nl\\\/wp\\\/wp-content\\\/uploads\\\/2017\\\/01\\\/PS-Starterkit-Angle-copy-scaled.jpg\",\"datePublished\":\"2017-01-10T09:44:28+00:00\",\"dateModified\":\"2023-03-06T14:26:43+00:00\",\"description\":\"Nespresso Kennenlern-Paket zum Erstellen eigener Nespresso-Kapseln - Wiederverwendbare Kapseln - Auslaufsicher - F\u00fcr das beste Nespresso-Ergebnis\",\"breadcrumb\":{\"@id\":\"https:\\\/\\\/bluecup.nl\\\/de\\\/product\\\/bluecup-kennenlern-paket\\\/#breadcrumb\"},\"inLanguage\":\"de\",\"potentialAction\":[{\"@type\":\"ReadAction\",\"target\":[\"https:\\\/\\\/bluecup.nl\\\/de\\\/product\\\/bluecup-kennenlern-paket\\\/\"]}]},{\"@type\":\"ImageObject\",\"inLanguage\":\"de\",\"@id\":\"https:\\\/\\\/bluecup.nl\\\/de\\\/product\\\/bluecup-kennenlern-paket\\\/#primaryimage\",\"url\":\"https:\\\/\\\/bluecup.nl\\\/wp\\\/wp-content\\\/uploads\\\/2017\\\/01\\\/PS-Starterkit-Angle-copy-scaled.jpg\",\"contentUrl\":\"https:\\\/\\\/bluecup.nl\\\/wp\\\/wp-content\\\/uploads\\\/2017\\\/01\\\/PS-Starterkit-Angle-copy-scaled.jpg\",\"width\":2560,\"height\":2133,\"caption\":\"PS Starterkit Angle 001\"},{\"@type\":\"BreadcrumbList\",\"@id\":\"https:\\\/\\\/bluecup.nl\\\/de\\\/product\\\/bluecup-kennenlern-paket\\\/#breadcrumb\",\"itemListElement\":[{\"@type\":\"ListItem\",\"position\":1,\"name\":\"Home\",\"item\":\"https:\\\/\\\/bluecup.nl\\\/de\\\/\"},{\"@type\":\"ListItem\",\"position\":2,\"name\":\"Shop\",\"item\":\"https:\\\/\\\/bluecup.nl\\\/de\\\/shop\\\/\"},{\"@type\":\"ListItem\",\"position\":3,\"name\":\"Bluecup Kennenlern-Paket\"}]},{\"@type\":\"WebSite\",\"@id\":\"https:\\\/\\\/bluecup.nl\\\/#website\",\"url\":\"https:\\\/\\\/bluecup.nl\\\/\",\"name\":\"Bluecup - reusable Nespresso pod\",\"description\":\"Refillable, reusable Nespresso capsule\",\"publisher\":{\"@id\":\"https:\\\/\\\/bluecup.nl\\\/#organization\"},\"potentialAction\":[{\"@type\":\"SearchAction\",\"target\":{\"@type\":\"EntryPoint\",\"urlTemplate\":\"https:\\\/\\\/bluecup.nl\\\/?s={search_term_string}\"},\"query-input\":{\"@type\":\"PropertyValueSpecification\",\"valueRequired\":true,\"valueName\":\"search_term_string\"}}],\"inLanguage\":\"de\"},{\"@type\":\"Organization\",\"@id\":\"https:\\\/\\\/bluecup.nl\\\/#organization\",\"name\":\"Bluecup reusable Nespresso pods\",\"url\":\"https:\\\/\\\/bluecup.nl\\\/\",\"logo\":{\"@type\":\"ImageObject\",\"inLanguage\":\"de\",\"@id\":\"https:\\\/\\\/bluecup.nl\\\/#\\\/schema\\\/logo\\\/image\\\/\",\"url\":\"https:\\\/\\\/bluecup.nl\\\/wp\\\/wp-content\\\/uploads\\\/2018\\\/06\\\/Bluecup-Icoon.jpg\",\"contentUrl\":\"https:\\\/\\\/bluecup.nl\\\/wp\\\/wp-content\\\/uploads\\\/2018\\\/06\\\/Bluecup-Icoon.jpg\",\"width\":864,\"height\":884,\"caption\":\"Bluecup reusable Nespresso pods\"},\"image\":{\"@id\":\"https:\\\/\\\/bluecup.nl\\\/#\\\/schema\\\/logo\\\/image\\\/\"},\"sameAs\":[\"https:\\\/\\\/www.facebook.com\\\/cupyourcoffee\\\/\"]}]}<\/script>\n<!-- \/ Yoast SEO plugin. -->","yoast_head_json":{"title":"Bluecup Kennenlern-Paket - Bluecup - reusable Nespresso pod","description":"Nespresso Kennenlern-Paket zum Erstellen eigener Nespresso-Kapseln - Wiederverwendbare Kapseln - Auslaufsicher - F\u00fcr das beste Nespresso-Ergebnis","robots":{"index":"index","follow":"follow","max-snippet":"max-snippet:-1","max-image-preview":"max-image-preview:large","max-video-preview":"max-video-preview:-1"},"canonical":"https:\/\/bluecup.nl\/de\/product\/bluecup-kennenlern-paket\/","og_locale":"de_DE","og_type":"article","og_title":"Bluecup Kennenlern-Paket - Bluecup - reusable Nespresso pod","og_description":"Nespresso Kennenlern-Paket zum Erstellen eigener Nespresso-Kapseln - Wiederverwendbare Kapseln - Auslaufsicher - F\u00fcr das beste Nespresso-Ergebnis","og_url":"https:\/\/bluecup.nl\/de\/product\/bluecup-kennenlern-paket\/","og_site_name":"Bluecup - reusable Nespresso pod","article_publisher":"https:\/\/www.facebook.com\/cupyourcoffee\/","article_modified_time":"2023-03-06T14:26:43+00:00","og_image":[{"width":2560,"height":2133,"url":"https:\/\/bluecup.nl\/wp\/wp-content\/uploads\/2017\/01\/PS-Starterkit-Angle-copy-scaled.jpg","type":"image\/jpeg"}],"twitter_card":"summary_large_image","twitter_misc":{"Gesch\u00e4tzte Lesezeit":"1\u00a0Minute"},"schema":{"@context":"https:\/\/schema.org","@graph":[{"@type":"WebPage","@id":"https:\/\/bluecup.nl\/de\/product\/bluecup-kennenlern-paket\/","url":"https:\/\/bluecup.nl\/de\/product\/bluecup-kennenlern-paket\/","name":"Bluecup Kennenlern-Paket - Bluecup - reusable Nespresso pod","isPartOf":{"@id":"https:\/\/bluecup.nl\/#website"},"primaryImageOfPage":{"@id":"https:\/\/bluecup.nl\/de\/product\/bluecup-kennenlern-paket\/#primaryimage"},"image":{"@id":"https:\/\/bluecup.nl\/de\/product\/bluecup-kennenlern-paket\/#primaryimage"},"thumbnailUrl":"https:\/\/bluecup.nl\/wp\/wp-content\/uploads\/2017\/01\/PS-Starterkit-Angle-copy-scaled.jpg","datePublished":"2017-01-10T09:44:28+00:00","dateModified":"2023-03-06T14:26:43+00:00","description":"Nespresso Kennenlern-Paket zum Erstellen eigener Nespresso-Kapseln - Wiederverwendbare Kapseln - Auslaufsicher - F\u00fcr das beste Nespresso-Ergebnis","breadcrumb":{"@id":"https:\/\/bluecup.nl\/de\/product\/bluecup-kennenlern-paket\/#breadcrumb"},"inLanguage":"de","potentialAction":[{"@type":"ReadAction","target":["https:\/\/bluecup.nl\/de\/product\/bluecup-kennenlern-paket\/"]}]},{"@type":"ImageObject","inLanguage":"de","@id":"https:\/\/bluecup.nl\/de\/product\/bluecup-kennenlern-paket\/#primaryimage","url":"https:\/\/bluecup.nl\/wp\/wp-content\/uploads\/2017\/01\/PS-Starterkit-Angle-copy-scaled.jpg","contentUrl":"https:\/\/bluecup.nl\/wp\/wp-content\/uploads\/2017\/01\/PS-Starterkit-Angle-copy-scaled.jpg","width":2560,"height":2133,"caption":"PS Starterkit Angle 001"},{"@type":"BreadcrumbList","@id":"https:\/\/bluecup.nl\/de\/product\/bluecup-kennenlern-paket\/#breadcrumb","itemListElement":[{"@type":"ListItem","position":1,"name":"Home","item":"https:\/\/bluecup.nl\/de\/"},{"@type":"ListItem","position":2,"name":"Shop","item":"https:\/\/bluecup.nl\/de\/shop\/"},{"@type":"ListItem","position":3,"name":"Bluecup Kennenlern-Paket"}]},{"@type":"WebSite","@id":"https:\/\/bluecup.nl\/#website","url":"https:\/\/bluecup.nl\/","name":"Bluecup - reusable Nespresso pod","description":"Refillable, reusable Nespresso capsule","publisher":{"@id":"https:\/\/bluecup.nl\/#organization"},"potentialAction":[{"@type":"SearchAction","target":{"@type":"EntryPoint","urlTemplate":"https:\/\/bluecup.nl\/?s={search_term_string}"},"query-input":{"@type":"PropertyValueSpecification","valueRequired":true,"valueName":"search_term_string"}}],"inLanguage":"de"},{"@type":"Organization","@id":"https:\/\/bluecup.nl\/#organization","name":"Bluecup reusable Nespresso pods","url":"https:\/\/bluecup.nl\/","logo":{"@type":"ImageObject","inLanguage":"de","@id":"https:\/\/bluecup.nl\/#\/schema\/logo\/image\/","url":"https:\/\/bluecup.nl\/wp\/wp-content\/uploads\/2018\/06\/Bluecup-Icoon.jpg","contentUrl":"https:\/\/bluecup.nl\/wp\/wp-content\/uploads\/2018\/06\/Bluecup-Icoon.jpg","width":864,"height":884,"caption":"Bluecup reusable Nespresso pods"},"image":{"@id":"https:\/\/bluecup.nl\/#\/schema\/logo\/image\/"},"sameAs":["https:\/\/www.facebook.com\/cupyourcoffee\/"]}]}},"_links":{"self":[{"href":"https:\/\/bluecup.nl\/de\/wp-json\/wp\/v2\/product\/629","targetHints":{"allow":["GET"]}}],"collection":[{"href":"https:\/\/bluecup.nl\/de\/wp-json\/wp\/v2\/product"}],"about":[{"href":"https:\/\/bluecup.nl\/de\/wp-json\/wp\/v2\/types\/product"}],"wp:featuredmedia":[{"embeddable":true,"href":"https:\/\/bluecup.nl\/de\/wp-json\/wp\/v2\/media\/3627"}],"wp:attachment":[{"href":"https:\/\/bluecup.nl\/de\/wp-json\/wp\/v2\/media?parent=629"}],"wp:term":[{"taxonomy":"product_brand","embeddable":true,"href":"https:\/\/bluecup.nl\/de\/wp-json\/wp\/v2\/product_brand?post=629"},{"taxonomy":"product_cat","embeddable":true,"href":"https:\/\/bluecup.nl\/de\/wp-json\/wp\/v2\/product_cat?post=629"},{"taxonomy":"product_tag","embeddable":true,"href":"https:\/\/bluecup.nl\/de\/wp-json\/wp\/v2\/product_tag?post=629"}],"curies":[{"name":"wp","href":"https:\/\/api.w.org\/{rel}","templated":true}]}}