{"id":723,"date":"2016-07-19T15:54:31","date_gmt":"2016-07-19T13:54:31","guid":{"rendered":"https:\/\/bluecup.nl\/bluecup\/"},"modified":"2020-03-20T00:10:24","modified_gmt":"2020-03-19T23:10:24","slug":"bluecup","status":"publish","type":"page","link":"https:\/\/bluecup.nl\/fr\/","title":{"rendered":"Bluecup"},"content":{"rendered":"<h2>capsule\u00a0rechargeables et r\u00e9utilisables<\/h2>\n<p>Bluecup est une <strong>capsule de caf\u00e9 rechargeables et r\u00e9utilisables<\/strong>\u00a0pour votre machine Nespresso. Choisissez votre caf\u00e9 en grain ou votre mouture pr\u00e9f\u00e9r\u00e9e pour remplir la capsule Bluecup, puis placez-la dans la machine. Vous obtiendrez ainsi votre expresso favori\u00a0!<\/p>\n","protected":false},"excerpt":{"rendered":"<p>capsule\u00a0rechargeables et r\u00e9utilisables Bluecup est une capsule de caf\u00e9 rechargeables et r\u00e9utilisables\u00a0pour votre machine Nespresso. Choisissez votre caf\u00e9 en grain ou votre mouture pr\u00e9f\u00e9r\u00e9e pour remplir la capsule Bluecup, puis placez-la dans la machine. Vous obtiendrez ainsi votre expresso favori\u00a0!<\/p>\n","protected":false},"author":449,"featured_media":0,"parent":0,"menu_order":0,"comment_status":"closed","ping_status":"closed","template":"template-home.php","meta":{"_acf_changed":false,"footnotes":""},"class_list":["post-723","page","type-page","status-publish","hentry"],"acf":[],"yoast_head":"<!-- This site is optimized with the Yoast SEO plugin v27.3 - https:\/\/yoast.com\/product\/yoast-seo-wordpress\/ -->\n<title>Bluecup, capsule Nespresso de caf\u00e9 rechargeables et r\u00e9utilisables<\/title>\n<meta name=\"description\" content=\"Bluecup est une capsule de caf\u00e9 rechargeables et r\u00e9utilisables pour votre machine Nespresso. La capsule Bluecup est \u00e9cologique\" \/>\n<meta name=\"robots\" content=\"index, follow, max-snippet:-1, max-image-preview:large, max-video-preview:-1\" \/>\n<link rel=\"canonical\" href=\"https:\/\/bluecup.nl\/fr\/\" \/>\n<meta property=\"og:locale\" content=\"fr_FR\" \/>\n<meta property=\"og:type\" content=\"article\" \/>\n<meta property=\"og:title\" content=\"Bluecup, capsule Nespresso de caf\u00e9 rechargeables et r\u00e9utilisables\" \/>\n<meta property=\"og:description\" content=\"Bluecup est une capsule de caf\u00e9 rechargeables et r\u00e9utilisables pour votre machine Nespresso. La capsule Bluecup est \u00e9cologique\" \/>\n<meta property=\"og:url\" content=\"https:\/\/bluecup.nl\/fr\/\" \/>\n<meta property=\"og:site_name\" content=\"Bluecup - reusable Nespresso pod\" \/>\n<meta property=\"article:publisher\" content=\"https:\/\/www.facebook.com\/cupyourcoffee\/\" \/>\n<meta property=\"article:modified_time\" content=\"2020-03-19T23:10:24+00:00\" \/>\n<meta name=\"twitter:card\" content=\"summary_large_image\" \/>\n<script type=\"application\/ld+json\" class=\"yoast-schema-graph\">{\"@context\":\"https:\\\/\\\/schema.org\",\"@graph\":[{\"@type\":\"WebPage\",\"@id\":\"https:\\\/\\\/bluecup.nl\\\/fr\\\/\",\"url\":\"https:\\\/\\\/bluecup.nl\\\/fr\\\/\",\"name\":\"Bluecup, capsule Nespresso de caf\u00e9 rechargeables et r\u00e9utilisables\",\"isPartOf\":{\"@id\":\"https:\\\/\\\/bluecup.nl\\\/#website\"},\"datePublished\":\"2016-07-19T13:54:31+00:00\",\"dateModified\":\"2020-03-19T23:10:24+00:00\",\"description\":\"Bluecup est une capsule de caf\u00e9 rechargeables et r\u00e9utilisables pour votre machine Nespresso. La capsule Bluecup est \u00e9cologique\",\"breadcrumb\":{\"@id\":\"https:\\\/\\\/bluecup.nl\\\/fr\\\/#breadcrumb\"},\"inLanguage\":\"fr-FR\",\"potentialAction\":[{\"@type\":\"ReadAction\",\"target\":[\"https:\\\/\\\/bluecup.nl\\\/fr\\\/\"]}]},{\"@type\":\"BreadcrumbList\",\"@id\":\"https:\\\/\\\/bluecup.nl\\\/fr\\\/#breadcrumb\",\"itemListElement\":[{\"@type\":\"ListItem\",\"position\":1,\"name\":\"Home\",\"item\":\"https:\\\/\\\/bluecup.nl\\\/fr\\\/\"},{\"@type\":\"ListItem\",\"position\":2,\"name\":\"Bluecup\"}]},{\"@type\":\"WebSite\",\"@id\":\"https:\\\/\\\/bluecup.nl\\\/#website\",\"url\":\"https:\\\/\\\/bluecup.nl\\\/\",\"name\":\"Bluecup - reusable Nespresso pod\",\"description\":\"Refillable, reusable Nespresso capsule\",\"publisher\":{\"@id\":\"https:\\\/\\\/bluecup.nl\\\/#organization\"},\"potentialAction\":[{\"@type\":\"SearchAction\",\"target\":{\"@type\":\"EntryPoint\",\"urlTemplate\":\"https:\\\/\\\/bluecup.nl\\\/?s={search_term_string}\"},\"query-input\":{\"@type\":\"PropertyValueSpecification\",\"valueRequired\":true,\"valueName\":\"search_term_string\"}}],\"inLanguage\":\"fr-FR\"},{\"@type\":\"Organization\",\"@id\":\"https:\\\/\\\/bluecup.nl\\\/#organization\",\"name\":\"Bluecup reusable Nespresso pods\",\"url\":\"https:\\\/\\\/bluecup.nl\\\/\",\"logo\":{\"@type\":\"ImageObject\",\"inLanguage\":\"fr-FR\",\"@id\":\"https:\\\/\\\/bluecup.nl\\\/#\\\/schema\\\/logo\\\/image\\\/\",\"url\":\"https:\\\/\\\/bluecup.nl\\\/wp\\\/wp-content\\\/uploads\\\/2018\\\/06\\\/Bluecup-Icoon.jpg\",\"contentUrl\":\"https:\\\/\\\/bluecup.nl\\\/wp\\\/wp-content\\\/uploads\\\/2018\\\/06\\\/Bluecup-Icoon.jpg\",\"width\":864,\"height\":884,\"caption\":\"Bluecup reusable Nespresso pods\"},\"image\":{\"@id\":\"https:\\\/\\\/bluecup.nl\\\/#\\\/schema\\\/logo\\\/image\\\/\"},\"sameAs\":[\"https:\\\/\\\/www.facebook.com\\\/cupyourcoffee\\\/\"]}]}<\/script>\n<!-- \/ Yoast SEO plugin. -->","yoast_head_json":{"title":"Bluecup, capsule Nespresso de caf\u00e9 rechargeables et r\u00e9utilisables","description":"Bluecup est une capsule de caf\u00e9 rechargeables et r\u00e9utilisables pour votre machine Nespresso. La capsule Bluecup est \u00e9cologique","robots":{"index":"index","follow":"follow","max-snippet":"max-snippet:-1","max-image-preview":"max-image-preview:large","max-video-preview":"max-video-preview:-1"},"canonical":"https:\/\/bluecup.nl\/fr\/","og_locale":"fr_FR","og_type":"article","og_title":"Bluecup, capsule Nespresso de caf\u00e9 rechargeables et r\u00e9utilisables","og_description":"Bluecup est une capsule de caf\u00e9 rechargeables et r\u00e9utilisables pour votre machine Nespresso. La capsule Bluecup est \u00e9cologique","og_url":"https:\/\/bluecup.nl\/fr\/","og_site_name":"Bluecup - reusable Nespresso pod","article_publisher":"https:\/\/www.facebook.com\/cupyourcoffee\/","article_modified_time":"2020-03-19T23:10:24+00:00","twitter_card":"summary_large_image","schema":{"@context":"https:\/\/schema.org","@graph":[{"@type":"WebPage","@id":"https:\/\/bluecup.nl\/fr\/","url":"https:\/\/bluecup.nl\/fr\/","name":"Bluecup, capsule Nespresso de caf\u00e9 rechargeables et r\u00e9utilisables","isPartOf":{"@id":"https:\/\/bluecup.nl\/#website"},"datePublished":"2016-07-19T13:54:31+00:00","dateModified":"2020-03-19T23:10:24+00:00","description":"Bluecup est une capsule de caf\u00e9 rechargeables et r\u00e9utilisables pour votre machine Nespresso. La capsule Bluecup est \u00e9cologique","breadcrumb":{"@id":"https:\/\/bluecup.nl\/fr\/#breadcrumb"},"inLanguage":"fr-FR","potentialAction":[{"@type":"ReadAction","target":["https:\/\/bluecup.nl\/fr\/"]}]},{"@type":"BreadcrumbList","@id":"https:\/\/bluecup.nl\/fr\/#breadcrumb","itemListElement":[{"@type":"ListItem","position":1,"name":"Home","item":"https:\/\/bluecup.nl\/fr\/"},{"@type":"ListItem","position":2,"name":"Bluecup"}]},{"@type":"WebSite","@id":"https:\/\/bluecup.nl\/#website","url":"https:\/\/bluecup.nl\/","name":"Bluecup - reusable Nespresso pod","description":"Refillable, reusable Nespresso capsule","publisher":{"@id":"https:\/\/bluecup.nl\/#organization"},"potentialAction":[{"@type":"SearchAction","target":{"@type":"EntryPoint","urlTemplate":"https:\/\/bluecup.nl\/?s={search_term_string}"},"query-input":{"@type":"PropertyValueSpecification","valueRequired":true,"valueName":"search_term_string"}}],"inLanguage":"fr-FR"},{"@type":"Organization","@id":"https:\/\/bluecup.nl\/#organization","name":"Bluecup reusable Nespresso pods","url":"https:\/\/bluecup.nl\/","logo":{"@type":"ImageObject","inLanguage":"fr-FR","@id":"https:\/\/bluecup.nl\/#\/schema\/logo\/image\/","url":"https:\/\/bluecup.nl\/wp\/wp-content\/uploads\/2018\/06\/Bluecup-Icoon.jpg","contentUrl":"https:\/\/bluecup.nl\/wp\/wp-content\/uploads\/2018\/06\/Bluecup-Icoon.jpg","width":864,"height":884,"caption":"Bluecup reusable Nespresso pods"},"image":{"@id":"https:\/\/bluecup.nl\/#\/schema\/logo\/image\/"},"sameAs":["https:\/\/www.facebook.com\/cupyourcoffee\/"]}]}},"_links":{"self":[{"href":"https:\/\/bluecup.nl\/fr\/wp-json\/wp\/v2\/pages\/723","targetHints":{"allow":["GET"]}}],"collection":[{"href":"https:\/\/bluecup.nl\/fr\/wp-json\/wp\/v2\/pages"}],"about":[{"href":"https:\/\/bluecup.nl\/fr\/wp-json\/wp\/v2\/types\/page"}],"author":[{"embeddable":true,"href":"https:\/\/bluecup.nl\/fr\/wp-json\/wp\/v2\/users\/449"}],"replies":[{"embeddable":true,"href":"https:\/\/bluecup.nl\/fr\/wp-json\/wp\/v2\/comments?post=723"}],"version-history":[{"count":5,"href":"https:\/\/bluecup.nl\/fr\/wp-json\/wp\/v2\/pages\/723\/revisions"}],"predecessor-version":[{"id":2451,"href":"https:\/\/bluecup.nl\/fr\/wp-json\/wp\/v2\/pages\/723\/revisions\/2451"}],"wp:attachment":[{"href":"https:\/\/bluecup.nl\/fr\/wp-json\/wp\/v2\/media?parent=723"}],"curies":[{"name":"wp","href":"https:\/\/api.w.org\/{rel}","templated":true}]}}