{"id":750,"date":"2017-02-08T13:43:43","date_gmt":"2017-02-08T12:43:43","guid":{"rendered":"https:\/\/bluecup.nl\/guaranty-and-complaints\/"},"modified":"2017-05-16T23:37:45","modified_gmt":"2017-05-16T21:37:45","slug":"garantie-et-plaintes","status":"publish","type":"page","link":"https:\/\/bluecup.nl\/fr\/garantie-et-plaintes\/","title":{"rendered":"Garantie et plaintes"},"content":{"rendered":"<p><strong>Garantie<\/strong><\/p>\n<p>Nous nous soucions de nos produits et faisons logiquement de notre mieux pour vous les livrer dans les meilleures conditions possibles. Pourtant, il peut arriver qu&rsquo;un produit soit endommag\u00e9 pendant le transport ou que quelque chose d\u2019autre se passe de sorte que vous pouvez faire une revendication par\u00a0 rapport \u00e0 la garantie. L\u00e9galement, vous \u00eates tenu de faire dans les deux mois apr\u00e8s la constatation du d\u00e9faut, une mention chez nous \u00e0 ce sujet. Si le d\u00e9faut rel\u00e8ve de la garantie, nous effectuerons gratuitement la r\u00e9paration ou le remplacement.<\/p>\n<p><strong>Plaintes<\/strong><\/p>\n<p>Tout litige relatif \u00e0 l\u2019ex\u00e9cution d\u2019une commande et\/ou \u00e0 l\u2019interpr\u00e9tation des pr\u00e9sentes conditions g\u00e9n\u00e9rales, est soumis \u00e0 la loi n\u00e9erlandaise. En cas de litige relatif \u00e0 l\u2019interpr\u00e9tation ou \u00e0 l\u2019ex\u00e9cution des accords convenus entre vous et Bluecup, une solution amiable sera recherch\u00e9e avant tout recours judiciaire. La recherche pr\u00e9alable d&rsquo;une solution amiable n&rsquo;interrompt pas les d\u00e9lais pour agir en garantie. Au niveau europ\u00e9en, la Commission Europ\u00e9enne met \u00e0 votre disposition une plateforme de r\u00e9solution des litiges en ligne disponible \u00e0 l\u2019adresse <a href=\"http:\/\/ec.europa.eu\/consumers\/odr\/\" target=\"_blank\" rel=\"noopener noreferrer\">http:\/\/ec.europa.eu\/consumers\/odr\/<\/a>.<\/p>\n<p>A d\u00e9faut d\u2019accord amiable, le Tribunal comp\u00e9tent sera, au choix du demandeur et conform\u00e9ment aux dispositions l\u00e9gales, soit celui du lieu o\u00f9 demeure le d\u00e9fendeur, soit celui du lieu de la livraison effective du ou des Produits, soit celui du lieu de l\u2019ex\u00e9cution de la prestation de service.<\/p>\n","protected":false},"excerpt":{"rendered":"<p>Garantie Nous nous soucions de nos produits et faisons logiquement de notre mieux pour vous les livrer dans les meilleures conditions possibles. Pourtant, il peut arriver qu&rsquo;un produit soit endommag\u00e9 pendant le transport ou que quelque chose d\u2019autre se passe de sorte que vous pouvez faire une revendication par\u00a0 rapport \u00e0 la garantie. L\u00e9galement, vous &hellip; <a href=\"https:\/\/bluecup.nl\/fr\/garantie-et-plaintes\/\">Continued<\/a><\/p>\n","protected":false},"author":449,"featured_media":0,"parent":0,"menu_order":0,"comment_status":"closed","ping_status":"closed","template":"template-custom.php","meta":{"_acf_changed":false,"footnotes":""},"class_list":["post-750","page","type-page","status-publish","hentry"],"acf":[],"yoast_head":"<!-- This site is optimized with the Yoast SEO plugin v27.3 - https:\/\/yoast.com\/product\/yoast-seo-wordpress\/ -->\n<title>Garantie et plaintes - Bluecup - reusable Nespresso pod<\/title>\n<meta name=\"description\" content=\"We encourage you to notify us of complaints by sending an email to info@bluecup.nl\" \/>\n<meta name=\"robots\" content=\"index, follow, max-snippet:-1, max-image-preview:large, max-video-preview:-1\" \/>\n<link rel=\"canonical\" href=\"https:\/\/bluecup.nl\/fr\/garantie-et-plaintes\/\" \/>\n<meta property=\"og:locale\" content=\"fr_FR\" \/>\n<meta property=\"og:type\" content=\"article\" \/>\n<meta property=\"og:title\" content=\"Garantie et plaintes - Bluecup - reusable Nespresso pod\" \/>\n<meta property=\"og:description\" content=\"We encourage you to notify us of complaints by sending an email to info@bluecup.nl\" \/>\n<meta property=\"og:url\" content=\"https:\/\/bluecup.nl\/fr\/garantie-et-plaintes\/\" \/>\n<meta property=\"og:site_name\" content=\"Bluecup - reusable Nespresso pod\" \/>\n<meta property=\"article:publisher\" content=\"https:\/\/www.facebook.com\/cupyourcoffee\/\" \/>\n<meta property=\"article:modified_time\" content=\"2017-05-16T21:37:45+00:00\" \/>\n<meta name=\"twitter:card\" content=\"summary_large_image\" \/>\n<meta name=\"twitter:label1\" content=\"Dur\u00e9e de lecture estim\u00e9e\" \/>\n\t<meta name=\"twitter:data1\" content=\"1 minute\" \/>\n<script type=\"application\/ld+json\" class=\"yoast-schema-graph\">{\"@context\":\"https:\\\/\\\/schema.org\",\"@graph\":[{\"@type\":\"WebPage\",\"@id\":\"https:\\\/\\\/bluecup.nl\\\/fr\\\/garantie-et-plaintes\\\/\",\"url\":\"https:\\\/\\\/bluecup.nl\\\/fr\\\/garantie-et-plaintes\\\/\",\"name\":\"Garantie et plaintes - Bluecup - reusable Nespresso pod\",\"isPartOf\":{\"@id\":\"https:\\\/\\\/bluecup.nl\\\/#website\"},\"datePublished\":\"2017-02-08T12:43:43+00:00\",\"dateModified\":\"2017-05-16T21:37:45+00:00\",\"description\":\"We encourage you to notify us of complaints by sending an email to info@bluecup.nl\",\"breadcrumb\":{\"@id\":\"https:\\\/\\\/bluecup.nl\\\/fr\\\/garantie-et-plaintes\\\/#breadcrumb\"},\"inLanguage\":\"fr-FR\",\"potentialAction\":[{\"@type\":\"ReadAction\",\"target\":[\"https:\\\/\\\/bluecup.nl\\\/fr\\\/garantie-et-plaintes\\\/\"]}]},{\"@type\":\"BreadcrumbList\",\"@id\":\"https:\\\/\\\/bluecup.nl\\\/fr\\\/garantie-et-plaintes\\\/#breadcrumb\",\"itemListElement\":[{\"@type\":\"ListItem\",\"position\":1,\"name\":\"Home\",\"item\":\"https:\\\/\\\/bluecup.nl\\\/fr\\\/\"},{\"@type\":\"ListItem\",\"position\":2,\"name\":\"Garantie et plaintes\"}]},{\"@type\":\"WebSite\",\"@id\":\"https:\\\/\\\/bluecup.nl\\\/#website\",\"url\":\"https:\\\/\\\/bluecup.nl\\\/\",\"name\":\"Bluecup - reusable Nespresso pod\",\"description\":\"Refillable, reusable Nespresso capsule\",\"publisher\":{\"@id\":\"https:\\\/\\\/bluecup.nl\\\/#organization\"},\"potentialAction\":[{\"@type\":\"SearchAction\",\"target\":{\"@type\":\"EntryPoint\",\"urlTemplate\":\"https:\\\/\\\/bluecup.nl\\\/?s={search_term_string}\"},\"query-input\":{\"@type\":\"PropertyValueSpecification\",\"valueRequired\":true,\"valueName\":\"search_term_string\"}}],\"inLanguage\":\"fr-FR\"},{\"@type\":\"Organization\",\"@id\":\"https:\\\/\\\/bluecup.nl\\\/#organization\",\"name\":\"Bluecup reusable Nespresso pods\",\"url\":\"https:\\\/\\\/bluecup.nl\\\/\",\"logo\":{\"@type\":\"ImageObject\",\"inLanguage\":\"fr-FR\",\"@id\":\"https:\\\/\\\/bluecup.nl\\\/#\\\/schema\\\/logo\\\/image\\\/\",\"url\":\"https:\\\/\\\/bluecup.nl\\\/wp\\\/wp-content\\\/uploads\\\/2018\\\/06\\\/Bluecup-Icoon.jpg\",\"contentUrl\":\"https:\\\/\\\/bluecup.nl\\\/wp\\\/wp-content\\\/uploads\\\/2018\\\/06\\\/Bluecup-Icoon.jpg\",\"width\":864,\"height\":884,\"caption\":\"Bluecup reusable Nespresso pods\"},\"image\":{\"@id\":\"https:\\\/\\\/bluecup.nl\\\/#\\\/schema\\\/logo\\\/image\\\/\"},\"sameAs\":[\"https:\\\/\\\/www.facebook.com\\\/cupyourcoffee\\\/\"]}]}<\/script>\n<!-- \/ Yoast SEO plugin. -->","yoast_head_json":{"title":"Garantie et plaintes - Bluecup - reusable Nespresso pod","description":"We encourage you to notify us of complaints by sending an email to info@bluecup.nl","robots":{"index":"index","follow":"follow","max-snippet":"max-snippet:-1","max-image-preview":"max-image-preview:large","max-video-preview":"max-video-preview:-1"},"canonical":"https:\/\/bluecup.nl\/fr\/garantie-et-plaintes\/","og_locale":"fr_FR","og_type":"article","og_title":"Garantie et plaintes - Bluecup - reusable Nespresso pod","og_description":"We encourage you to notify us of complaints by sending an email to info@bluecup.nl","og_url":"https:\/\/bluecup.nl\/fr\/garantie-et-plaintes\/","og_site_name":"Bluecup - reusable Nespresso pod","article_publisher":"https:\/\/www.facebook.com\/cupyourcoffee\/","article_modified_time":"2017-05-16T21:37:45+00:00","twitter_card":"summary_large_image","twitter_misc":{"Dur\u00e9e de lecture estim\u00e9e":"1 minute"},"schema":{"@context":"https:\/\/schema.org","@graph":[{"@type":"WebPage","@id":"https:\/\/bluecup.nl\/fr\/garantie-et-plaintes\/","url":"https:\/\/bluecup.nl\/fr\/garantie-et-plaintes\/","name":"Garantie et plaintes - Bluecup - reusable Nespresso pod","isPartOf":{"@id":"https:\/\/bluecup.nl\/#website"},"datePublished":"2017-02-08T12:43:43+00:00","dateModified":"2017-05-16T21:37:45+00:00","description":"We encourage you to notify us of complaints by sending an email to info@bluecup.nl","breadcrumb":{"@id":"https:\/\/bluecup.nl\/fr\/garantie-et-plaintes\/#breadcrumb"},"inLanguage":"fr-FR","potentialAction":[{"@type":"ReadAction","target":["https:\/\/bluecup.nl\/fr\/garantie-et-plaintes\/"]}]},{"@type":"BreadcrumbList","@id":"https:\/\/bluecup.nl\/fr\/garantie-et-plaintes\/#breadcrumb","itemListElement":[{"@type":"ListItem","position":1,"name":"Home","item":"https:\/\/bluecup.nl\/fr\/"},{"@type":"ListItem","position":2,"name":"Garantie et plaintes"}]},{"@type":"WebSite","@id":"https:\/\/bluecup.nl\/#website","url":"https:\/\/bluecup.nl\/","name":"Bluecup - reusable Nespresso pod","description":"Refillable, reusable Nespresso capsule","publisher":{"@id":"https:\/\/bluecup.nl\/#organization"},"potentialAction":[{"@type":"SearchAction","target":{"@type":"EntryPoint","urlTemplate":"https:\/\/bluecup.nl\/?s={search_term_string}"},"query-input":{"@type":"PropertyValueSpecification","valueRequired":true,"valueName":"search_term_string"}}],"inLanguage":"fr-FR"},{"@type":"Organization","@id":"https:\/\/bluecup.nl\/#organization","name":"Bluecup reusable Nespresso pods","url":"https:\/\/bluecup.nl\/","logo":{"@type":"ImageObject","inLanguage":"fr-FR","@id":"https:\/\/bluecup.nl\/#\/schema\/logo\/image\/","url":"https:\/\/bluecup.nl\/wp\/wp-content\/uploads\/2018\/06\/Bluecup-Icoon.jpg","contentUrl":"https:\/\/bluecup.nl\/wp\/wp-content\/uploads\/2018\/06\/Bluecup-Icoon.jpg","width":864,"height":884,"caption":"Bluecup reusable Nespresso pods"},"image":{"@id":"https:\/\/bluecup.nl\/#\/schema\/logo\/image\/"},"sameAs":["https:\/\/www.facebook.com\/cupyourcoffee\/"]}]}},"_links":{"self":[{"href":"https:\/\/bluecup.nl\/fr\/wp-json\/wp\/v2\/pages\/750","targetHints":{"allow":["GET"]}}],"collection":[{"href":"https:\/\/bluecup.nl\/fr\/wp-json\/wp\/v2\/pages"}],"about":[{"href":"https:\/\/bluecup.nl\/fr\/wp-json\/wp\/v2\/types\/page"}],"author":[{"embeddable":true,"href":"https:\/\/bluecup.nl\/fr\/wp-json\/wp\/v2\/users\/449"}],"replies":[{"embeddable":true,"href":"https:\/\/bluecup.nl\/fr\/wp-json\/wp\/v2\/comments?post=750"}],"version-history":[{"count":2,"href":"https:\/\/bluecup.nl\/fr\/wp-json\/wp\/v2\/pages\/750\/revisions"}],"predecessor-version":[{"id":804,"href":"https:\/\/bluecup.nl\/fr\/wp-json\/wp\/v2\/pages\/750\/revisions\/804"}],"wp:attachment":[{"href":"https:\/\/bluecup.nl\/fr\/wp-json\/wp\/v2\/media?parent=750"}],"curies":[{"name":"wp","href":"https:\/\/api.w.org\/{rel}","templated":true}]}}