{"id":751,"date":"2016-07-20T09:29:35","date_gmt":"2016-07-20T07:29:35","guid":{"rendered":"https:\/\/bluecup.nl\/how-it-works\/"},"modified":"2021-10-06T20:04:06","modified_gmt":"2021-10-06T18:04:06","slug":"comment-ca-marche","status":"publish","type":"page","link":"https:\/\/bluecup.nl\/fr\/comment-ca-marche\/","title":{"rendered":"Comment \u00e7a marche"},"content":{"rendered":"","protected":false},"excerpt":{"rendered":"","protected":false},"author":449,"featured_media":0,"parent":0,"menu_order":0,"comment_status":"closed","ping_status":"closed","template":"","meta":{"_acf_changed":false,"footnotes":""},"class_list":["post-751","page","type-page","status-publish","hentry"],"acf":[],"yoast_head":"<!-- This site is optimized with the Yoast SEO plugin v27.3 - https:\/\/yoast.com\/product\/yoast-seo-wordpress\/ -->\n<title>Comment ca Marche une Bluecup Nespresso<\/title>\n<meta name=\"description\" content=\"Celui-ci se compose d\u2019un cr\u00e9ateur de capsules, de capsules vides, d\u2019un support-cuill\u00e8re, de petits couvercles en aluminium et de 200 grammes de caf\u00e9 moulu de qualit\u00e9 pour commencer. Nous vous montrons ci-dessous comment remplir le Bluecup pour une utilisation dans votre machine Nespresso. Simple et rapide.\" \/>\n<meta name=\"robots\" content=\"index, follow, max-snippet:-1, max-image-preview:large, max-video-preview:-1\" \/>\n<link rel=\"canonical\" href=\"https:\/\/bluecup.nl\/fr\/comment-ca-marche\/\" \/>\n<meta property=\"og:locale\" content=\"fr_FR\" \/>\n<meta property=\"og:type\" content=\"article\" \/>\n<meta property=\"og:title\" content=\"Comment ca Marche une Bluecup Nespresso\" \/>\n<meta property=\"og:description\" content=\"Celui-ci se compose d\u2019un cr\u00e9ateur de capsules, de capsules vides, d\u2019un support-cuill\u00e8re, de petits couvercles en aluminium et de 200 grammes de caf\u00e9 moulu de qualit\u00e9 pour commencer. Nous vous montrons ci-dessous comment remplir le Bluecup pour une utilisation dans votre machine Nespresso. Simple et rapide.\" \/>\n<meta property=\"og:url\" content=\"https:\/\/bluecup.nl\/fr\/comment-ca-marche\/\" \/>\n<meta property=\"og:site_name\" content=\"Bluecup - reusable Nespresso pod\" \/>\n<meta property=\"article:publisher\" content=\"https:\/\/www.facebook.com\/cupyourcoffee\/\" \/>\n<meta property=\"article:modified_time\" content=\"2021-10-06T18:04:06+00:00\" \/>\n<meta name=\"twitter:card\" content=\"summary_large_image\" \/>\n<script type=\"application\/ld+json\" class=\"yoast-schema-graph\">{\"@context\":\"https:\\\/\\\/schema.org\",\"@graph\":[{\"@type\":\"WebPage\",\"@id\":\"https:\\\/\\\/bluecup.nl\\\/fr\\\/comment-ca-marche\\\/\",\"url\":\"https:\\\/\\\/bluecup.nl\\\/fr\\\/comment-ca-marche\\\/\",\"name\":\"Comment ca Marche une Bluecup Nespresso\",\"isPartOf\":{\"@id\":\"https:\\\/\\\/bluecup.nl\\\/#website\"},\"datePublished\":\"2016-07-20T07:29:35+00:00\",\"dateModified\":\"2021-10-06T18:04:06+00:00\",\"description\":\"Celui-ci se compose d\u2019un cr\u00e9ateur de capsules, de capsules vides, d\u2019un support-cuill\u00e8re, de petits couvercles en aluminium et de 200 grammes de caf\u00e9 moulu de qualit\u00e9 pour commencer. Nous vous montrons ci-dessous comment remplir le Bluecup pour une utilisation dans votre machine Nespresso. Simple et rapide.\",\"breadcrumb\":{\"@id\":\"https:\\\/\\\/bluecup.nl\\\/fr\\\/comment-ca-marche\\\/#breadcrumb\"},\"inLanguage\":\"fr-FR\",\"potentialAction\":[{\"@type\":\"ReadAction\",\"target\":[\"https:\\\/\\\/bluecup.nl\\\/fr\\\/comment-ca-marche\\\/\"]}]},{\"@type\":\"BreadcrumbList\",\"@id\":\"https:\\\/\\\/bluecup.nl\\\/fr\\\/comment-ca-marche\\\/#breadcrumb\",\"itemListElement\":[{\"@type\":\"ListItem\",\"position\":1,\"name\":\"Home\",\"item\":\"https:\\\/\\\/bluecup.nl\\\/fr\\\/\"},{\"@type\":\"ListItem\",\"position\":2,\"name\":\"Comment \u00e7a marche\"}]},{\"@type\":\"WebSite\",\"@id\":\"https:\\\/\\\/bluecup.nl\\\/#website\",\"url\":\"https:\\\/\\\/bluecup.nl\\\/\",\"name\":\"Bluecup - reusable Nespresso pod\",\"description\":\"Refillable, reusable Nespresso capsule\",\"publisher\":{\"@id\":\"https:\\\/\\\/bluecup.nl\\\/#organization\"},\"potentialAction\":[{\"@type\":\"SearchAction\",\"target\":{\"@type\":\"EntryPoint\",\"urlTemplate\":\"https:\\\/\\\/bluecup.nl\\\/?s={search_term_string}\"},\"query-input\":{\"@type\":\"PropertyValueSpecification\",\"valueRequired\":true,\"valueName\":\"search_term_string\"}}],\"inLanguage\":\"fr-FR\"},{\"@type\":\"Organization\",\"@id\":\"https:\\\/\\\/bluecup.nl\\\/#organization\",\"name\":\"Bluecup reusable Nespresso pods\",\"url\":\"https:\\\/\\\/bluecup.nl\\\/\",\"logo\":{\"@type\":\"ImageObject\",\"inLanguage\":\"fr-FR\",\"@id\":\"https:\\\/\\\/bluecup.nl\\\/#\\\/schema\\\/logo\\\/image\\\/\",\"url\":\"https:\\\/\\\/bluecup.nl\\\/wp\\\/wp-content\\\/uploads\\\/2018\\\/06\\\/Bluecup-Icoon.jpg\",\"contentUrl\":\"https:\\\/\\\/bluecup.nl\\\/wp\\\/wp-content\\\/uploads\\\/2018\\\/06\\\/Bluecup-Icoon.jpg\",\"width\":864,\"height\":884,\"caption\":\"Bluecup reusable Nespresso pods\"},\"image\":{\"@id\":\"https:\\\/\\\/bluecup.nl\\\/#\\\/schema\\\/logo\\\/image\\\/\"},\"sameAs\":[\"https:\\\/\\\/www.facebook.com\\\/cupyourcoffee\\\/\"]}]}<\/script>\n<!-- \/ Yoast SEO plugin. -->","yoast_head_json":{"title":"Comment ca Marche une Bluecup Nespresso","description":"Celui-ci se compose d\u2019un cr\u00e9ateur de capsules, de capsules vides, d\u2019un support-cuill\u00e8re, de petits couvercles en aluminium et de 200 grammes de caf\u00e9 moulu de qualit\u00e9 pour commencer. Nous vous montrons ci-dessous comment remplir le Bluecup pour une utilisation dans votre machine Nespresso. Simple et rapide.","robots":{"index":"index","follow":"follow","max-snippet":"max-snippet:-1","max-image-preview":"max-image-preview:large","max-video-preview":"max-video-preview:-1"},"canonical":"https:\/\/bluecup.nl\/fr\/comment-ca-marche\/","og_locale":"fr_FR","og_type":"article","og_title":"Comment ca Marche une Bluecup Nespresso","og_description":"Celui-ci se compose d\u2019un cr\u00e9ateur de capsules, de capsules vides, d\u2019un support-cuill\u00e8re, de petits couvercles en aluminium et de 200 grammes de caf\u00e9 moulu de qualit\u00e9 pour commencer. Nous vous montrons ci-dessous comment remplir le Bluecup pour une utilisation dans votre machine Nespresso. Simple et rapide.","og_url":"https:\/\/bluecup.nl\/fr\/comment-ca-marche\/","og_site_name":"Bluecup - reusable Nespresso pod","article_publisher":"https:\/\/www.facebook.com\/cupyourcoffee\/","article_modified_time":"2021-10-06T18:04:06+00:00","twitter_card":"summary_large_image","schema":{"@context":"https:\/\/schema.org","@graph":[{"@type":"WebPage","@id":"https:\/\/bluecup.nl\/fr\/comment-ca-marche\/","url":"https:\/\/bluecup.nl\/fr\/comment-ca-marche\/","name":"Comment ca Marche une Bluecup Nespresso","isPartOf":{"@id":"https:\/\/bluecup.nl\/#website"},"datePublished":"2016-07-20T07:29:35+00:00","dateModified":"2021-10-06T18:04:06+00:00","description":"Celui-ci se compose d\u2019un cr\u00e9ateur de capsules, de capsules vides, d\u2019un support-cuill\u00e8re, de petits couvercles en aluminium et de 200 grammes de caf\u00e9 moulu de qualit\u00e9 pour commencer. Nous vous montrons ci-dessous comment remplir le Bluecup pour une utilisation dans votre machine Nespresso. Simple et rapide.","breadcrumb":{"@id":"https:\/\/bluecup.nl\/fr\/comment-ca-marche\/#breadcrumb"},"inLanguage":"fr-FR","potentialAction":[{"@type":"ReadAction","target":["https:\/\/bluecup.nl\/fr\/comment-ca-marche\/"]}]},{"@type":"BreadcrumbList","@id":"https:\/\/bluecup.nl\/fr\/comment-ca-marche\/#breadcrumb","itemListElement":[{"@type":"ListItem","position":1,"name":"Home","item":"https:\/\/bluecup.nl\/fr\/"},{"@type":"ListItem","position":2,"name":"Comment \u00e7a marche"}]},{"@type":"WebSite","@id":"https:\/\/bluecup.nl\/#website","url":"https:\/\/bluecup.nl\/","name":"Bluecup - reusable Nespresso pod","description":"Refillable, reusable Nespresso capsule","publisher":{"@id":"https:\/\/bluecup.nl\/#organization"},"potentialAction":[{"@type":"SearchAction","target":{"@type":"EntryPoint","urlTemplate":"https:\/\/bluecup.nl\/?s={search_term_string}"},"query-input":{"@type":"PropertyValueSpecification","valueRequired":true,"valueName":"search_term_string"}}],"inLanguage":"fr-FR"},{"@type":"Organization","@id":"https:\/\/bluecup.nl\/#organization","name":"Bluecup reusable Nespresso pods","url":"https:\/\/bluecup.nl\/","logo":{"@type":"ImageObject","inLanguage":"fr-FR","@id":"https:\/\/bluecup.nl\/#\/schema\/logo\/image\/","url":"https:\/\/bluecup.nl\/wp\/wp-content\/uploads\/2018\/06\/Bluecup-Icoon.jpg","contentUrl":"https:\/\/bluecup.nl\/wp\/wp-content\/uploads\/2018\/06\/Bluecup-Icoon.jpg","width":864,"height":884,"caption":"Bluecup reusable Nespresso pods"},"image":{"@id":"https:\/\/bluecup.nl\/#\/schema\/logo\/image\/"},"sameAs":["https:\/\/www.facebook.com\/cupyourcoffee\/"]}]}},"_links":{"self":[{"href":"https:\/\/bluecup.nl\/fr\/wp-json\/wp\/v2\/pages\/751","targetHints":{"allow":["GET"]}}],"collection":[{"href":"https:\/\/bluecup.nl\/fr\/wp-json\/wp\/v2\/pages"}],"about":[{"href":"https:\/\/bluecup.nl\/fr\/wp-json\/wp\/v2\/types\/page"}],"author":[{"embeddable":true,"href":"https:\/\/bluecup.nl\/fr\/wp-json\/wp\/v2\/users\/449"}],"replies":[{"embeddable":true,"href":"https:\/\/bluecup.nl\/fr\/wp-json\/wp\/v2\/comments?post=751"}],"version-history":[{"count":5,"href":"https:\/\/bluecup.nl\/fr\/wp-json\/wp\/v2\/pages\/751\/revisions"}],"predecessor-version":[{"id":3677,"href":"https:\/\/bluecup.nl\/fr\/wp-json\/wp\/v2\/pages\/751\/revisions\/3677"}],"wp:attachment":[{"href":"https:\/\/bluecup.nl\/fr\/wp-json\/wp\/v2\/media?parent=751"}],"curies":[{"name":"wp","href":"https:\/\/api.w.org\/{rel}","templated":true}]}}