{"id":753,"date":"2017-02-08T13:42:50","date_gmt":"2017-02-08T12:42:50","guid":{"rendered":"https:\/\/bluecup.nl\/levertijd-en-verzendkosten\/"},"modified":"2017-05-16T23:31:36","modified_gmt":"2017-05-16T21:31:36","slug":"livraison-frais-dexpedition","status":"publish","type":"page","link":"https:\/\/bluecup.nl\/fr\/livraison-frais-dexpedition\/","title":{"rendered":"Livraison &#038; frais d\u2019exp\u00e9dition"},"content":{"rendered":"<p>Nous faisons de notre mieux pour livrer soigneusement la commande le plus rapidement possible chez vous. Les commandes pass\u00e9es en semaine avant 12h00, nous essayons de les envoyer encore le m\u00eame jour. Cependant nous n\u2019arrivons pas toujours \u00e0 respecter cela avec succ\u00e8s, parfois les produits ne sont pas disponibles en stock et de ce fait, la livraison de votre commande peut durer un peu plus longtemps. Sur la page du produit, il y a une indication du d\u00e9lai de livraison. Si pour quelque raison que ce soit, nous ne pouvons pas parvenir \u00e0 effectuer la livraison \u00e0 temps, nous vous mettrons, bien s\u00fbr, d\u00e8s que possible au courant.<\/p>\n<p>Les prix indiqu\u00e9s ne comprennent pas les frais d&rsquo;exp\u00e9dition. Vous pouvez calculer les frais d\u2019exp\u00e9dition avec le calculateur qui se trouve dans la boutique en ligne.<\/p>\n<p>La livraison est effectu\u00e9e par le transporteur de paquets Post.nl. En g\u00e9n\u00e9ral, la livraison aura lieu dans les 3 jours ouvrables. Malheureusement, nous ne pouvons pas garantir le moment exact de la livraison.<\/p>\n","protected":false},"excerpt":{"rendered":"<p>Nous faisons de notre mieux pour livrer soigneusement la commande le plus rapidement possible chez vous. Les commandes pass\u00e9es en semaine avant 12h00, nous essayons de les envoyer encore le m\u00eame jour. Cependant nous n\u2019arrivons pas toujours \u00e0 respecter cela avec succ\u00e8s, parfois les produits ne sont pas disponibles en stock et de ce fait, &hellip; <a href=\"https:\/\/bluecup.nl\/fr\/livraison-frais-dexpedition\/\">Continued<\/a><\/p>\n","protected":false},"author":449,"featured_media":0,"parent":0,"menu_order":0,"comment_status":"closed","ping_status":"closed","template":"template-custom.php","meta":{"_acf_changed":false,"footnotes":""},"class_list":["post-753","page","type-page","status-publish","hentry"],"acf":[],"yoast_head":"<!-- This site is optimized with the Yoast SEO plugin v27.4 - https:\/\/yoast.com\/product\/yoast-seo-wordpress\/ -->\n<title>Livraison &amp; frais d\u2019exp\u00e9dition - Bluecup - reusable Nespresso pod<\/title>\n<meta name=\"robots\" content=\"index, follow, max-snippet:-1, max-image-preview:large, max-video-preview:-1\" \/>\n<link rel=\"canonical\" href=\"https:\/\/bluecup.nl\/fr\/livraison-frais-dexpedition\/\" \/>\n<meta property=\"og:locale\" content=\"fr_FR\" \/>\n<meta property=\"og:type\" content=\"article\" \/>\n<meta property=\"og:title\" content=\"Livraison &amp; frais d\u2019exp\u00e9dition - Bluecup - reusable Nespresso pod\" \/>\n<meta property=\"og:description\" content=\"Nous faisons de notre mieux pour livrer soigneusement la commande le plus rapidement possible chez vous. Les commandes pass\u00e9es en semaine avant 12h00, nous essayons de les envoyer encore le m\u00eame jour. Cependant nous n\u2019arrivons pas toujours \u00e0 respecter cela avec succ\u00e8s, parfois les produits ne sont pas disponibles en stock et de ce fait, &hellip; Continued\" \/>\n<meta property=\"og:url\" content=\"https:\/\/bluecup.nl\/fr\/livraison-frais-dexpedition\/\" \/>\n<meta property=\"og:site_name\" content=\"Bluecup - reusable Nespresso pod\" \/>\n<meta property=\"article:publisher\" content=\"https:\/\/www.facebook.com\/cupyourcoffee\/\" \/>\n<meta property=\"article:modified_time\" content=\"2017-05-16T21:31:36+00:00\" \/>\n<meta name=\"twitter:card\" content=\"summary_large_image\" \/>\n<meta name=\"twitter:label1\" content=\"Dur\u00e9e de lecture estim\u00e9e\" \/>\n\t<meta name=\"twitter:data1\" content=\"1 minute\" \/>\n<script type=\"application\/ld+json\" class=\"yoast-schema-graph\">{\"@context\":\"https:\\\/\\\/schema.org\",\"@graph\":[{\"@type\":\"WebPage\",\"@id\":\"https:\\\/\\\/bluecup.nl\\\/fr\\\/livraison-frais-dexpedition\\\/\",\"url\":\"https:\\\/\\\/bluecup.nl\\\/fr\\\/livraison-frais-dexpedition\\\/\",\"name\":\"Livraison & frais d\u2019exp\u00e9dition - Bluecup - reusable Nespresso pod\",\"isPartOf\":{\"@id\":\"https:\\\/\\\/bluecup.nl\\\/#website\"},\"datePublished\":\"2017-02-08T12:42:50+00:00\",\"dateModified\":\"2017-05-16T21:31:36+00:00\",\"breadcrumb\":{\"@id\":\"https:\\\/\\\/bluecup.nl\\\/fr\\\/livraison-frais-dexpedition\\\/#breadcrumb\"},\"inLanguage\":\"fr-FR\",\"potentialAction\":[{\"@type\":\"ReadAction\",\"target\":[\"https:\\\/\\\/bluecup.nl\\\/fr\\\/livraison-frais-dexpedition\\\/\"]}]},{\"@type\":\"BreadcrumbList\",\"@id\":\"https:\\\/\\\/bluecup.nl\\\/fr\\\/livraison-frais-dexpedition\\\/#breadcrumb\",\"itemListElement\":[{\"@type\":\"ListItem\",\"position\":1,\"name\":\"Home\",\"item\":\"https:\\\/\\\/bluecup.nl\\\/fr\\\/\"},{\"@type\":\"ListItem\",\"position\":2,\"name\":\"Livraison &#038; frais d\u2019exp\u00e9dition\"}]},{\"@type\":\"WebSite\",\"@id\":\"https:\\\/\\\/bluecup.nl\\\/#website\",\"url\":\"https:\\\/\\\/bluecup.nl\\\/\",\"name\":\"Bluecup - reusable Nespresso pod\",\"description\":\"Refillable, reusable Nespresso capsule\",\"publisher\":{\"@id\":\"https:\\\/\\\/bluecup.nl\\\/#organization\"},\"potentialAction\":[{\"@type\":\"SearchAction\",\"target\":{\"@type\":\"EntryPoint\",\"urlTemplate\":\"https:\\\/\\\/bluecup.nl\\\/?s={search_term_string}\"},\"query-input\":{\"@type\":\"PropertyValueSpecification\",\"valueRequired\":true,\"valueName\":\"search_term_string\"}}],\"inLanguage\":\"fr-FR\"},{\"@type\":\"Organization\",\"@id\":\"https:\\\/\\\/bluecup.nl\\\/#organization\",\"name\":\"Bluecup reusable Nespresso pods\",\"url\":\"https:\\\/\\\/bluecup.nl\\\/\",\"logo\":{\"@type\":\"ImageObject\",\"inLanguage\":\"fr-FR\",\"@id\":\"https:\\\/\\\/bluecup.nl\\\/#\\\/schema\\\/logo\\\/image\\\/\",\"url\":\"https:\\\/\\\/bluecup.nl\\\/wp\\\/wp-content\\\/uploads\\\/2018\\\/06\\\/Bluecup-Icoon.jpg\",\"contentUrl\":\"https:\\\/\\\/bluecup.nl\\\/wp\\\/wp-content\\\/uploads\\\/2018\\\/06\\\/Bluecup-Icoon.jpg\",\"width\":864,\"height\":884,\"caption\":\"Bluecup reusable Nespresso pods\"},\"image\":{\"@id\":\"https:\\\/\\\/bluecup.nl\\\/#\\\/schema\\\/logo\\\/image\\\/\"},\"sameAs\":[\"https:\\\/\\\/www.facebook.com\\\/cupyourcoffee\\\/\"]}]}<\/script>\n<!-- \/ Yoast SEO plugin. -->","yoast_head_json":{"title":"Livraison & frais d\u2019exp\u00e9dition - Bluecup - reusable Nespresso pod","robots":{"index":"index","follow":"follow","max-snippet":"max-snippet:-1","max-image-preview":"max-image-preview:large","max-video-preview":"max-video-preview:-1"},"canonical":"https:\/\/bluecup.nl\/fr\/livraison-frais-dexpedition\/","og_locale":"fr_FR","og_type":"article","og_title":"Livraison & frais d\u2019exp\u00e9dition - Bluecup - reusable Nespresso pod","og_description":"Nous faisons de notre mieux pour livrer soigneusement la commande le plus rapidement possible chez vous. Les commandes pass\u00e9es en semaine avant 12h00, nous essayons de les envoyer encore le m\u00eame jour. Cependant nous n\u2019arrivons pas toujours \u00e0 respecter cela avec succ\u00e8s, parfois les produits ne sont pas disponibles en stock et de ce fait, &hellip; Continued","og_url":"https:\/\/bluecup.nl\/fr\/livraison-frais-dexpedition\/","og_site_name":"Bluecup - reusable Nespresso pod","article_publisher":"https:\/\/www.facebook.com\/cupyourcoffee\/","article_modified_time":"2017-05-16T21:31:36+00:00","twitter_card":"summary_large_image","twitter_misc":{"Dur\u00e9e de lecture estim\u00e9e":"1 minute"},"schema":{"@context":"https:\/\/schema.org","@graph":[{"@type":"WebPage","@id":"https:\/\/bluecup.nl\/fr\/livraison-frais-dexpedition\/","url":"https:\/\/bluecup.nl\/fr\/livraison-frais-dexpedition\/","name":"Livraison & frais d\u2019exp\u00e9dition - Bluecup - reusable Nespresso pod","isPartOf":{"@id":"https:\/\/bluecup.nl\/#website"},"datePublished":"2017-02-08T12:42:50+00:00","dateModified":"2017-05-16T21:31:36+00:00","breadcrumb":{"@id":"https:\/\/bluecup.nl\/fr\/livraison-frais-dexpedition\/#breadcrumb"},"inLanguage":"fr-FR","potentialAction":[{"@type":"ReadAction","target":["https:\/\/bluecup.nl\/fr\/livraison-frais-dexpedition\/"]}]},{"@type":"BreadcrumbList","@id":"https:\/\/bluecup.nl\/fr\/livraison-frais-dexpedition\/#breadcrumb","itemListElement":[{"@type":"ListItem","position":1,"name":"Home","item":"https:\/\/bluecup.nl\/fr\/"},{"@type":"ListItem","position":2,"name":"Livraison &#038; frais d\u2019exp\u00e9dition"}]},{"@type":"WebSite","@id":"https:\/\/bluecup.nl\/#website","url":"https:\/\/bluecup.nl\/","name":"Bluecup - reusable Nespresso pod","description":"Refillable, reusable Nespresso capsule","publisher":{"@id":"https:\/\/bluecup.nl\/#organization"},"potentialAction":[{"@type":"SearchAction","target":{"@type":"EntryPoint","urlTemplate":"https:\/\/bluecup.nl\/?s={search_term_string}"},"query-input":{"@type":"PropertyValueSpecification","valueRequired":true,"valueName":"search_term_string"}}],"inLanguage":"fr-FR"},{"@type":"Organization","@id":"https:\/\/bluecup.nl\/#organization","name":"Bluecup reusable Nespresso pods","url":"https:\/\/bluecup.nl\/","logo":{"@type":"ImageObject","inLanguage":"fr-FR","@id":"https:\/\/bluecup.nl\/#\/schema\/logo\/image\/","url":"https:\/\/bluecup.nl\/wp\/wp-content\/uploads\/2018\/06\/Bluecup-Icoon.jpg","contentUrl":"https:\/\/bluecup.nl\/wp\/wp-content\/uploads\/2018\/06\/Bluecup-Icoon.jpg","width":864,"height":884,"caption":"Bluecup reusable Nespresso pods"},"image":{"@id":"https:\/\/bluecup.nl\/#\/schema\/logo\/image\/"},"sameAs":["https:\/\/www.facebook.com\/cupyourcoffee\/"]}]}},"_links":{"self":[{"href":"https:\/\/bluecup.nl\/fr\/wp-json\/wp\/v2\/pages\/753","targetHints":{"allow":["GET"]}}],"collection":[{"href":"https:\/\/bluecup.nl\/fr\/wp-json\/wp\/v2\/pages"}],"about":[{"href":"https:\/\/bluecup.nl\/fr\/wp-json\/wp\/v2\/types\/page"}],"author":[{"embeddable":true,"href":"https:\/\/bluecup.nl\/fr\/wp-json\/wp\/v2\/users\/449"}],"replies":[{"embeddable":true,"href":"https:\/\/bluecup.nl\/fr\/wp-json\/wp\/v2\/comments?post=753"}],"version-history":[{"count":1,"href":"https:\/\/bluecup.nl\/fr\/wp-json\/wp\/v2\/pages\/753\/revisions"}],"predecessor-version":[{"id":801,"href":"https:\/\/bluecup.nl\/fr\/wp-json\/wp\/v2\/pages\/753\/revisions\/801"}],"wp:attachment":[{"href":"https:\/\/bluecup.nl\/fr\/wp-json\/wp\/v2\/media?parent=753"}],"curies":[{"name":"wp","href":"https:\/\/api.w.org\/{rel}","templated":true}]}}