{"id":755,"date":"2017-02-08T13:48:02","date_gmt":"2017-02-08T12:48:02","guid":{"rendered":"https:\/\/bluecup.nl\/privacy-policy\/"},"modified":"2019-05-01T20:33:21","modified_gmt":"2019-05-01T18:33:21","slug":"politique-de-confidentialite","status":"publish","type":"page","link":"https:\/\/bluecup.nl\/fr\/politique-de-confidentialite\/","title":{"rendered":"Politique de confidentialit\u00e9"},"content":{"rendered":"<h3>Politique de confidentialit\u00e9 Bluecup<\/h3>\n<p><em>Cette page a \u00e9t\u00e9 modifi\u00e9e en dernier le 08-02-2017.<\/em><\/p>\n<p>Nous sommes conscients que vous avez confiance en nous. Nous consid\u00e9rons cela donc comme \u00e9tant notre responsabilit\u00e9 de prot\u00e9ger votre vie priv\u00e9e. Dans cette page, nous vous faisons savoir quelles sont les donn\u00e9es que nous recueillons si vous utilisez notre site Web, pourquoi nous recueillons ces donn\u00e9es et comment avec cela nous am\u00e9liorons votre exp\u00e9rience d\u2019utilisateur. Ainsi, vous comprendrez exactement comment nous travaillons.<\/p>\n<p>Cette politique de confidentialit\u00e9 est d\u2019application sur les services de Bluecup. Vous devez \u00eatre conscient que Bluecup n\u2019est pas responsable de la politique de confidentialit\u00e9 des autres sites et sources. En utilisant ce site web, vous nous faites savoir que vous acceptez la politique de confidentialit\u00e9.<\/p>\n<p>Bluecup respecte la vie priv\u00e9e de tous les utilisateurs de son site et veille \u00e0 ce que les donn\u00e9es personnelles que vous nous fournissez soient trait\u00e9es de mani\u00e8re confidentielle.<\/p>\n<blockquote><p>Notre utilisation des donn\u00e9es recueillies<\/p><\/blockquote>\n<p><strong>Utilisation de nos services<\/strong><br \/>\nLorsque vous vous inscrivez \u00e0 l\u2019un de nos services, nous vous demandons de fournir des donn\u00e9es personnelles. Ces donn\u00e9es seront utilis\u00e9es pour \u00eatre en mesure d&rsquo;effectuer le service. Les donn\u00e9es sont stock\u00e9es sur les propres serveurs s\u00e9curis\u00e9s de Bluecup ou ceux d&rsquo;une tiers. Nous ne combinerons pas ces donn\u00e9es avec d&rsquo;autres donn\u00e9es personnelles dont nos disposons.<\/p>\n<p><strong>Communication<\/strong><br \/>\nLorsque vous nous envoyez un courriel ou d&rsquo;autres messages, il est possible que nous conservions ces messages. Parfois, nous vous demandons des renseignements personnels qui sont pertinents pour la situation en question. Cela permet de traiter vos questions et de r\u00e9pondre \u00e0 vos demandes. Les donn\u00e9es sont stock\u00e9es sur les propres serveurs s\u00e9curis\u00e9s de Bluecup ou de ceux d&rsquo;un tiers. Nous ne combinerons pas ces donn\u00e9es avec d&rsquo;autres donn\u00e9es personnelles dont nous disposons.<\/p>\n<p><strong>Cookies<\/strong><br \/>\nNous pouvons rassembler des donn\u00e9es pour la recherche pour acqu\u00e9rir une meilleure compr\u00e9hension de nos clients afin que nous puissions adapter nos services en cons\u00e9quence.<\/p>\n<p>Ce site utilise des \u00abcookies\u00bb (petits fichiers texte qui sont plac\u00e9s sur votre ordinateur) pour aider le site web \u00e0 analyser comment les utilisateurs utilisent le site. De par les informations g\u00e9n\u00e9r\u00e9es par les cookies concernant votre utilisation du site, ces derni\u00e8res peuvent \u00eatre transmises \u00e0 des propres serveurs s\u00e9curis\u00e9s de Bluecup ou de ceux d&rsquo;un tiers. Nous utilisons ces informations pour suivre la fa\u00e7on dont vous utilisez le site web, de compiler des rapports sur l&rsquo;activit\u00e9 du site et fournir d&rsquo;autres services relatifs \u00e0 l&rsquo;activit\u00e9 du site web et l&rsquo;utilisation d&rsquo;Internet.<\/p>\n<p><strong>Objectifs<\/strong><br \/>\nNous ne rassemblons ni n\u2019utilisons les informations pour d\u2019autres objectifs que les objectifs d\u00e9crits\u00a0 dans la pr\u00e9sente Politique de confidentialit\u00e9, \u00e0 moins que nous ayons re\u00e7u au pr\u00e9alable votre approbation \u00e0 cet effet.<\/p>\n<p><strong>Les tiers<\/strong><br \/>\nLes informations ne sont pas partag\u00e9es avec des tiers \u00e0 l&rsquo;exception des applications web que nous utilisons \u00e0 l\u2019intention de notre boutique en ligne. Ces donn\u00e9es ne seront utilis\u00e9es que dans le but de l&rsquo;objectif de l\u2019application en question et ne seront pas divulgu\u00e9es autrement. En outre, il est possible dans certains cas de partager en interne les informations. Nos employ\u00e9s sont oblig\u00e9s de respecter la confidentialit\u00e9 de vos informations.<\/p>\n<p><strong>Changements<\/strong><br \/>\nCette d\u00e9claration de confidentialit\u00e9 est adapt\u00e9e \u00e0 l&rsquo;utilisation et les capacit\u00e9s de ce site. D\u2019\u00e9ventuels \u00a0 ajustements et\/ou modifications de ce site peuvent entra\u00eener des changements dans cette d\u00e9claration de confidentialit\u00e9. C\u2019est pour cela qu\u2019Il est donc conseill\u00e9 de consulter r\u00e9guli\u00e8rement cette d\u00e9claration de confidentialit\u00e9.<\/p>\n<p><strong>Choix de donn\u00e9es personnelles<\/strong><br \/>\nNous offrons \u00e0 tous les visiteurs la possibilit\u00e9 de visualiser, modifier ou supprimer toutes les donn\u00e9es personnelles qui nous sont fournies actuellement.<\/p>\n<p><strong>Modifier \/ D\u00e9sinscription du service du bulletin d\u2019information<\/strong><br \/>\nAu bas de chaque envoi, vous trouverez la possibilit\u00e9 de modifier vos donn\u00e9es ou de vous d\u00e9sinscrire.<\/p>\n<p><strong>Modifier \/ d\u00e9sabonnement de la communication<\/strong><br \/>\nSi vous souhaitez modifier vos donn\u00e9es ou vous souhaitez vous d\u00e9sinscrire de nos fichiers, vous pouvez prendre contact avec nous. Voir les donn\u00e9es de contact ci-dessous.<\/p>\n<p><strong>D\u00e9sactiver les cookies<\/strong><br \/>\nLa plupart des navigateurs sont configur\u00e9s de mani\u00e8re standard pour accepter les cookies, mais vous pouvez r\u00e9initialiser votre navigateur pour refuser tous les cookies ou pour indiquer \u00e0 quel moment\u00a0 un cookie sera envoy\u00e9. Cependant, il est possible que certaines fonctions et services sur notre et autres sites Web ne fonctionnent pas correctement si les cookies sont d\u00e9sactiv\u00e9s dans votre navigateur.<\/p>\n<p><strong>Questions et commentaires<\/strong><br \/>\nNous contr\u00f4lons r\u00e9guli\u00e8rement si nous sommes en conformit\u00e9 avec cette politique de confidentialit\u00e9. Si vous avez des questions au sujet de cette politique de confidentialit\u00e9, vous pouvez prendre contact avec nous:<\/p>\n<p><strong>Bluecup bv<\/strong><br \/>\nDorpsstraat 48a<br \/>\n3641 ED Mijdrecht<br \/>\nPays Bas<\/p>\n<p><strong>T<\/strong> +31 297-254616 (anglais parl\u00e9 exclusivement)<br \/>\n<strong>E<\/strong> <a href=\"mailto:info@bluecup.nl\">info@bluecup.nl<\/a><\/p>\n","protected":false},"excerpt":{"rendered":"<p>Politique de confidentialit\u00e9 Bluecup Cette page a \u00e9t\u00e9 modifi\u00e9e en dernier le 08-02-2017. Nous sommes conscients que vous avez confiance en nous. Nous consid\u00e9rons cela donc comme \u00e9tant notre responsabilit\u00e9 de prot\u00e9ger votre vie priv\u00e9e. Dans cette page, nous vous faisons savoir quelles sont les donn\u00e9es que nous recueillons si vous utilisez notre site Web, &hellip; <a href=\"https:\/\/bluecup.nl\/fr\/politique-de-confidentialite\/\">Continued<\/a><\/p>\n","protected":false},"author":449,"featured_media":0,"parent":0,"menu_order":0,"comment_status":"closed","ping_status":"closed","template":"template-custom.php","meta":{"_acf_changed":false,"footnotes":""},"class_list":["post-755","page","type-page","status-publish","hentry"],"acf":[],"yoast_head":"<!-- This site is optimized with the Yoast SEO plugin v27.3 - https:\/\/yoast.com\/product\/yoast-seo-wordpress\/ -->\n<title>Politique de confidentialit\u00e9 - Bluecup - reusable Nespresso pod<\/title>\n<meta name=\"description\" content=\"It is our responsibility to protect your privacy. On this page you can read which data we collect when you visit our website, why we collect these data and how we improve your experience using our website based on these data.\" \/>\n<meta name=\"robots\" content=\"index, follow, max-snippet:-1, max-image-preview:large, max-video-preview:-1\" \/>\n<link rel=\"canonical\" href=\"https:\/\/bluecup.nl\/fr\/politique-de-confidentialite\/\" \/>\n<meta property=\"og:locale\" content=\"fr_FR\" \/>\n<meta property=\"og:type\" content=\"article\" \/>\n<meta property=\"og:title\" content=\"Politique de confidentialit\u00e9 - Bluecup - reusable Nespresso pod\" \/>\n<meta property=\"og:description\" content=\"It is our responsibility to protect your privacy. On this page you can read which data we collect when you visit our website, why we collect these data and how we improve your experience using our website based on these data.\" \/>\n<meta property=\"og:url\" content=\"https:\/\/bluecup.nl\/fr\/politique-de-confidentialite\/\" \/>\n<meta property=\"og:site_name\" content=\"Bluecup - reusable Nespresso pod\" \/>\n<meta property=\"article:publisher\" content=\"https:\/\/www.facebook.com\/cupyourcoffee\/\" \/>\n<meta property=\"article:modified_time\" content=\"2019-05-01T18:33:21+00:00\" \/>\n<meta name=\"twitter:card\" content=\"summary_large_image\" \/>\n<meta name=\"twitter:label1\" content=\"Dur\u00e9e de lecture estim\u00e9e\" \/>\n\t<meta name=\"twitter:data1\" content=\"4 minutes\" \/>\n<script type=\"application\/ld+json\" class=\"yoast-schema-graph\">{\"@context\":\"https:\\\/\\\/schema.org\",\"@graph\":[{\"@type\":\"WebPage\",\"@id\":\"https:\\\/\\\/bluecup.nl\\\/fr\\\/politique-de-confidentialite\\\/\",\"url\":\"https:\\\/\\\/bluecup.nl\\\/fr\\\/politique-de-confidentialite\\\/\",\"name\":\"Politique de confidentialit\u00e9 - Bluecup - reusable Nespresso pod\",\"isPartOf\":{\"@id\":\"https:\\\/\\\/bluecup.nl\\\/#website\"},\"datePublished\":\"2017-02-08T12:48:02+00:00\",\"dateModified\":\"2019-05-01T18:33:21+00:00\",\"description\":\"It is our responsibility to protect your privacy. On this page you can read which data we collect when you visit our website, why we collect these data and how we improve your experience using our website based on these data.\",\"breadcrumb\":{\"@id\":\"https:\\\/\\\/bluecup.nl\\\/fr\\\/politique-de-confidentialite\\\/#breadcrumb\"},\"inLanguage\":\"fr-FR\",\"potentialAction\":[{\"@type\":\"ReadAction\",\"target\":[\"https:\\\/\\\/bluecup.nl\\\/fr\\\/politique-de-confidentialite\\\/\"]}]},{\"@type\":\"BreadcrumbList\",\"@id\":\"https:\\\/\\\/bluecup.nl\\\/fr\\\/politique-de-confidentialite\\\/#breadcrumb\",\"itemListElement\":[{\"@type\":\"ListItem\",\"position\":1,\"name\":\"Home\",\"item\":\"https:\\\/\\\/bluecup.nl\\\/fr\\\/\"},{\"@type\":\"ListItem\",\"position\":2,\"name\":\"Politique de confidentialit\u00e9\"}]},{\"@type\":\"WebSite\",\"@id\":\"https:\\\/\\\/bluecup.nl\\\/#website\",\"url\":\"https:\\\/\\\/bluecup.nl\\\/\",\"name\":\"Bluecup - reusable Nespresso pod\",\"description\":\"Refillable, reusable Nespresso capsule\",\"publisher\":{\"@id\":\"https:\\\/\\\/bluecup.nl\\\/#organization\"},\"potentialAction\":[{\"@type\":\"SearchAction\",\"target\":{\"@type\":\"EntryPoint\",\"urlTemplate\":\"https:\\\/\\\/bluecup.nl\\\/?s={search_term_string}\"},\"query-input\":{\"@type\":\"PropertyValueSpecification\",\"valueRequired\":true,\"valueName\":\"search_term_string\"}}],\"inLanguage\":\"fr-FR\"},{\"@type\":\"Organization\",\"@id\":\"https:\\\/\\\/bluecup.nl\\\/#organization\",\"name\":\"Bluecup reusable Nespresso pods\",\"url\":\"https:\\\/\\\/bluecup.nl\\\/\",\"logo\":{\"@type\":\"ImageObject\",\"inLanguage\":\"fr-FR\",\"@id\":\"https:\\\/\\\/bluecup.nl\\\/#\\\/schema\\\/logo\\\/image\\\/\",\"url\":\"https:\\\/\\\/bluecup.nl\\\/wp\\\/wp-content\\\/uploads\\\/2018\\\/06\\\/Bluecup-Icoon.jpg\",\"contentUrl\":\"https:\\\/\\\/bluecup.nl\\\/wp\\\/wp-content\\\/uploads\\\/2018\\\/06\\\/Bluecup-Icoon.jpg\",\"width\":864,\"height\":884,\"caption\":\"Bluecup reusable Nespresso pods\"},\"image\":{\"@id\":\"https:\\\/\\\/bluecup.nl\\\/#\\\/schema\\\/logo\\\/image\\\/\"},\"sameAs\":[\"https:\\\/\\\/www.facebook.com\\\/cupyourcoffee\\\/\"]}]}<\/script>\n<!-- \/ Yoast SEO plugin. -->","yoast_head_json":{"title":"Politique de confidentialit\u00e9 - Bluecup - reusable Nespresso pod","description":"It is our responsibility to protect your privacy. On this page you can read which data we collect when you visit our website, why we collect these data and how we improve your experience using our website based on these data.","robots":{"index":"index","follow":"follow","max-snippet":"max-snippet:-1","max-image-preview":"max-image-preview:large","max-video-preview":"max-video-preview:-1"},"canonical":"https:\/\/bluecup.nl\/fr\/politique-de-confidentialite\/","og_locale":"fr_FR","og_type":"article","og_title":"Politique de confidentialit\u00e9 - Bluecup - reusable Nespresso pod","og_description":"It is our responsibility to protect your privacy. On this page you can read which data we collect when you visit our website, why we collect these data and how we improve your experience using our website based on these data.","og_url":"https:\/\/bluecup.nl\/fr\/politique-de-confidentialite\/","og_site_name":"Bluecup - reusable Nespresso pod","article_publisher":"https:\/\/www.facebook.com\/cupyourcoffee\/","article_modified_time":"2019-05-01T18:33:21+00:00","twitter_card":"summary_large_image","twitter_misc":{"Dur\u00e9e de lecture estim\u00e9e":"4 minutes"},"schema":{"@context":"https:\/\/schema.org","@graph":[{"@type":"WebPage","@id":"https:\/\/bluecup.nl\/fr\/politique-de-confidentialite\/","url":"https:\/\/bluecup.nl\/fr\/politique-de-confidentialite\/","name":"Politique de confidentialit\u00e9 - Bluecup - reusable Nespresso pod","isPartOf":{"@id":"https:\/\/bluecup.nl\/#website"},"datePublished":"2017-02-08T12:48:02+00:00","dateModified":"2019-05-01T18:33:21+00:00","description":"It is our responsibility to protect your privacy. On this page you can read which data we collect when you visit our website, why we collect these data and how we improve your experience using our website based on these data.","breadcrumb":{"@id":"https:\/\/bluecup.nl\/fr\/politique-de-confidentialite\/#breadcrumb"},"inLanguage":"fr-FR","potentialAction":[{"@type":"ReadAction","target":["https:\/\/bluecup.nl\/fr\/politique-de-confidentialite\/"]}]},{"@type":"BreadcrumbList","@id":"https:\/\/bluecup.nl\/fr\/politique-de-confidentialite\/#breadcrumb","itemListElement":[{"@type":"ListItem","position":1,"name":"Home","item":"https:\/\/bluecup.nl\/fr\/"},{"@type":"ListItem","position":2,"name":"Politique de confidentialit\u00e9"}]},{"@type":"WebSite","@id":"https:\/\/bluecup.nl\/#website","url":"https:\/\/bluecup.nl\/","name":"Bluecup - reusable Nespresso pod","description":"Refillable, reusable Nespresso capsule","publisher":{"@id":"https:\/\/bluecup.nl\/#organization"},"potentialAction":[{"@type":"SearchAction","target":{"@type":"EntryPoint","urlTemplate":"https:\/\/bluecup.nl\/?s={search_term_string}"},"query-input":{"@type":"PropertyValueSpecification","valueRequired":true,"valueName":"search_term_string"}}],"inLanguage":"fr-FR"},{"@type":"Organization","@id":"https:\/\/bluecup.nl\/#organization","name":"Bluecup reusable Nespresso pods","url":"https:\/\/bluecup.nl\/","logo":{"@type":"ImageObject","inLanguage":"fr-FR","@id":"https:\/\/bluecup.nl\/#\/schema\/logo\/image\/","url":"https:\/\/bluecup.nl\/wp\/wp-content\/uploads\/2018\/06\/Bluecup-Icoon.jpg","contentUrl":"https:\/\/bluecup.nl\/wp\/wp-content\/uploads\/2018\/06\/Bluecup-Icoon.jpg","width":864,"height":884,"caption":"Bluecup reusable Nespresso pods"},"image":{"@id":"https:\/\/bluecup.nl\/#\/schema\/logo\/image\/"},"sameAs":["https:\/\/www.facebook.com\/cupyourcoffee\/"]}]}},"_links":{"self":[{"href":"https:\/\/bluecup.nl\/fr\/wp-json\/wp\/v2\/pages\/755","targetHints":{"allow":["GET"]}}],"collection":[{"href":"https:\/\/bluecup.nl\/fr\/wp-json\/wp\/v2\/pages"}],"about":[{"href":"https:\/\/bluecup.nl\/fr\/wp-json\/wp\/v2\/types\/page"}],"author":[{"embeddable":true,"href":"https:\/\/bluecup.nl\/fr\/wp-json\/wp\/v2\/users\/449"}],"replies":[{"embeddable":true,"href":"https:\/\/bluecup.nl\/fr\/wp-json\/wp\/v2\/comments?post=755"}],"version-history":[{"count":3,"href":"https:\/\/bluecup.nl\/fr\/wp-json\/wp\/v2\/pages\/755\/revisions"}],"predecessor-version":[{"id":1904,"href":"https:\/\/bluecup.nl\/fr\/wp-json\/wp\/v2\/pages\/755\/revisions\/1904"}],"wp:attachment":[{"href":"https:\/\/bluecup.nl\/fr\/wp-json\/wp\/v2\/media?parent=755"}],"curies":[{"name":"wp","href":"https:\/\/api.w.org\/{rel}","templated":true}]}}