{"id":756,"date":"2017-02-08T13:38:31","date_gmt":"2017-02-08T12:38:31","guid":{"rendered":"https:\/\/bluecup.nl\/right-of-withdrawal\/"},"modified":"2017-05-19T11:33:27","modified_gmt":"2017-05-19T09:33:27","slug":"retours","status":"publish","type":"page","link":"https:\/\/bluecup.nl\/fr\/retours\/","title":{"rendered":"Retours"},"content":{"rendered":"<h3>Temps de r\u00e9flexion\/retour<\/h3>\n<p>Il peut arriver que vous vouliez renvoyer une commande. Peut-\u00eatre parce que le produit ne vous convient quand m\u00eame pas ou peut-\u00eatre qu\u2019il y a une autre raison pour laquelle vous n\u2019ayez pas envie de l\u2019avoir. Peu importe la raison, vous avez le droit d&rsquo;annuler votre commande dans les 14 jours apr\u00e8s r\u00e9ception, sans donner la moindre raison.<\/p>\n<p>Vous avez apr\u00e8s l\u2019annulation encore 14 jours pour renvoyer votre produit. Vous serez alors cr\u00e9dit\u00e9 du montant total de la commande, y compris les frais d&rsquo;exp\u00e9dition. Seuls les frais de retour de votre maison vers la boutique en ligne vous seront factur\u00e9s. Ces d\u00e9penses repr\u00e9sentent environ 6,95 euro par paquet, consultez les tarifs exacts du site Web de votre op\u00e9rateur \u00e0 cet effet. Si vous utilisez votre droit de r\u00e9tractation, le produit avec tous les accessoires livr\u00e9s et \u2013 d\u2019une mani\u00e8re aussi raisonnable que possible &#8211; seront retourn\u00e9s dans leur \u00e9tat original et leur emballage \u00e0 Bluecup. Pour exercer ce droit, vous pouvez nous contacter par courriel \u00e0 l\u2019adresse <a href=\"mailto:info@bluecup.nl\">info@bluecup.nl<\/a>. Nous allons ensuite effectuer le remboursement du montant redevable de la commande dans les 14 jours apr\u00e8s l&rsquo;enregistrement de votre renvoi, \u00e0 condition que le produit ait \u00e9t\u00e9 d\u00e9j\u00e0 re\u00e7u en bon ordre.<\/p>\n<p>Si le produit ou l\u2019emballage sont endommag\u00e9s plus que n\u00e9cessaire pour tester le produit, alors nous pouvons vous facturer cette d\u00e9pr\u00e9ciation du produit. Donc traitez le produit avec le plus grand soin et assurez-vous que celui-ci soit bien emball\u00e9 en vue d\u2019un retour.<\/p>\n<p><strong>J&rsquo;ai donn\u00e9 une adresse de livraison incorrecte!<\/strong><\/p>\n<p>Avez-vous accidentellement donn\u00e9 une adresse de livraison incorrecte? Prenez alors le plus rapidement possible contact avec nous. Nous essayerons alors de modifier votre commande.<\/p>\n<p><a href=\"https:\/\/bluecup.nl\/wp\/wp-content\/uploads\/2017\/02\/FORMULAIRE-RELATIF-AU-DELAI-DE-RETRACTATION.pdf\" target=\"_blank\">FORMULAIRE RELATIF AU DELAI DE RETRACTATION &#8211; pdf<\/a><\/p>\n","protected":false},"excerpt":{"rendered":"<p>Temps de r\u00e9flexion\/retour Il peut arriver que vous vouliez renvoyer une commande. Peut-\u00eatre parce que le produit ne vous convient quand m\u00eame pas ou peut-\u00eatre qu\u2019il y a une autre raison pour laquelle vous n\u2019ayez pas envie de l\u2019avoir. Peu importe la raison, vous avez le droit d&rsquo;annuler votre commande dans les 14 jours apr\u00e8s &hellip; <a href=\"https:\/\/bluecup.nl\/fr\/retours\/\">Continued<\/a><\/p>\n","protected":false},"author":449,"featured_media":0,"parent":0,"menu_order":0,"comment_status":"closed","ping_status":"closed","template":"template-custom.php","meta":{"_acf_changed":false,"footnotes":""},"class_list":["post-756","page","type-page","status-publish","hentry"],"acf":[],"yoast_head":"<!-- This site is optimized with the Yoast SEO plugin v27.4 - https:\/\/yoast.com\/product\/yoast-seo-wordpress\/ -->\n<title>Retours - Bluecup - reusable Nespresso pod<\/title>\n<meta name=\"description\" content=\"You have the right to cancel your order within 14 days after the day you received your goods without giving any reason\" \/>\n<meta name=\"robots\" content=\"index, follow, max-snippet:-1, max-image-preview:large, max-video-preview:-1\" \/>\n<link rel=\"canonical\" href=\"https:\/\/bluecup.nl\/fr\/retours\/\" \/>\n<meta property=\"og:locale\" content=\"fr_FR\" \/>\n<meta property=\"og:type\" content=\"article\" \/>\n<meta property=\"og:title\" content=\"Retours - Bluecup - reusable Nespresso pod\" \/>\n<meta property=\"og:description\" content=\"You have the right to cancel your order within 14 days after the day you received your goods without giving any reason\" \/>\n<meta property=\"og:url\" content=\"https:\/\/bluecup.nl\/fr\/retours\/\" \/>\n<meta property=\"og:site_name\" content=\"Bluecup - reusable Nespresso pod\" \/>\n<meta property=\"article:publisher\" content=\"https:\/\/www.facebook.com\/cupyourcoffee\/\" \/>\n<meta property=\"article:modified_time\" content=\"2017-05-19T09:33:27+00:00\" \/>\n<meta name=\"twitter:card\" content=\"summary_large_image\" \/>\n<meta name=\"twitter:label1\" content=\"Dur\u00e9e de lecture estim\u00e9e\" \/>\n\t<meta name=\"twitter:data1\" content=\"2 minutes\" \/>\n<script type=\"application\/ld+json\" class=\"yoast-schema-graph\">{\"@context\":\"https:\\\/\\\/schema.org\",\"@graph\":[{\"@type\":\"WebPage\",\"@id\":\"https:\\\/\\\/bluecup.nl\\\/fr\\\/retours\\\/\",\"url\":\"https:\\\/\\\/bluecup.nl\\\/fr\\\/retours\\\/\",\"name\":\"Retours - Bluecup - reusable Nespresso pod\",\"isPartOf\":{\"@id\":\"https:\\\/\\\/bluecup.nl\\\/#website\"},\"datePublished\":\"2017-02-08T12:38:31+00:00\",\"dateModified\":\"2017-05-19T09:33:27+00:00\",\"description\":\"You have the right to cancel your order within 14 days after the day you received your goods without giving any reason\",\"breadcrumb\":{\"@id\":\"https:\\\/\\\/bluecup.nl\\\/fr\\\/retours\\\/#breadcrumb\"},\"inLanguage\":\"fr-FR\",\"potentialAction\":[{\"@type\":\"ReadAction\",\"target\":[\"https:\\\/\\\/bluecup.nl\\\/fr\\\/retours\\\/\"]}]},{\"@type\":\"BreadcrumbList\",\"@id\":\"https:\\\/\\\/bluecup.nl\\\/fr\\\/retours\\\/#breadcrumb\",\"itemListElement\":[{\"@type\":\"ListItem\",\"position\":1,\"name\":\"Home\",\"item\":\"https:\\\/\\\/bluecup.nl\\\/fr\\\/\"},{\"@type\":\"ListItem\",\"position\":2,\"name\":\"Retours\"}]},{\"@type\":\"WebSite\",\"@id\":\"https:\\\/\\\/bluecup.nl\\\/#website\",\"url\":\"https:\\\/\\\/bluecup.nl\\\/\",\"name\":\"Bluecup - reusable Nespresso pod\",\"description\":\"Refillable, reusable Nespresso capsule\",\"publisher\":{\"@id\":\"https:\\\/\\\/bluecup.nl\\\/#organization\"},\"potentialAction\":[{\"@type\":\"SearchAction\",\"target\":{\"@type\":\"EntryPoint\",\"urlTemplate\":\"https:\\\/\\\/bluecup.nl\\\/?s={search_term_string}\"},\"query-input\":{\"@type\":\"PropertyValueSpecification\",\"valueRequired\":true,\"valueName\":\"search_term_string\"}}],\"inLanguage\":\"fr-FR\"},{\"@type\":\"Organization\",\"@id\":\"https:\\\/\\\/bluecup.nl\\\/#organization\",\"name\":\"Bluecup reusable Nespresso pods\",\"url\":\"https:\\\/\\\/bluecup.nl\\\/\",\"logo\":{\"@type\":\"ImageObject\",\"inLanguage\":\"fr-FR\",\"@id\":\"https:\\\/\\\/bluecup.nl\\\/#\\\/schema\\\/logo\\\/image\\\/\",\"url\":\"https:\\\/\\\/bluecup.nl\\\/wp\\\/wp-content\\\/uploads\\\/2018\\\/06\\\/Bluecup-Icoon.jpg\",\"contentUrl\":\"https:\\\/\\\/bluecup.nl\\\/wp\\\/wp-content\\\/uploads\\\/2018\\\/06\\\/Bluecup-Icoon.jpg\",\"width\":864,\"height\":884,\"caption\":\"Bluecup reusable Nespresso pods\"},\"image\":{\"@id\":\"https:\\\/\\\/bluecup.nl\\\/#\\\/schema\\\/logo\\\/image\\\/\"},\"sameAs\":[\"https:\\\/\\\/www.facebook.com\\\/cupyourcoffee\\\/\"]}]}<\/script>\n<!-- \/ Yoast SEO plugin. -->","yoast_head_json":{"title":"Retours - Bluecup - reusable Nespresso pod","description":"You have the right to cancel your order within 14 days after the day you received your goods without giving any reason","robots":{"index":"index","follow":"follow","max-snippet":"max-snippet:-1","max-image-preview":"max-image-preview:large","max-video-preview":"max-video-preview:-1"},"canonical":"https:\/\/bluecup.nl\/fr\/retours\/","og_locale":"fr_FR","og_type":"article","og_title":"Retours - Bluecup - reusable Nespresso pod","og_description":"You have the right to cancel your order within 14 days after the day you received your goods without giving any reason","og_url":"https:\/\/bluecup.nl\/fr\/retours\/","og_site_name":"Bluecup - reusable Nespresso pod","article_publisher":"https:\/\/www.facebook.com\/cupyourcoffee\/","article_modified_time":"2017-05-19T09:33:27+00:00","twitter_card":"summary_large_image","twitter_misc":{"Dur\u00e9e de lecture estim\u00e9e":"2 minutes"},"schema":{"@context":"https:\/\/schema.org","@graph":[{"@type":"WebPage","@id":"https:\/\/bluecup.nl\/fr\/retours\/","url":"https:\/\/bluecup.nl\/fr\/retours\/","name":"Retours - Bluecup - reusable Nespresso pod","isPartOf":{"@id":"https:\/\/bluecup.nl\/#website"},"datePublished":"2017-02-08T12:38:31+00:00","dateModified":"2017-05-19T09:33:27+00:00","description":"You have the right to cancel your order within 14 days after the day you received your goods without giving any reason","breadcrumb":{"@id":"https:\/\/bluecup.nl\/fr\/retours\/#breadcrumb"},"inLanguage":"fr-FR","potentialAction":[{"@type":"ReadAction","target":["https:\/\/bluecup.nl\/fr\/retours\/"]}]},{"@type":"BreadcrumbList","@id":"https:\/\/bluecup.nl\/fr\/retours\/#breadcrumb","itemListElement":[{"@type":"ListItem","position":1,"name":"Home","item":"https:\/\/bluecup.nl\/fr\/"},{"@type":"ListItem","position":2,"name":"Retours"}]},{"@type":"WebSite","@id":"https:\/\/bluecup.nl\/#website","url":"https:\/\/bluecup.nl\/","name":"Bluecup - reusable Nespresso pod","description":"Refillable, reusable Nespresso capsule","publisher":{"@id":"https:\/\/bluecup.nl\/#organization"},"potentialAction":[{"@type":"SearchAction","target":{"@type":"EntryPoint","urlTemplate":"https:\/\/bluecup.nl\/?s={search_term_string}"},"query-input":{"@type":"PropertyValueSpecification","valueRequired":true,"valueName":"search_term_string"}}],"inLanguage":"fr-FR"},{"@type":"Organization","@id":"https:\/\/bluecup.nl\/#organization","name":"Bluecup reusable Nespresso pods","url":"https:\/\/bluecup.nl\/","logo":{"@type":"ImageObject","inLanguage":"fr-FR","@id":"https:\/\/bluecup.nl\/#\/schema\/logo\/image\/","url":"https:\/\/bluecup.nl\/wp\/wp-content\/uploads\/2018\/06\/Bluecup-Icoon.jpg","contentUrl":"https:\/\/bluecup.nl\/wp\/wp-content\/uploads\/2018\/06\/Bluecup-Icoon.jpg","width":864,"height":884,"caption":"Bluecup reusable Nespresso pods"},"image":{"@id":"https:\/\/bluecup.nl\/#\/schema\/logo\/image\/"},"sameAs":["https:\/\/www.facebook.com\/cupyourcoffee\/"]}]}},"_links":{"self":[{"href":"https:\/\/bluecup.nl\/fr\/wp-json\/wp\/v2\/pages\/756","targetHints":{"allow":["GET"]}}],"collection":[{"href":"https:\/\/bluecup.nl\/fr\/wp-json\/wp\/v2\/pages"}],"about":[{"href":"https:\/\/bluecup.nl\/fr\/wp-json\/wp\/v2\/types\/page"}],"author":[{"embeddable":true,"href":"https:\/\/bluecup.nl\/fr\/wp-json\/wp\/v2\/users\/449"}],"replies":[{"embeddable":true,"href":"https:\/\/bluecup.nl\/fr\/wp-json\/wp\/v2\/comments?post=756"}],"version-history":[{"count":4,"href":"https:\/\/bluecup.nl\/fr\/wp-json\/wp\/v2\/pages\/756\/revisions"}],"predecessor-version":[{"id":846,"href":"https:\/\/bluecup.nl\/fr\/wp-json\/wp\/v2\/pages\/756\/revisions\/846"}],"wp:attachment":[{"href":"https:\/\/bluecup.nl\/fr\/wp-json\/wp\/v2\/media?parent=756"}],"curies":[{"name":"wp","href":"https:\/\/api.w.org\/{rel}","templated":true}]}}