{"id":777,"date":"2016-07-20T09:29:25","date_gmt":"2016-07-20T07:29:25","guid":{"rendered":"https:\/\/bluecup.nl\/about-us\/"},"modified":"2017-05-24T12:13:00","modified_gmt":"2017-05-24T10:13:00","slug":"a-propos-de-nous","status":"publish","type":"page","link":"https:\/\/bluecup.nl\/fr\/a-propos-de-nous\/","title":{"rendered":"\u00c0 propos de nous"},"content":{"rendered":"<h2>Notre philosophie est la v\u00f4tre<\/h2>\n<p>Bluecup est une initiative d&rsquo;amateurs passionn\u00e9s d&rsquo;expresso, ayant une pr\u00e9f\u00e9rence pour les expressos obtenus avec une machine Nespresso. Des hommes avec le sens du go\u00fbt, menant \u00e9galement une vie consciencieuse.<\/p>\n<p>Pour ces passionn\u00e9s, les capsules pr\u00e9-remplies de Nespresso \u00e9taient per\u00e7ues comme une solution qui emp\u00eachait le consommateur de choisir librement son caf\u00e9, qui nuisait \u00e0 l&rsquo;environnement et qui augmentait le prix d&rsquo;un expresso.<\/p>\n<p>Leur souhait \u00e9tait d&rsquo;obtenir un expresso plus respectueux de l&rsquo;environnement tout en utilisant leur propre caf\u00e9, que ce soit sen grain ou moulu. Ce souhait mena \u00e0 une recherche innovante et finalement au d\u00e9veloppement de Bluecup. Bluecup est une invention brevet\u00e9e qui repr\u00e9sente une v\u00e9ritable r\u00e9volution dans le domaine de l&rsquo;obtention d&rsquo;un expresso pur.<\/p>\n<p>Donc&#8230;. expresso yourself\u00a0!<\/p>\n","protected":false},"excerpt":{"rendered":"<p>Notre philosophie est la v\u00f4tre Bluecup est une initiative d&rsquo;amateurs passionn\u00e9s d&rsquo;expresso, ayant une pr\u00e9f\u00e9rence pour les expressos obtenus avec une machine Nespresso. Des hommes avec le sens du go\u00fbt, menant \u00e9galement une vie consciencieuse. Pour ces passionn\u00e9s, les capsules pr\u00e9-remplies de Nespresso \u00e9taient per\u00e7ues comme une solution qui emp\u00eachait le consommateur de choisir librement &hellip; <a href=\"https:\/\/bluecup.nl\/fr\/a-propos-de-nous\/\">Continued<\/a><\/p>\n","protected":false},"author":449,"featured_media":779,"parent":0,"menu_order":0,"comment_status":"closed","ping_status":"closed","template":"","meta":{"_acf_changed":false,"footnotes":""},"class_list":["post-777","page","type-page","status-publish","has-post-thumbnail","hentry"],"acf":[],"yoast_head":"<!-- This site is optimized with the Yoast SEO plugin v27.3 - https:\/\/yoast.com\/product\/yoast-seo-wordpress\/ -->\n<title>\u00c0 propos de nous - Bluecup - reusable Nespresso pod<\/title>\n<meta name=\"robots\" content=\"index, follow, max-snippet:-1, max-image-preview:large, max-video-preview:-1\" \/>\n<link rel=\"canonical\" href=\"https:\/\/bluecup.nl\/fr\/a-propos-de-nous\/\" \/>\n<meta property=\"og:locale\" content=\"fr_FR\" \/>\n<meta property=\"og:type\" content=\"article\" \/>\n<meta property=\"og:title\" content=\"\u00c0 propos de nous - Bluecup - reusable Nespresso pod\" \/>\n<meta property=\"og:description\" content=\"Notre philosophie est la v\u00f4tre Bluecup est une initiative d&rsquo;amateurs passionn\u00e9s d&rsquo;expresso, ayant une pr\u00e9f\u00e9rence pour les expressos obtenus avec une machine Nespresso. Des hommes avec le sens du go\u00fbt, menant \u00e9galement une vie consciencieuse. Pour ces passionn\u00e9s, les capsules pr\u00e9-remplies de Nespresso \u00e9taient per\u00e7ues comme une solution qui emp\u00eachait le consommateur de choisir librement &hellip; Continued\" \/>\n<meta property=\"og:url\" content=\"https:\/\/bluecup.nl\/fr\/a-propos-de-nous\/\" \/>\n<meta property=\"og:site_name\" content=\"Bluecup - reusable Nespresso pod\" \/>\n<meta property=\"article:publisher\" content=\"https:\/\/www.facebook.com\/cupyourcoffee\/\" \/>\n<meta property=\"article:modified_time\" content=\"2017-05-24T10:13:00+00:00\" \/>\n<meta property=\"og:image\" content=\"https:\/\/bluecup.nl\/wp\/wp-content\/uploads\/2016\/11\/barista.jpg\" \/>\n\t<meta property=\"og:image:width\" content=\"1280\" \/>\n\t<meta property=\"og:image:height\" content=\"853\" \/>\n\t<meta property=\"og:image:type\" content=\"image\/jpeg\" \/>\n<meta name=\"twitter:card\" content=\"summary_large_image\" \/>\n<meta name=\"twitter:label1\" content=\"Dur\u00e9e de lecture estim\u00e9e\" \/>\n\t<meta name=\"twitter:data1\" content=\"1 minute\" \/>\n<script type=\"application\/ld+json\" class=\"yoast-schema-graph\">{\"@context\":\"https:\\\/\\\/schema.org\",\"@graph\":[{\"@type\":\"WebPage\",\"@id\":\"https:\\\/\\\/bluecup.nl\\\/fr\\\/a-propos-de-nous\\\/\",\"url\":\"https:\\\/\\\/bluecup.nl\\\/fr\\\/a-propos-de-nous\\\/\",\"name\":\"\u00c0 propos de nous - Bluecup - reusable Nespresso pod\",\"isPartOf\":{\"@id\":\"https:\\\/\\\/bluecup.nl\\\/#website\"},\"primaryImageOfPage\":{\"@id\":\"https:\\\/\\\/bluecup.nl\\\/fr\\\/a-propos-de-nous\\\/#primaryimage\"},\"image\":{\"@id\":\"https:\\\/\\\/bluecup.nl\\\/fr\\\/a-propos-de-nous\\\/#primaryimage\"},\"thumbnailUrl\":\"https:\\\/\\\/bluecup.nl\\\/wp\\\/wp-content\\\/uploads\\\/2016\\\/11\\\/barista.jpg\",\"datePublished\":\"2016-07-20T07:29:25+00:00\",\"dateModified\":\"2017-05-24T10:13:00+00:00\",\"breadcrumb\":{\"@id\":\"https:\\\/\\\/bluecup.nl\\\/fr\\\/a-propos-de-nous\\\/#breadcrumb\"},\"inLanguage\":\"fr-FR\",\"potentialAction\":[{\"@type\":\"ReadAction\",\"target\":[\"https:\\\/\\\/bluecup.nl\\\/fr\\\/a-propos-de-nous\\\/\"]}]},{\"@type\":\"ImageObject\",\"inLanguage\":\"fr-FR\",\"@id\":\"https:\\\/\\\/bluecup.nl\\\/fr\\\/a-propos-de-nous\\\/#primaryimage\",\"url\":\"https:\\\/\\\/bluecup.nl\\\/wp\\\/wp-content\\\/uploads\\\/2016\\\/11\\\/barista.jpg\",\"contentUrl\":\"https:\\\/\\\/bluecup.nl\\\/wp\\\/wp-content\\\/uploads\\\/2016\\\/11\\\/barista.jpg\",\"width\":1280,\"height\":853},{\"@type\":\"BreadcrumbList\",\"@id\":\"https:\\\/\\\/bluecup.nl\\\/fr\\\/a-propos-de-nous\\\/#breadcrumb\",\"itemListElement\":[{\"@type\":\"ListItem\",\"position\":1,\"name\":\"Home\",\"item\":\"https:\\\/\\\/bluecup.nl\\\/fr\\\/\"},{\"@type\":\"ListItem\",\"position\":2,\"name\":\"\u00c0 propos de nous\"}]},{\"@type\":\"WebSite\",\"@id\":\"https:\\\/\\\/bluecup.nl\\\/#website\",\"url\":\"https:\\\/\\\/bluecup.nl\\\/\",\"name\":\"Bluecup - reusable Nespresso pod\",\"description\":\"Refillable, reusable Nespresso capsule\",\"publisher\":{\"@id\":\"https:\\\/\\\/bluecup.nl\\\/#organization\"},\"potentialAction\":[{\"@type\":\"SearchAction\",\"target\":{\"@type\":\"EntryPoint\",\"urlTemplate\":\"https:\\\/\\\/bluecup.nl\\\/?s={search_term_string}\"},\"query-input\":{\"@type\":\"PropertyValueSpecification\",\"valueRequired\":true,\"valueName\":\"search_term_string\"}}],\"inLanguage\":\"fr-FR\"},{\"@type\":\"Organization\",\"@id\":\"https:\\\/\\\/bluecup.nl\\\/#organization\",\"name\":\"Bluecup reusable Nespresso pods\",\"url\":\"https:\\\/\\\/bluecup.nl\\\/\",\"logo\":{\"@type\":\"ImageObject\",\"inLanguage\":\"fr-FR\",\"@id\":\"https:\\\/\\\/bluecup.nl\\\/#\\\/schema\\\/logo\\\/image\\\/\",\"url\":\"https:\\\/\\\/bluecup.nl\\\/wp\\\/wp-content\\\/uploads\\\/2018\\\/06\\\/Bluecup-Icoon.jpg\",\"contentUrl\":\"https:\\\/\\\/bluecup.nl\\\/wp\\\/wp-content\\\/uploads\\\/2018\\\/06\\\/Bluecup-Icoon.jpg\",\"width\":864,\"height\":884,\"caption\":\"Bluecup reusable Nespresso pods\"},\"image\":{\"@id\":\"https:\\\/\\\/bluecup.nl\\\/#\\\/schema\\\/logo\\\/image\\\/\"},\"sameAs\":[\"https:\\\/\\\/www.facebook.com\\\/cupyourcoffee\\\/\"]}]}<\/script>\n<!-- \/ Yoast SEO plugin. -->","yoast_head_json":{"title":"\u00c0 propos de nous - Bluecup - reusable Nespresso pod","robots":{"index":"index","follow":"follow","max-snippet":"max-snippet:-1","max-image-preview":"max-image-preview:large","max-video-preview":"max-video-preview:-1"},"canonical":"https:\/\/bluecup.nl\/fr\/a-propos-de-nous\/","og_locale":"fr_FR","og_type":"article","og_title":"\u00c0 propos de nous - Bluecup - reusable Nespresso pod","og_description":"Notre philosophie est la v\u00f4tre Bluecup est une initiative d&rsquo;amateurs passionn\u00e9s d&rsquo;expresso, ayant une pr\u00e9f\u00e9rence pour les expressos obtenus avec une machine Nespresso. Des hommes avec le sens du go\u00fbt, menant \u00e9galement une vie consciencieuse. Pour ces passionn\u00e9s, les capsules pr\u00e9-remplies de Nespresso \u00e9taient per\u00e7ues comme une solution qui emp\u00eachait le consommateur de choisir librement &hellip; Continued","og_url":"https:\/\/bluecup.nl\/fr\/a-propos-de-nous\/","og_site_name":"Bluecup - reusable Nespresso pod","article_publisher":"https:\/\/www.facebook.com\/cupyourcoffee\/","article_modified_time":"2017-05-24T10:13:00+00:00","og_image":[{"width":1280,"height":853,"url":"https:\/\/bluecup.nl\/wp\/wp-content\/uploads\/2016\/11\/barista.jpg","type":"image\/jpeg"}],"twitter_card":"summary_large_image","twitter_misc":{"Dur\u00e9e de lecture estim\u00e9e":"1 minute"},"schema":{"@context":"https:\/\/schema.org","@graph":[{"@type":"WebPage","@id":"https:\/\/bluecup.nl\/fr\/a-propos-de-nous\/","url":"https:\/\/bluecup.nl\/fr\/a-propos-de-nous\/","name":"\u00c0 propos de nous - Bluecup - reusable Nespresso pod","isPartOf":{"@id":"https:\/\/bluecup.nl\/#website"},"primaryImageOfPage":{"@id":"https:\/\/bluecup.nl\/fr\/a-propos-de-nous\/#primaryimage"},"image":{"@id":"https:\/\/bluecup.nl\/fr\/a-propos-de-nous\/#primaryimage"},"thumbnailUrl":"https:\/\/bluecup.nl\/wp\/wp-content\/uploads\/2016\/11\/barista.jpg","datePublished":"2016-07-20T07:29:25+00:00","dateModified":"2017-05-24T10:13:00+00:00","breadcrumb":{"@id":"https:\/\/bluecup.nl\/fr\/a-propos-de-nous\/#breadcrumb"},"inLanguage":"fr-FR","potentialAction":[{"@type":"ReadAction","target":["https:\/\/bluecup.nl\/fr\/a-propos-de-nous\/"]}]},{"@type":"ImageObject","inLanguage":"fr-FR","@id":"https:\/\/bluecup.nl\/fr\/a-propos-de-nous\/#primaryimage","url":"https:\/\/bluecup.nl\/wp\/wp-content\/uploads\/2016\/11\/barista.jpg","contentUrl":"https:\/\/bluecup.nl\/wp\/wp-content\/uploads\/2016\/11\/barista.jpg","width":1280,"height":853},{"@type":"BreadcrumbList","@id":"https:\/\/bluecup.nl\/fr\/a-propos-de-nous\/#breadcrumb","itemListElement":[{"@type":"ListItem","position":1,"name":"Home","item":"https:\/\/bluecup.nl\/fr\/"},{"@type":"ListItem","position":2,"name":"\u00c0 propos de nous"}]},{"@type":"WebSite","@id":"https:\/\/bluecup.nl\/#website","url":"https:\/\/bluecup.nl\/","name":"Bluecup - reusable Nespresso pod","description":"Refillable, reusable Nespresso capsule","publisher":{"@id":"https:\/\/bluecup.nl\/#organization"},"potentialAction":[{"@type":"SearchAction","target":{"@type":"EntryPoint","urlTemplate":"https:\/\/bluecup.nl\/?s={search_term_string}"},"query-input":{"@type":"PropertyValueSpecification","valueRequired":true,"valueName":"search_term_string"}}],"inLanguage":"fr-FR"},{"@type":"Organization","@id":"https:\/\/bluecup.nl\/#organization","name":"Bluecup reusable Nespresso pods","url":"https:\/\/bluecup.nl\/","logo":{"@type":"ImageObject","inLanguage":"fr-FR","@id":"https:\/\/bluecup.nl\/#\/schema\/logo\/image\/","url":"https:\/\/bluecup.nl\/wp\/wp-content\/uploads\/2018\/06\/Bluecup-Icoon.jpg","contentUrl":"https:\/\/bluecup.nl\/wp\/wp-content\/uploads\/2018\/06\/Bluecup-Icoon.jpg","width":864,"height":884,"caption":"Bluecup reusable Nespresso pods"},"image":{"@id":"https:\/\/bluecup.nl\/#\/schema\/logo\/image\/"},"sameAs":["https:\/\/www.facebook.com\/cupyourcoffee\/"]}]}},"_links":{"self":[{"href":"https:\/\/bluecup.nl\/fr\/wp-json\/wp\/v2\/pages\/777","targetHints":{"allow":["GET"]}}],"collection":[{"href":"https:\/\/bluecup.nl\/fr\/wp-json\/wp\/v2\/pages"}],"about":[{"href":"https:\/\/bluecup.nl\/fr\/wp-json\/wp\/v2\/types\/page"}],"author":[{"embeddable":true,"href":"https:\/\/bluecup.nl\/fr\/wp-json\/wp\/v2\/users\/449"}],"replies":[{"embeddable":true,"href":"https:\/\/bluecup.nl\/fr\/wp-json\/wp\/v2\/comments?post=777"}],"version-history":[{"count":3,"href":"https:\/\/bluecup.nl\/fr\/wp-json\/wp\/v2\/pages\/777\/revisions"}],"predecessor-version":[{"id":860,"href":"https:\/\/bluecup.nl\/fr\/wp-json\/wp\/v2\/pages\/777\/revisions\/860"}],"wp:featuredmedia":[{"embeddable":true,"href":"https:\/\/bluecup.nl\/fr\/wp-json\/wp\/v2\/media\/779"}],"wp:attachment":[{"href":"https:\/\/bluecup.nl\/fr\/wp-json\/wp\/v2\/media?parent=777"}],"curies":[{"name":"wp","href":"https:\/\/api.w.org\/{rel}","templated":true}]}}